{"id":8209,"date":"2021-12-08T13:26:08","date_gmt":"2021-12-08T12:26:08","guid":{"rendered":"https:\/\/la-tuile.ch\/accueil\/"},"modified":"2025-11-16T23:06:34","modified_gmt":"2025-11-16T22:06:34","slug":"accueil","status":"publish","type":"page","link":"https:\/\/la-tuile.ch\/de\/","title":{"rendered":"Home"},"content":{"rendered":"\n\n\t<section class=\"section hide-for-medium\" id=\"section_1667788262\">\n\t\t<div class=\"section-bg fill\" >\n\t\t\t\t\t\t\t\t\t\n\t\t\t\n\n\t\t<\/div>\n\n\t\t\n\t<div class=\"ux-shape-divider ux-shape-divider--bottom ux-shape-divider--style-waves-opacity-3 ux-shape-divider--to-front\">\n\t\t<svg viewBox=\"0 0 1000 300\" xmlns=\"http:\/\/www.w3.org\/2000\/svg\" preserveAspectRatio=\"none\">\n\t<path class=\"ux-shape-fill\" opacity=\"0.05\" d=\"M1014 264V386H206L34 300C34 300 344.42 277.16 436 221C542 156 590 160 704 209C811 255 899.11 214.94 979 346L1014 264Z\"\/>\n\t<path class=\"ux-shape-fill\" opacity=\"0.1\" d=\"M-302 55C-302 55 -66.73 263.25 50 214C178 160 283 116 353 141C445.68 174.1 534.28 256.19 588 249C692.9 235 764.52 75.94 855 131C940.61 183.09 1000 254 1000 254V328L-306 338L-302 55Z\"\/>\n\t<path class=\"ux-shape-fill\" opacity=\"0.15\" d=\"M-286 255C-286 255 -72 152 52 126C176 100 255 155 436 227C581.57 284.91 614.7 277.79 708 227C787 184 1009 3.0001 1093 164C1146 265.63 1031 293 1031 293L924 377L-288 389L-286 255Z\"\/>\n\t<path class=\"ux-shape-fill\" opacity=\"0.3\" d=\"M-24 69C-24 69 275.68 370.66 389 314C397 310 622 316 673 356C690.47 369.7 845 224 890 182C944.8 130.85 1018 92 1078 143C1154.12 207.7 1196 242 1196 242L1184 374L-28 386L-24 69Z\"\/>\n\t<path class=\"ux-shape-fill\" d=\"M-12 201C-12 201 58 284 182 258C306 232 342.29 221.23 456 264C565 305 640.82 288.36 721 249C776 222 837.5 191.31 935 253C984 284 1030 279 1030 279L1024 430L-12 440V201Z\"\/>\n<\/svg>\n\t<\/div>\n\n\t\t<div class=\"section-content relative\">\n\t\t\t\n\n<div class=\"slider-wrapper relative\" id=\"slider-315497779\" style=\"background-color:rgb(255, 255, 255);\">\n    <div class=\"slider slider-type-fade slider-nav-dots-dashes-spaced slider-nav-simple slider-nav-normal slider-nav-light slider-style-normal\"\n        data-flickity-options='{\n            \"cellAlign\": \"center\",\n            \"imagesLoaded\": true,\n            \"lazyLoad\": 1,\n            \"freeScroll\": false,\n            \"wrapAround\": true,\n            \"autoPlay\": false,\n            \"pauseAutoPlayOnHover\" : false,\n            \"prevNextButtons\": false,\n            \"contain\" : true,\n            \"adaptiveHeight\" : true,\n            \"dragThreshold\" : 10,\n            \"percentPosition\": true,\n            \"pageDots\": false,\n            \"rightToLeft\": false,\n            \"draggable\": true,\n            \"selectedAttraction\": 0.1,\n            \"parallax\" : 0,\n            \"friction\": 0.6        }'\n        >\n        \n\n\n\t<section class=\"section\" id=\"section_714664548\">\n\t\t<div class=\"section-bg fill\" >\n\t\t\t<img loading=\"lazy\" decoding=\"async\" width=\"1920\" height=\"600\" src=\"https:\/\/la-tuile.ch\/wp-content\/uploads\/2022\/09\/Home-slider.jpg\" class=\"bg attachment-original size-original\" alt=\"\" \/>\t\t\t\t\t\t\n\t\t\t\n\n\t\t<\/div>\n\n\t\t\n\n\t\t<div class=\"section-content relative\">\n\t\t\t\n\n<div class=\"row\" style=\"max-width:1300px\" id=\"row-46837698\">\n\n\n\t<div id=\"col-58522202\" class=\"col medium-8 small-12 large-5\"  data-animate=\"fadeInLeft\">\n\t\t\t\t<div class=\"col-inner text-shadow-1\" style=\"background-color:rgba(255, 255, 255, 0.709);\" >\n\t\t\t\n\t\t\t\n\n\t<div id=\"text-3205153978\" class=\"text\">\n\t\t\n\n<h6><span lang=\"de-CH\">Notschlafstelle und Vorrichtung zur Wieder<\/span><span lang=\"de-CH\">eingliederung durch Wohnungen<br>\ndes Kantons Freiburg<\/span><\/h6>\n<h1><span style=\"font-size: 90%;\"><span lang=\"de-CH\">Ein Dach f\u00fcr alle!<\/span><\/span><\/h1>\n<p class=\"lead\"><span lang=\"de-CH\">La Tuile \u00f6ffnet ihre T\u00fcren ohne Voranmeldung f\u00fcr alle Personen, die sich aus welchen Gr\u00fcnden auch immer in einer Notlage befinden.<\/span><\/p>\n\t\t\n<style>\n#text-3205153978 {\n  font-size: 1rem;\n  text-align: left;\n}\n<\/style>\n\t<\/div>\n\t\n\n\t\t<\/div>\n\t\t\t\t\n<style>\n#col-58522202 > .col-inner {\n  padding: 16px 6px 11px 17px;\n  margin: 0px 0px 0px 0;\n  border-radius: 53px;\n}\n<\/style>\n\t<\/div>\n\n\t\n\n<\/div>\n\n\t\t<\/div>\n\n\t\t\n<style>\n#section_714664548 {\n  padding-top: 0px;\n  padding-bottom: 0px;\n  min-height: 500px;\n}\n#section_714664548 .section-bg-overlay {\n  background-color: rgba(255, 255, 255, 0.7);\n}\n#section_714664548 .section-bg img {\n  object-position: 93% 49%;\n}\n@media (min-width:550px) {\n  #section_714664548 {\n    min-height: 600px;\n  }\n  #section_714664548 .section-bg-overlay {\n    background-color: rgba(255, 255, 255, 0.2);\n  }\n}\n<\/style>\n\t<\/section>\n\t\n\n     <\/div>\n\n     <div class=\"loading-spin dark large centered\"><\/div>\n\n\t<\/div>\n\n\n\n\t\t<\/div>\n\n\t\t\n<style>\n#section_1667788262 {\n  padding-top: 0px;\n  padding-bottom: 0px;\n  background-color: rgb(255, 255, 255);\n}\n#section_1667788262 .ux-shape-divider--bottom svg {\n  height: 150px;\n  --divider-width: 113%;\n}\n#section_1667788262 .ux-shape-divider--bottom .ux-shape-fill {\n  fill: rgb(255, 255, 255);\n}\n<\/style>\n\t<\/section>\n\t\n\n\t<section class=\"section\" id=\"section_76325765\">\n\t\t<div class=\"section-bg fill\" >\n\t\t\t\t\t\t\t\t\t\n\t\t\t\n\n\t\t<\/div>\n\n\t\t\n\n\t\t<div class=\"section-content relative\">\n\t\t\t\n\n<div class=\"row align-center\"  id=\"row-1975940416\">\n\n\n\t<div id=\"col-945075593\" class=\"col medium-5 small-12 large-5\"  >\n\t\t\t\t<div class=\"col-inner text-left\"  >\n\t\t\t\n\t\t\t\n\n\t<div id=\"text-1881332624\" class=\"text\">\n\t\t\n\n<h2><b>Ich brauche<\/b><\/h2>\n\t\t\n<style>\n#text-1881332624 {\n  font-size: 1.75rem;\n  text-align: left;\n}\n@media (min-width:550px) {\n  #text-1881332624 {\n    font-size: 1.25rem;\n  }\n}\n@media (min-width:850px) {\n  #text-1881332624 {\n    font-size: 2rem;\n  }\n}\n<\/style>\n\t<\/div>\n\t\n<p class=\"lead\">Wenn Sie eine Bleibe f\u00fcr die Nacht brauchen, finden Sie die Antworten auf Ihre Fragen auf dieser Webseite<\/p>\n<a data-animate=\"fadeInUp\" href=\"https:\/\/la-tuile.ch\/de\/ich-benoetige\/\" class=\"button secondary is-underline\" >\n\t\t<span>Mehr dar\u00fcber erfahren<\/span>\n\t<\/a>\n\n\n\n\t\t<\/div>\n\t\t\t\t\t<\/div>\n\n\t\n\n\t<div id=\"col-576952602\" class=\"col medium-5 small-12 large-5 small-col-first\"  data-animate=\"fadeInRight\">\n\t\t\t\t<div class=\"col-inner text-left\"  >\n\t\t\t\n\t\t\t\n\n\t<div class=\"img has-hover x md-x lg-x y md-y lg-y\" id=\"image_2112146020\">\n\t\t\t\t\t\t<div data-animate=\"fadeInRight\">\t\t<div class=\"img-inner dark\" >\n\t\t\t<img loading=\"lazy\" decoding=\"async\" width=\"462\" height=\"500\" src=\"https:\/\/la-tuile.ch\/wp-content\/uploads\/2022\/05\/personne08.jpg\" class=\"attachment-original size-original\" alt=\"\" srcset=\"https:\/\/la-tuile.ch\/wp-content\/uploads\/2022\/05\/personne08.jpg 462w, https:\/\/la-tuile.ch\/wp-content\/uploads\/2022\/05\/personne08-277x300.jpg 277w\" sizes=\"auto, (max-width: 462px) 100vw, 462px\" \/>\t\t\t\t\t\t\n\t\t\t\t\t<\/div>\n\t\t<\/div>\t\t\t\t\t\t\n<style>\n#image_2112146020 {\n  width: 85%;\n}\n<\/style>\n\t<\/div>\n\t\n\n\n\t\t<\/div>\n\t\t\t\t\n<style>\n#col-576952602 > .col-inner {\n  margin: 0px 0px 0px -22px;\n}\n<\/style>\n\t<\/div>\n\n\t\n\n\t<div id=\"col-1794472233\" class=\"col medium-5 small-12 large-5\"  data-animate=\"fadeInLeft\">\n\t\t\t\t<div class=\"col-inner text-right\"  >\n\t\t\t\n\t\t\t\n\n\t<div class=\"img has-hover x md-x lg-x y md-y lg-y\" id=\"image_2112134841\">\n\t\t\t\t\t\t\t\t<div class=\"img-inner dark\" >\n\t\t\t<img loading=\"lazy\" decoding=\"async\" width=\"393\" height=\"500\" src=\"https:\/\/la-tuile.ch\/wp-content\/uploads\/2022\/05\/personne02.jpg\" class=\"attachment-large size-large\" alt=\"\" srcset=\"https:\/\/la-tuile.ch\/wp-content\/uploads\/2022\/05\/personne02.jpg 393w, https:\/\/la-tuile.ch\/wp-content\/uploads\/2022\/05\/personne02-236x300.jpg 236w\" sizes=\"auto, (max-width: 393px) 100vw, 393px\" \/>\t\t\t\t\t\t\n\t\t\t\t\t<\/div>\n\t\t\t\t\t\t\t\t\n<style>\n#image_2112134841 {\n  width: 68%;\n}\n<\/style>\n\t<\/div>\n\t\n\n\n\t\t<\/div>\n\t\t\t\t\n<style>\n#col-1794472233 > .col-inner {\n  margin: -0 0px 0px 0px;\n}\n<\/style>\n\t<\/div>\n\n\t\n\n\t<div id=\"col-1803644425\" class=\"col medium-6 small-12 large-5\"  >\n\t\t\t\t<div class=\"col-inner\"  >\n\t\t\t\n\t\t\t\n\n\t<div id=\"text-1670127168\" class=\"text\">\n\t\t\n\n<h2>Ich interessiere<br>\n mich f\u00fcr<\/h2>\n\t\t\n<style>\n#text-1670127168 {\n  font-size: 2rem;\n  text-align: left;\n}\n<\/style>\n\t<\/div>\n\t\n<p class=\"lead\">Sie suchen Informationen \u00fcber die Angebote unseres Vereins? Detaillierte Informationen finden Sie hier:<\/p>\n<a data-animate=\"fadeInUp\" href=\"https:\/\/la-tuile.ch\/de\/ich-bin-interessiert\/\" class=\"button secondary is-underline\" >\n\t\t<span>Mehr dar\u00fcber erfahren<\/span>\n\t<\/a>\n\n\n\n\t\t<\/div>\n\t\t\t\t\n<style>\n#col-1803644425 > .col-inner {\n  padding: 0 0px 0px 0px;\n}\n@media (min-width:550px) {\n  #col-1803644425 > .col-inner {\n    padding: 0px 0px 0px 20px;\n  }\n}\n<\/style>\n\t<\/div>\n\n\t\n\n<\/div>\n\n\t\t<\/div>\n\n\t\t\n<style>\n#section_76325765 {\n  padding-top: 30px;\n  padding-bottom: 30px;\n}\n<\/style>\n\t<\/section>\n\t\n\n\t<section class=\"section\" id=\"section_490280944\">\n\t\t<div class=\"section-bg fill\" >\n\t\t\t\t\t\t\t\t\t\n\t\t\t\n\n\t\t<\/div>\n\n\t\t\n\n\t\t<div class=\"section-content relative\">\n\t\t\t\n\n\t<div id=\"gap-1530859677\" class=\"gap-element clearfix\" style=\"display:block; height:auto;\">\n\t\t\n<style>\n#gap-1530859677 {\n  padding-top: 25px;\n}\n<\/style>\n\t<\/div>\n\t\n\n<div class=\"row\"  id=\"row-1746465394\">\n\n\n\t<div id=\"col-407380575\" class=\"col small-12 large-12\"  >\n\t\t\t\t<div class=\"col-inner\"  >\n\t\t\t\n\t\t\t\n\n\t<div id=\"text-761001674\" class=\"text\">\n\t\t\n\n<h2>La Tuile in einigen Ziffern<\/h2>\n\t\t\n<style>\n#text-761001674 {\n  font-size: 2.25rem;\n  text-align: center;\n}\n<\/style>\n\t<\/div>\n\t\n\n\t\t<\/div>\n\t\t\t\t\t<\/div>\n\n\t\n\n<\/div>\n<div class=\"row row-solid\"  id=\"row-1592341218\">\n\n\n\t<div id=\"col-1897780800\" class=\"col medium-6 small-12 large-3\"  >\n\t\t\t\t<div class=\"col-inner\"  >\n\t\t\t\n\t\t\t\n\n\t<div id=\"text-326523234\" class=\"text\">\n\t\t\n\n<h2><span class=\"count-up\">+80<\/span><\/h2>\n\t\t\n<style>\n#text-326523234 {\n  font-size: 1.75rem;\n  text-align: center;\n  color: #f07910;\n}\n#text-326523234 > * {\n  color: #f07910;\n}\n<\/style>\n\t<\/div>\n\t\n\t<div id=\"text-250512255\" class=\"text\">\n\t\t\n\n<p>Pl\u00e4tze f\u00fcr das gesamte<br>Unterbringungseinrichtung<\/p>\n\t\t\n<style>\n#text-250512255 {\n  font-size: 1rem;\n  text-align: center;\n}\n<\/style>\n\t<\/div>\n\t\n\n\t\t<\/div>\n\t\t\t\t\t<\/div>\n\n\t\n\n\t<div id=\"col-1378914207\" class=\"col medium-6 small-12 large-3\"  >\n\t\t\t\t<div class=\"col-inner\"  >\n\t\t\t\n\t\t\t\n\n\t<div id=\"text-766218514\" class=\"text\">\n\t\t\n\n<h2><span class=\"count-up\">+10000<\/span><\/h2>\n\t\t\n<style>\n#text-766218514 {\n  font-size: 1.75rem;\n  text-align: center;\n  color: rgb(240, 121, 16);\n}\n#text-766218514 > * {\n  color: rgb(240, 121, 16);\n}\n<\/style>\n\t<\/div>\n\t\n\t<div id=\"text-3836173646\" class=\"text\">\n\t\t\n\n<p>\u00dcbernachtungen pro Jahr<\/p>\n\t\t\n<style>\n#text-3836173646 {\n  font-size: 1rem;\n  text-align: center;\n}\n<\/style>\n\t<\/div>\n\t\n\n\t\t<\/div>\n\t\t\t\t\t<\/div>\n\n\t\n\n\t<div id=\"col-1008534492\" class=\"col medium-6 small-12 large-3\"  >\n\t\t\t\t<div class=\"col-inner\"  >\n\t\t\t\n\t\t\t\n\n\t<div id=\"text-1916118949\" class=\"text\">\n\t\t\n\n<h2><span class=\"count-up\">+550<\/span><\/h2>\n\t\t\n<style>\n#text-1916118949 {\n  font-size: 1.75rem;\n  text-align: center;\n  color: #f07910;\n}\n#text-1916118949 > * {\n  color: #f07910;\n}\n<\/style>\n\t<\/div>\n\t\n\t<div id=\"text-3656960889\" class=\"text\">\n\t\t\n\n<p>aufgenommene Personen<br>jedes Jahr<\/p>\n\t\t\n<style>\n#text-3656960889 {\n  font-size: 1rem;\n  text-align: center;\n}\n<\/style>\n\t<\/div>\n\t\n\n\t\t<\/div>\n\t\t\t\t\t<\/div>\n\n\t\n\n\t<div id=\"col-897804649\" class=\"col medium-6 small-12 large-3\"  >\n\t\t\t\t<div class=\"col-inner\"  >\n\t\t\t\n\t\t\t\n\n\t<div id=\"text-127423533\" class=\"text\">\n\t\t\n\n<h2><span class=\"count-up\">+200000<\/span><\/h2>\n\t\t\n<style>\n#text-127423533 {\n  font-size: 1.75rem;\n  text-align: center;\n  color: #f07910;\n}\n#text-127423533 > * {\n  color: #f07910;\n}\n<\/style>\n\t<\/div>\n\t\n\t<div id=\"text-1239223290\" class=\"text\">\n\t\t\n\n<p>kumulierte \u00dcbernachtungen seit<br>1992<\/p>\n\t\t\n<style>\n#text-1239223290 {\n  font-size: 1rem;\n  text-align: center;\n}\n<\/style>\n\t<\/div>\n\t\n\n\t\t<\/div>\n\t\t\t\t\t<\/div>\n\n\t\n\n<\/div>\n\t<div id=\"gap-500938230\" class=\"gap-element clearfix\" style=\"display:block; height:auto;\">\n\t\t\n<style>\n#gap-500938230 {\n  padding-top: 25px;\n}\n<\/style>\n\t<\/div>\n\t\n\n\n\t\t<\/div>\n\n\t\t\n<style>\n#section_490280944 {\n  padding-top: 50px;\n  padding-bottom: 50px;\n  background-color: rgb(247, 247, 247);\n}\n<\/style>\n\t<\/section>\n\t\n\n\t<section class=\"section\" id=\"section_1895745845\">\n\t\t<div class=\"section-bg fill\" >\n\t\t\t\t\t\t\t\t\t\n\t\t\t\n\n\t\t<\/div>\n\n\t\t\n\n\t\t<div class=\"section-content relative\">\n\t\t\t\n\n\t<div id=\"gap-1512075237\" class=\"gap-element clearfix\" style=\"display:block; height:auto;\">\n\t\t\n<style>\n#gap-1512075237 {\n  padding-top: 40px;\n}\n<\/style>\n\t<\/div>\n\t\n\n<div class=\"row row-collapse\" style=\"max-width:1300px\" id=\"row-505576610\">\n\n\n\t<div id=\"col-1896789251\" class=\"col small-12 large-12\"  >\n\t\t\t\t<div class=\"col-inner text-center\" style=\"background-color:rgb(255, 255, 255);\" >\n\t\t\t\n\t\t\t\n\n\t<div id=\"text-1150078627\" class=\"text\">\n\t\t\n\n<h2>Haben Sie Fragen?<\/h2>\n\t\t\n<style>\n#text-1150078627 {\n  text-align: center;\n}\n<\/style>\n\t<\/div>\n\t\n<a href=\"https:\/\/la-tuile.ch\/de\/ich-bin-interessiert\/infos-kontakte\/\" class=\"button secondary is-outline\" style=\"border-radius:8px;\">\n\t\t<span>Kontaktieren Sie uns<\/span>\n\t<\/a>\n\n\n\n\t\t<\/div>\n\t\t\t\t\n<style>\n#col-1896789251 > .col-inner {\n  padding: 50px 10px 30px 10px;\n}\n@media (min-width:550px) {\n  #col-1896789251 > .col-inner {\n    padding: 50px 50px 30px 50px;\n  }\n}\n<\/style>\n\t<\/div>\n\n\t\n\n<\/div>\n\t<div id=\"gap-594855649\" class=\"gap-element clearfix\" style=\"display:block; height:auto;\">\n\t\t\n<style>\n#gap-594855649 {\n  padding-top: 30px;\n}\n<\/style>\n\t<\/div>\n\t\n\n\n\t\t<\/div>\n\n\t\t\n<style>\n#section_1895745845 {\n  padding-top: 0px;\n  padding-bottom: 0px;\n}\n<\/style>\n\t<\/section>\n\t\n\n","protected":false},"excerpt":{"rendered":"","protected":false},"author":1,"featured_media":0,"parent":0,"menu_order":0,"comment_status":"closed","ping_status":"closed","template":"page-blank.php","meta":{"_uag_custom_page_level_css":"","footnotes":""},"class_list":["post-8209","page","type-page","status-publish","hentry"],"uagb_featured_image_src":{"full":false,"thumbnail":false,"medium":false,"medium_large":false,"large":false,"1536x1536":false,"2048x2048":false,"woocommerce_thumbnail":false,"woocommerce_single":false,"woocommerce_gallery_thumbnail":false},"uagb_author_info":{"display_name":"LA TUILE","author_link":"https:\/\/la-tuile.ch\/de\/author\/s62schuler\/"},"uagb_comment_info":0,"uagb_excerpt":null,"_links":{"self":[{"href":"https:\/\/la-tuile.ch\/de\/wp-json\/wp\/v2\/pages\/8209","targetHints":{"allow":["GET"]}}],"collection":[{"href":"https:\/\/la-tuile.ch\/de\/wp-json\/wp\/v2\/pages"}],"about":[{"href":"https:\/\/la-tuile.ch\/de\/wp-json\/wp\/v2\/types\/page"}],"author":[{"embeddable":true,"href":"https:\/\/la-tuile.ch\/de\/wp-json\/wp\/v2\/users\/1"}],"replies":[{"embeddable":true,"href":"https:\/\/la-tuile.ch\/de\/wp-json\/wp\/v2\/comments?post=8209"}],"version-history":[{"count":3,"href":"https:\/\/la-tuile.ch\/de\/wp-json\/wp\/v2\/pages\/8209\/revisions"}],"predecessor-version":[{"id":10871,"href":"https:\/\/la-tuile.ch\/de\/wp-json\/wp\/v2\/pages\/8209\/revisions\/10871"}],"wp:attachment":[{"href":"https:\/\/la-tuile.ch\/de\/wp-json\/wp\/v2\/media?parent=8209"}],"curies":[{"name":"wp","href":"https:\/\/api.w.org\/{rel}","templated":true}]}}