{"id":8224,"date":"2022-05-15T15:35:45","date_gmt":"2022-05-15T13:35:45","guid":{"rendered":"https:\/\/la-tuile.ch\/ich-bin-interessiert\/nos-valeurs\/"},"modified":"2022-11-17T10:22:57","modified_gmt":"2022-11-17T09:22:57","slug":"unsere-werte","status":"publish","type":"page","link":"https:\/\/la-tuile.ch\/de\/ich-bin-interessiert\/unsere-werte\/","title":{"rendered":"Unsere Werte"},"content":{"rendered":"\n\n\t<section class=\"section\" id=\"section_1470532264\">\n\t\t<div class=\"section-bg fill\" >\n\t\t\t\t\t\t\t\t\t\n\t\t\t\n\n\t\t<\/div>\n\n\t\t\n\n\t\t<div class=\"section-content relative\">\n\t\t\t\n\n<div class=\"row\"  id=\"row-1923317849\">\n\n\n\t<div id=\"col-409684220\" class=\"col medium-7 small-12 large-6\"  >\n\t\t\t\t<div class=\"col-inner\"  >\n\t\t\t\n\t\t\t\n\n\t<div id=\"gap-135207025\" class=\"gap-element clearfix\" style=\"display:block; height:auto;\">\n\t\t\n<style>\n#gap-135207025 {\n  padding-top: 50px;\n}\n@media (min-width:850px) {\n  #gap-135207025 {\n    padding-top: 30px;\n  }\n}\n<\/style>\n\t<\/div>\n\t\n\n\t<div id=\"text-1633202379\" class=\"text\">\n\t\t\n\n<h2>Mit Wohlwollen empfangen<\/h2>\n\t\t\n<style>\n#text-1633202379 {\n  font-size: 2rem;\n  line-height: 1.45;\n  text-align: left;\n}\n<\/style>\n\t<\/div>\n\t\n<div class=\"is-divider divider clearfix\" style=\"margin-top:0.5em;margin-bottom:0.5em;max-width:100px;background-color:rgb(255, 138, 0);\"><\/div>\n\n\t<div id=\"text-2769427172\" class=\"text\">\n\t\t\n\n<h3 class=\"iconbox_content_title  \">Einen Weg aus der Notlage f\u00f6rdern<\/h3>\n\t\t\n<style>\n#text-2769427172 {\n  text-align: left;\n}\n<\/style>\n\t<\/div>\n\t\n\n\t\t<\/div>\n\t\t\t\t\t<\/div>\n\n\t\n\n<\/div>\n\n\t\t<\/div>\n\n\t\t\n<style>\n#section_1470532264 {\n  padding-top: 10px;\n  padding-bottom: 10px;\n}\n@media (min-width:550px) {\n  #section_1470532264 {\n    padding-top: 0px;\n    padding-bottom: 0px;\n  }\n}\n@media (min-width:850px) {\n  #section_1470532264 {\n    padding-top: 30px;\n    padding-bottom: 30px;\n  }\n}\n<\/style>\n\t<\/section>\n\t\n\n\t<section class=\"section\" id=\"section_179005771\">\n\t\t<div class=\"section-bg fill\" >\n\t\t\t\t\t\t\t\t\t\n\t\t\t\n\n\t\t<\/div>\n\n\t\t\n\n\t\t<div class=\"section-content relative\">\n\t\t\t\n\n<div class=\"row align-middle\"  id=\"row-1133270860\">\n\n\n\t<div id=\"col-2103482111\" class=\"col medium-6 small-12 large-6\"  >\n\t\t\t\t<div class=\"col-inner\"  >\n\t\t\t\n\t\t\t\n\n<h3>Unsere Werte<\/h3>\n<p>Die Einrichtung orientiert sich an Menschlichkeit \u2013 der Mensch und die Wahrung seiner Rechte stehen im Mittelpunkt. Durch unsere Berufst\u00e4tigkeit sind wir unmittelbar mit den Anliegen der Menschen, die bei uns Unterschlupf suchen, verbunden. Die Schaffung oder Aufrechterhaltung der Beziehungen zwischen den aufgenommenen Personen und ihrer Familie, dem Sozial- und Gesundheitsnetz sowie der Gesellschaft allgemein sind die wichtigsten Herausforderungen unseres Berufsalltags.<\/p>\n<p>Das Handeln von La Tuile ist auch ein b\u00fcrgerschaftliches Engagement, denn mit unseren Projekten k\u00f6nnen wir der sozialen und symbolischen Ausgrenzung von Menschen in prek\u00e4ren Lebenslagen entgegenwirken.<\/p>\n<p>\u00a0<\/p>\n\n\t\t<\/div>\n\t\t\t\t\t<\/div>\n\n\t\n\n\t<div id=\"col-313424584\" class=\"col medium-6 small-12 large-6\"  >\n\t\t\t\t<div class=\"col-inner\"  >\n\t\t\t\n\t\t\t\n\n\t<div id=\"text-2313348740\" class=\"text\">\n\t\t\n\n<h2><span dir=\"ltr\" role=\"presentation\">Unsere Arbeit ist Teil einer Dynamik der Wiedereingliederung durch Wohnen<\/span><\/h2>\n\t\t\n<style>\n#text-2313348740 {\n  color: #f07910;\n}\n#text-2313348740 > * {\n  color: #f07910;\n}\n<\/style>\n\t<\/div>\n\t\n\n\t\t<\/div>\n\t\t\t\t\n<style>\n#col-313424584 > .col-inner {\n  padding: 0px 0px 0px 30px;\n}\n<\/style>\n\t<\/div>\n\n\t\n\n<\/div>\n\t<div class=\"img has-hover hide-for-medium x md-x lg-x y md-y lg-y\" id=\"image_295048631\">\n\t\t\t\t\t\t<div data-animate=\"fadeInLeft\">\t\t<div class=\"img-inner dark\" >\n\t\t\t<img loading=\"lazy\" decoding=\"async\" width=\"1200\" height=\"777\" src=\"https:\/\/la-tuile.ch\/wp-content\/uploads\/2022\/05\/ambiance00.jpg\" class=\"attachment-original size-original\" alt=\"\" srcset=\"https:\/\/la-tuile.ch\/wp-content\/uploads\/2022\/05\/ambiance00.jpg 1200w, https:\/\/la-tuile.ch\/wp-content\/uploads\/2022\/05\/ambiance00-300x194.jpg 300w, https:\/\/la-tuile.ch\/wp-content\/uploads\/2022\/05\/ambiance00-1024x663.jpg 1024w, https:\/\/la-tuile.ch\/wp-content\/uploads\/2022\/05\/ambiance00-768x497.jpg 768w, https:\/\/la-tuile.ch\/wp-content\/uploads\/2022\/05\/ambiance00-600x389.jpg 600w\" sizes=\"auto, (max-width: 1200px) 100vw, 1200px\" \/>\t\t\t\t\t\t\n\t\t\t\t\t<\/div>\n\t\t<\/div>\t\t\t\t\t\t\n<style>\n#image_295048631 {\n  width: 55%;\n}\n<\/style>\n\t<\/div>\n\t\n\n\t<div class=\"img has-hover show-for-small x md-x lg-x y md-y lg-y\" id=\"image_709908502\">\n\t\t\t\t\t\t<div data-animate=\"fadeInLeft\">\t\t<div class=\"img-inner dark\" >\n\t\t\t<img loading=\"lazy\" decoding=\"async\" width=\"1200\" height=\"777\" src=\"https:\/\/la-tuile.ch\/wp-content\/uploads\/2022\/05\/ambiance00.jpg\" class=\"attachment-original size-original\" alt=\"\" srcset=\"https:\/\/la-tuile.ch\/wp-content\/uploads\/2022\/05\/ambiance00.jpg 1200w, https:\/\/la-tuile.ch\/wp-content\/uploads\/2022\/05\/ambiance00-300x194.jpg 300w, https:\/\/la-tuile.ch\/wp-content\/uploads\/2022\/05\/ambiance00-1024x663.jpg 1024w, https:\/\/la-tuile.ch\/wp-content\/uploads\/2022\/05\/ambiance00-768x497.jpg 768w, https:\/\/la-tuile.ch\/wp-content\/uploads\/2022\/05\/ambiance00-600x389.jpg 600w\" sizes=\"auto, (max-width: 1200px) 100vw, 1200px\" \/>\t\t\t\t\t\t\n\t\t\t\t\t<\/div>\n\t\t<\/div>\t\t\t\t\t\t\n<style>\n#image_709908502 {\n  width: 100%;\n}\n<\/style>\n\t<\/div>\n\t\n\n\t<div id=\"gap-2138970901\" class=\"gap-element clearfix\" style=\"display:block; height:auto;\">\n\t\t\n<style>\n#gap-2138970901 {\n  padding-top: 80px;\n}\n<\/style>\n\t<\/div>\n\t\n\n\n\t\t<\/div>\n\n\t\t\n<style>\n#section_179005771 {\n  padding-top: 15px;\n  padding-bottom: 15px;\n}\n<\/style>\n\t<\/section>\n\t\n\n","protected":false},"excerpt":{"rendered":"","protected":false},"author":1,"featured_media":0,"parent":8218,"menu_order":1,"comment_status":"closed","ping_status":"closed","template":"page-blank.php","meta":{"_uag_custom_page_level_css":"","footnotes":""},"class_list":["post-8224","page","type-page","status-publish","hentry"],"uagb_featured_image_src":{"full":false,"thumbnail":false,"medium":false,"medium_large":false,"large":false,"1536x1536":false,"2048x2048":false,"woocommerce_thumbnail":false,"woocommerce_single":false,"woocommerce_gallery_thumbnail":false},"uagb_author_info":{"display_name":"LA TUILE","author_link":"https:\/\/la-tuile.ch\/de\/author\/s62schuler\/"},"uagb_comment_info":0,"uagb_excerpt":null,"_links":{"self":[{"href":"https:\/\/la-tuile.ch\/de\/wp-json\/wp\/v2\/pages\/8224","targetHints":{"allow":["GET"]}}],"collection":[{"href":"https:\/\/la-tuile.ch\/de\/wp-json\/wp\/v2\/pages"}],"about":[{"href":"https:\/\/la-tuile.ch\/de\/wp-json\/wp\/v2\/types\/page"}],"author":[{"embeddable":true,"href":"https:\/\/la-tuile.ch\/de\/wp-json\/wp\/v2\/users\/1"}],"replies":[{"embeddable":true,"href":"https:\/\/la-tuile.ch\/de\/wp-json\/wp\/v2\/comments?post=8224"}],"version-history":[{"count":0,"href":"https:\/\/la-tuile.ch\/de\/wp-json\/wp\/v2\/pages\/8224\/revisions"}],"up":[{"embeddable":true,"href":"https:\/\/la-tuile.ch\/de\/wp-json\/wp\/v2\/pages\/8218"}],"wp:attachment":[{"href":"https:\/\/la-tuile.ch\/de\/wp-json\/wp\/v2\/media?parent=8224"}],"curies":[{"name":"wp","href":"https:\/\/api.w.org\/{rel}","templated":true}]}}