{"id":8230,"date":"2022-06-03T14:33:27","date_gmt":"2022-06-03T12:33:27","guid":{"rendered":"https:\/\/la-tuile.ch\/ich-bin-interessiert\/assainissement\/"},"modified":"2023-06-27T11:13:35","modified_gmt":"2023-06-27T09:13:35","slug":"sanierung","status":"publish","type":"page","link":"https:\/\/la-tuile.ch\/de\/ich-bin-interessiert\/sanierung\/","title":{"rendered":"Sanierung"},"content":{"rendered":"\n\n\t<section class=\"section\" id=\"section_1519381673\">\n\t\t<div class=\"section-bg fill\" >\n\t\t\t\t\t\t\t\t\t\n\t\t\t\n\n\t\t<\/div>\n\n\t\t\n\n\t\t<div class=\"section-content relative\">\n\t\t\t\n\n<div class=\"row\"  id=\"row-1008812911\">\n\n\n\t<div id=\"col-622641732\" class=\"col medium-7 small-12 large-6\"  >\n\t\t\t\t<div class=\"col-inner\"  >\n\t\t\t\n\t\t\t\n\n\t<div id=\"gap-1482292048\" class=\"gap-element clearfix\" style=\"display:block; height:auto;\">\n\t\t\n<style>\n#gap-1482292048 {\n  padding-top: 50px;\n}\n@media (min-width:850px) {\n  #gap-1482292048 {\n    padding-top: 30px;\n  }\n}\n<\/style>\n\t<\/div>\n\t\n\n\t<div id=\"text-3594269796\" class=\"text\">\n\t\t\n\n<h2>Sanierungen<\/h2>\n\t\t\n<style>\n#text-3594269796 {\n  font-size: 2rem;\n  line-height: 1.45;\n  text-align: left;\n}\n<\/style>\n\t<\/div>\n\t\n<div class=\"is-divider divider clearfix\" style=\"margin-top:0.5em;margin-bottom:0.5em;max-width:100px;background-color:rgb(255, 138, 0);\"><\/div>\n\n\t<div id=\"text-1824107248\" class=\"text\">\n\t\t\n\n<h3>Den Verlust der Wohnung vermeiden, eine Vertrauensbeziehung aufbauen und einen menschenw\u00fcrdigen Lebensraum schaffen<\/h3>\n\t\t\n<style>\n#text-1824107248 {\n  text-align: left;\n}\n<\/style>\n\t<\/div>\n\t\n\n\t\t<\/div>\n\t\t\t\t\t<\/div>\n\n\t\n\n<\/div>\n\n\t\t<\/div>\n\n\t\t\n<style>\n#section_1519381673 {\n  padding-top: 10px;\n  padding-bottom: 10px;\n}\n@media (min-width:550px) {\n  #section_1519381673 {\n    padding-top: 0px;\n    padding-bottom: 0px;\n  }\n}\n@media (min-width:850px) {\n  #section_1519381673 {\n    padding-top: 30px;\n    padding-bottom: 30px;\n  }\n}\n<\/style>\n\t<\/section>\n\t\n\n\t<section class=\"section\" id=\"section_133931346\">\n\t\t<div class=\"section-bg fill\" >\n\t\t\t\t\t\t\t\t\t\n\t\t\t\n\n\t\t<\/div>\n\n\t\t\n\n\t\t<div class=\"section-content relative\">\n\t\t\t\n\n<div class=\"row\"  id=\"row-1057692193\">\n\n\n\t<div id=\"col-109225712\" class=\"col medium-6 small-12 large-6\"  >\n\t\t\t\t<div class=\"col-inner\"  >\n\t\t\t\n\t\t\t\n\n<p>Personen, die am Messie-Syndrom leiden, leben in einer \u00fcberf\u00fcllten Wohnung, die den sanit\u00e4ren Voraussetzungen nicht mehr entspricht. Eine Sanierung wird nur dann durchgef\u00fchrt, wenn der Nutzer oder die Nutzerin weiterhin unabh\u00e4ngig wohnen soll.<\/p>\n\n\t\t<\/div>\n\t\t\t\t\t<\/div>\n\n\t\n\n\t<div id=\"col-609940508\" class=\"col medium-6 small-12 large-6\"  data-animate=\"fadeInRight\">\n\t\t\t\t<div class=\"col-inner\"  >\n\t\t\t\n\t\t\t\n\n\n\t\t<\/div>\n\t\t\t\t\t<\/div>\n\n\t\n\n<\/div>\n\n\t\t<\/div>\n\n\t\t\n<style>\n#section_133931346 {\n  padding-top: 5px;\n  padding-bottom: 5px;\n}\n<\/style>\n\t<\/section>\n\t\n\t<div class=\"img has-hover hide-for-medium x md-x lg-x y md-y lg-y\" id=\"image_1550825075\">\n\t\t\t\t\t\t<div data-animate=\"fadeInLeft\">\t\t<div class=\"img-inner dark\" >\n\t\t\t<img loading=\"lazy\" decoding=\"async\" width=\"1200\" height=\"791\" src=\"https:\/\/la-tuile.ch\/wp-content\/uploads\/2022\/09\/ambiance07.jpg\" class=\"attachment-original size-original\" alt=\"\" srcset=\"https:\/\/la-tuile.ch\/wp-content\/uploads\/2022\/09\/ambiance07.jpg 1200w, https:\/\/la-tuile.ch\/wp-content\/uploads\/2022\/09\/ambiance07-300x198.jpg 300w, https:\/\/la-tuile.ch\/wp-content\/uploads\/2022\/09\/ambiance07-1024x675.jpg 1024w, https:\/\/la-tuile.ch\/wp-content\/uploads\/2022\/09\/ambiance07-768x506.jpg 768w, https:\/\/la-tuile.ch\/wp-content\/uploads\/2022\/09\/ambiance07-600x396.jpg 600w\" sizes=\"auto, (max-width: 1200px) 100vw, 1200px\" \/>\t\t\t\t\t\t\n\t\t\t\t\t<\/div>\n\t\t<\/div>\t\t\t\t\t\t\n<style>\n#image_1550825075 {\n  width: 50%;\n}\n<\/style>\n\t<\/div>\n\t\n\n\t<div class=\"img has-hover show-for-small x md-x lg-x y md-y lg-y\" id=\"image_2086940775\">\n\t\t\t\t\t\t<div data-animate=\"fadeInLeft\">\t\t<div class=\"img-inner dark\" >\n\t\t\t<img loading=\"lazy\" decoding=\"async\" width=\"1200\" height=\"791\" src=\"https:\/\/la-tuile.ch\/wp-content\/uploads\/2022\/09\/ambiance07.jpg\" class=\"attachment-original size-original\" alt=\"\" srcset=\"https:\/\/la-tuile.ch\/wp-content\/uploads\/2022\/09\/ambiance07.jpg 1200w, https:\/\/la-tuile.ch\/wp-content\/uploads\/2022\/09\/ambiance07-300x198.jpg 300w, https:\/\/la-tuile.ch\/wp-content\/uploads\/2022\/09\/ambiance07-1024x675.jpg 1024w, https:\/\/la-tuile.ch\/wp-content\/uploads\/2022\/09\/ambiance07-768x506.jpg 768w, https:\/\/la-tuile.ch\/wp-content\/uploads\/2022\/09\/ambiance07-600x396.jpg 600w\" sizes=\"auto, (max-width: 1200px) 100vw, 1200px\" \/>\t\t\t\t\t\t\n\t\t\t\t\t<\/div>\n\t\t<\/div>\t\t\t\t\t\t\n<style>\n#image_2086940775 {\n  width: 100%;\n}\n<\/style>\n\t<\/div>\n\t\n\n\n\t<section class=\"section\" id=\"section_311778722\">\n\t\t<div class=\"section-bg fill\" >\n\t\t\t\t\t\t\t\t\t\n\t\t\t\n\n\t\t<\/div>\n\n\t\t\n\n\t\t<div class=\"section-content relative\">\n\t\t\t\n\n<div class=\"row row-large\"  id=\"row-1505697347\">\n\n\n\t<div id=\"col-1170033867\" class=\"col medium-6 small-12 large-6\"  >\n\t\t\t\t<div class=\"col-inner\"  >\n\t\t\t\n\t\t\t\n\n<h3>Die Ziele<\/h3>\n<p>Die Wohnung wird durch Sortieren, Entr\u00fcmpeln, Reinigen und Neugestaltung wieder bewohnbar gemacht. Die Nutzer m\u00fcssen an diesem Prozess mitwirken. Unmittelbar nach der Sanierung wird eine Nachbetreuung zuhause in die Wege geleitet, um eine erneute Verschlechterung zu vermeiden.<\/p>\n<h3>Das Angebot<\/h3>\n<p>Es werden verschiedene Teams von Sozialp\u00e4dagogen und Hauswirtschaftskr\u00e4ften mobilisiert. Zuerst wird ein Kostenvoranschlag erstellt. Die Nutzer sind w\u00e4hrend der gesamten Intervention anwesend und beteiligen sich im Rahmen ihrer M\u00f6glichkeiten an jeder Etappe der Arbeiten.<\/p>\n<p>Wenn die Unordnung zu gross und\/oder die Sicherheit der Beteiligten gef\u00e4hrdet ist, muss ein spezialisiertes Unternehmen beauftragt werden. Dasselbe gilt bei einer fortgeschrittenen gesundheitsgef\u00e4hrdenden Wohnsituation. Die Finanzierung der Arbeiten muss sichergestellt sein.<\/p>\n<p>\u00a0<\/p>\n\n\t\t<\/div>\n\t\t\t\t\t<\/div>\n\n\t\n\n\t<div id=\"col-2101985454\" class=\"col medium-6 small-12 large-6\"  data-animate=\"fadeInRight\">\n\t\t\t\t<div class=\"col-inner\"  >\n\t\t\t\n\t\t\t\n\n\t<div id=\"text-2558146345\" class=\"text\">\n\t\t\n\n<h2>Vertrauensverh\u00e4ltnis aufbauen, die Wohnung wieder bewohnbar machen<\/h2>\n\t\t\n<style>\n#text-2558146345 {\n  color: #f07910;\n}\n#text-2558146345 > * {\n  color: #f07910;\n}\n<\/style>\n\t<\/div>\n\t\n\n\t\t<\/div>\n\t\t\t\t\n<style>\n#col-2101985454 > .col-inner {\n  padding: 0px 0px 0px 10%;\n}\n<\/style>\n\t<\/div>\n\n\t\n\n<\/div>\n\n\t\t<\/div>\n\n\t\t\n<style>\n#section_311778722 {\n  padding-top: 50px;\n  padding-bottom: 50px;\n}\n<\/style>\n\t<\/section>\n\t\n\n\t<section class=\"section\" id=\"section_1048829925\">\n\t\t<div class=\"section-bg fill\" >\n\t\t\t\t\t\t\t\t\t\n\t\t\t\n\n\t\t<\/div>\n\n\t\t\n\n\t\t<div class=\"section-content relative\">\n\t\t\t\n\n<div class=\"row\"  id=\"row-308222660\">\n\n\n\t<div id=\"col-440684664\" class=\"col medium-6 small-12 large-6\"  data-animate=\"fadeInUp\">\n\t\t\t\t<div class=\"col-inner\"  >\n\t\t\t\n\t\t\t\n\n\t<div class=\"box has-hover   has-hover box-text-bottom\" >\n\n\t\t<div class=\"box-image\" style=\"width:13%;\">\n\t\t\t\t\t\t<div class=\"\" >\n\t\t\t\t<img loading=\"lazy\" decoding=\"async\" width=\"68\" height=\"68\" src=\"https:\/\/la-tuile.ch\/wp-content\/uploads\/2022\/05\/Asset-12.svg\" class=\"attachment- size-\" alt=\"\" \/>\t\t\t\t\t\t\t\t\t\t\t<\/div>\n\t\t\t\t\t<\/div>\n\n\t\t<div class=\"box-text text-center\" >\n\t\t\t<div class=\"box-text-inner\">\n\t\t\t\t\n\n<h4>Telefon<\/h4>\n<p>+41 26 424 43 21<\/p>\n\n\t\t\t<\/div>\n\t\t<\/div>\n\t<\/div>\n\t\n\n\t\t<\/div>\n\t\t\t\t\t<\/div>\n\n\t\n\n\t<div id=\"col-2020461442\" class=\"col medium-6 small-12 large-6\"  data-animate=\"fadeInUp\">\n\t\t\t\t<div class=\"col-inner\"  >\n\t\t\t\n\t\t\t\n\n\t<div class=\"box has-hover   has-hover box-default box-text-bottom\" >\n\n\t\t<div class=\"box-image\" style=\"width:13%;\">\n\t\t\t\t\t\t<div class=\"\" >\n\t\t\t\t<img loading=\"lazy\" decoding=\"async\" width=\"71\" height=\"70\" src=\"https:\/\/la-tuile.ch\/wp-content\/uploads\/2022\/05\/Asset-37.svg\" class=\"attachment- size-\" alt=\"\" \/>\t\t\t\t\t\t\t\t\t\t\t<\/div>\n\t\t\t\t\t<\/div>\n\n\t\t<div class=\"box-text text-center\" >\n\t\t\t<div class=\"box-text-inner\">\n\t\t\t\t\n\n<h4>E-mail<\/h4>\n<p><a href=\"mailto:logements@la-tuile.ch\">logements@la-tuile.ch<\/a><\/p>\n\n\t\t\t<\/div>\n\t\t<\/div>\n\t<\/div>\n\t\n\n\t\t<\/div>\n\t\t\t\t\t<\/div>\n\n\t\n\n<\/div>\n\n\t\t<\/div>\n\n\t\t\n<style>\n#section_1048829925 {\n  padding-top: 0px;\n  padding-bottom: 0px;\n}\n<\/style>\n\t<\/section>\n\t\n\n","protected":false},"excerpt":{"rendered":"","protected":false},"author":1,"featured_media":0,"parent":8218,"menu_order":4,"comment_status":"closed","ping_status":"closed","template":"page-blank.php","meta":{"_uag_custom_page_level_css":"","footnotes":""},"class_list":["post-8230","page","type-page","status-publish","hentry"],"uagb_featured_image_src":{"full":false,"thumbnail":false,"medium":false,"medium_large":false,"large":false,"1536x1536":false,"2048x2048":false,"woocommerce_thumbnail":false,"woocommerce_single":false,"woocommerce_gallery_thumbnail":false},"uagb_author_info":{"display_name":"LA TUILE","author_link":"https:\/\/la-tuile.ch\/de\/author\/s62schuler\/"},"uagb_comment_info":0,"uagb_excerpt":null,"_links":{"self":[{"href":"https:\/\/la-tuile.ch\/de\/wp-json\/wp\/v2\/pages\/8230","targetHints":{"allow":["GET"]}}],"collection":[{"href":"https:\/\/la-tuile.ch\/de\/wp-json\/wp\/v2\/pages"}],"about":[{"href":"https:\/\/la-tuile.ch\/de\/wp-json\/wp\/v2\/types\/page"}],"author":[{"embeddable":true,"href":"https:\/\/la-tuile.ch\/de\/wp-json\/wp\/v2\/users\/1"}],"replies":[{"embeddable":true,"href":"https:\/\/la-tuile.ch\/de\/wp-json\/wp\/v2\/comments?post=8230"}],"version-history":[{"count":1,"href":"https:\/\/la-tuile.ch\/de\/wp-json\/wp\/v2\/pages\/8230\/revisions"}],"predecessor-version":[{"id":9199,"href":"https:\/\/la-tuile.ch\/de\/wp-json\/wp\/v2\/pages\/8230\/revisions\/9199"}],"up":[{"embeddable":true,"href":"https:\/\/la-tuile.ch\/de\/wp-json\/wp\/v2\/pages\/8218"}],"wp:attachment":[{"href":"https:\/\/la-tuile.ch\/de\/wp-json\/wp\/v2\/media?parent=8230"}],"curies":[{"name":"wp","href":"https:\/\/api.w.org\/{rel}","templated":true}]}}