{"id":8234,"date":"2022-05-15T14:27:03","date_gmt":"2022-05-15T12:27:03","guid":{"rendered":"https:\/\/la-tuile.ch\/ich-bin-interessiert\/atelier-de-la-tuile\/"},"modified":"2022-09-25T09:38:15","modified_gmt":"2022-09-25T07:38:15","slug":"werkstatt","status":"publish","type":"page","link":"https:\/\/la-tuile.ch\/de\/ich-bin-interessiert\/werkstatt\/","title":{"rendered":"Die Werkstatt"},"content":{"rendered":"\n\n\t<section class=\"section\" id=\"section_1600515145\">\n\t\t<div class=\"section-bg fill\" >\n\t\t\t\t\t\t\t\t\t\n\t\t\t\n\n\t\t<\/div>\n\n\t\t\n\n\t\t<div class=\"section-content relative\">\n\t\t\t\n\n<div class=\"row\"  id=\"row-2054466005\">\n\n\n\t<div id=\"col-1911727683\" class=\"col medium-7 small-12 large-6\"  >\n\t\t\t\t<div class=\"col-inner\"  >\n\t\t\t\n\t\t\t\n\n\t<div id=\"gap-1550300069\" class=\"gap-element clearfix\" style=\"display:block; height:auto;\">\n\t\t\n<style>\n#gap-1550300069 {\n  padding-top: 50px;\n}\n@media (min-width:850px) {\n  #gap-1550300069 {\n    padding-top: 30px;\n  }\n}\n<\/style>\n\t<\/div>\n\t\n\n\t<div id=\"text-4172618243\" class=\"text\">\n\t\t\n\n<h2>Die Werkstatt<\/h2>\n\t\t\n<style>\n#text-4172618243 {\n  font-size: 2rem;\n  line-height: 1.45;\n  text-align: left;\n}\n<\/style>\n\t<\/div>\n\t\n<div class=\"is-divider divider clearfix\" style=\"margin-top:0.5em;margin-bottom:0.5em;max-width:100px;background-color:rgb(255, 138, 0);\"><\/div>\n\n\t<div id=\"text-1904298606\" class=\"text\">\n\t\t\n\n<h3 class=\"p1\"><span class=\"Apple-converted-space\">Die Werkstatt von La Tuile ist ein soziales Unternehmen, das Menschen in prek\u00e4ren Situationen einen niederschwelligen Zugang zum Arbeitsmarkt bietet. <\/span><\/h3>\n\t\t\n<style>\n#text-1904298606 {\n  text-align: left;\n}\n<\/style>\n\t<\/div>\n\t\n\n\t\t<\/div>\n\t\t\t\t\t<\/div>\n\n\t\n\n<\/div>\n\n\t\t<\/div>\n\n\t\t\n<style>\n#section_1600515145 {\n  padding-top: 10px;\n  padding-bottom: 10px;\n}\n@media (min-width:550px) {\n  #section_1600515145 {\n    padding-top: 0px;\n    padding-bottom: 0px;\n  }\n}\n@media (min-width:850px) {\n  #section_1600515145 {\n    padding-top: 30px;\n    padding-bottom: 30px;\n  }\n}\n<\/style>\n\t<\/section>\n\t\n\n\t<section class=\"section\" id=\"section_821735124\">\n\t\t<div class=\"section-bg fill\" >\n\t\t\t\t\t\t\t\t\t\n\t\t\t\n\n\t\t<\/div>\n\n\t\t\n\n\t\t<div class=\"section-content relative\">\n\t\t\t\n\n<div class=\"row align-bottom\"  id=\"row-1685627140\">\n\n\n\t<div id=\"col-470883020\" class=\"col medium-6 small-12 large-6\"  >\n\t\t\t\t<div class=\"col-inner\"  >\n\t\t\t\n\t\t\t\n\n<p>Durch das Angebot einer bezahlten Arbeit erm\u00f6glicht La Tuile den Nutzerinnen und Nutzern ihrer Dienstleistungen, ein Mindesteinkommen zu beziehen, ihre F\u00e4higkeiten einzubringen und dem Tag einen Rhythmus zu geben. Die angebotene Arbeit tr\u00e4gt zur Eingliederung und zur Verringerung der sozialen Ausgrenzung bei.<\/p>\n\t<div id=\"text-2910496671\" class=\"text\">\n\t\t\n\n<p>Angestellten handelt es sich entweder um Personen, die Leistungen von La Tuile in Anspruch nehmen, oder je nach den verf\u00fcgbaren Pl\u00e4tzen oder der pers\u00f6nlichen Situation und Motivation auch um externe Personen. Zudem richtet sich das Angebot der Werkstatt an Empf\u00e4nger einer sozialen Eingliederungsmassnahme (MIS) sowie an Personen, die eine gemeinn\u00fctzige Arbeit (GA) leisten m\u00fcssen.<\/p>\n\t\t\n<style>\n#text-2910496671 {\n  text-align: left;\n}\n<\/style>\n\t<\/div>\n\t\n\n\t\t<\/div>\n\t\t\t\t\t<\/div>\n\n\t\n\n\t<div id=\"col-1804125648\" class=\"col medium-6 small-12 large-6\"  data-animate=\"fadeInRight\">\n\t\t\t\t<div class=\"col-inner\"  >\n\t\t\t\n\t\t\t\n\n\n\t\t<\/div>\n\t\t\t\t\t<\/div>\n\n\t\n\n<\/div>\n\n\t\t<\/div>\n\n\t\t\n<style>\n#section_821735124 {\n  padding-top: 5px;\n  padding-bottom: 5px;\n}\n<\/style>\n\t<\/section>\n\t\n\t<div class=\"img has-hover hide-for-medium x md-x lg-x y md-y lg-y\" id=\"image_417713008\">\n\t\t\t\t\t\t<div data-animate=\"fadeInLeft\">\t\t<div class=\"img-inner dark\" >\n\t\t\t<img loading=\"lazy\" decoding=\"async\" width=\"1200\" height=\"585\" src=\"https:\/\/la-tuile.ch\/wp-content\/uploads\/2022\/05\/atelier.jpg\" class=\"attachment-original size-original\" alt=\"\" srcset=\"https:\/\/la-tuile.ch\/wp-content\/uploads\/2022\/05\/atelier.jpg 1200w, https:\/\/la-tuile.ch\/wp-content\/uploads\/2022\/05\/atelier-300x146.jpg 300w, https:\/\/la-tuile.ch\/wp-content\/uploads\/2022\/05\/atelier-1024x499.jpg 1024w, https:\/\/la-tuile.ch\/wp-content\/uploads\/2022\/05\/atelier-768x374.jpg 768w, https:\/\/la-tuile.ch\/wp-content\/uploads\/2022\/05\/atelier-600x293.jpg 600w\" sizes=\"auto, (max-width: 1200px) 100vw, 1200px\" \/>\t\t\t\t\t\t\n\t\t\t\t\t<\/div>\n\t\t<\/div>\t\t\t\t\t\t\n<style>\n#image_417713008 {\n  width: 53%;\n}\n<\/style>\n\t<\/div>\n\t\n\n\t<div class=\"img has-hover show-for-small x md-x lg-x y md-y lg-y\" id=\"image_2085361627\">\n\t\t\t\t\t\t<div data-animate=\"fadeInLeft\">\t\t<div class=\"img-inner dark\" >\n\t\t\t<img loading=\"lazy\" decoding=\"async\" width=\"1200\" height=\"585\" src=\"https:\/\/la-tuile.ch\/wp-content\/uploads\/2022\/05\/atelier.jpg\" class=\"attachment-original size-original\" alt=\"\" srcset=\"https:\/\/la-tuile.ch\/wp-content\/uploads\/2022\/05\/atelier.jpg 1200w, https:\/\/la-tuile.ch\/wp-content\/uploads\/2022\/05\/atelier-300x146.jpg 300w, https:\/\/la-tuile.ch\/wp-content\/uploads\/2022\/05\/atelier-1024x499.jpg 1024w, https:\/\/la-tuile.ch\/wp-content\/uploads\/2022\/05\/atelier-768x374.jpg 768w, https:\/\/la-tuile.ch\/wp-content\/uploads\/2022\/05\/atelier-600x293.jpg 600w\" sizes=\"auto, (max-width: 1200px) 100vw, 1200px\" \/>\t\t\t\t\t\t\n\t\t\t\t\t<\/div>\n\t\t<\/div>\t\t\t\t\t\t\n<style>\n#image_2085361627 {\n  width: 100%;\n}\n<\/style>\n\t<\/div>\n\t\n\n\n\t<section class=\"section\" id=\"section_1001128666\">\n\t\t<div class=\"section-bg fill\" >\n\t\t\t\t\t\t\t\t\t\n\t\t\t\n\n\t\t<\/div>\n\n\t\t\n\n\t\t<div class=\"section-content relative\">\n\t\t\t\n\n<div class=\"row row-large\"  id=\"row-1163250548\">\n\n\n\t<div id=\"col-730473115\" class=\"col medium-6 small-12 large-6\"  >\n\t\t\t\t<div class=\"col-inner\"  >\n\t\t\t\n\t\t\t\n\n<h3>Die Ziele<\/h3>\n<p>Das Hauptziel besteht darin, durch Eingliederung einen Ausweg aus der Notsituation zu finden. Die Werkstatt bietet die M\u00f6glichkeit, in einem anregenden und wertsch\u00e4tzenden Umfeld einer regelm\u00e4ssigen T\u00e4tigkeit nachzugehen. Es handelt sich dabei um bezahlte Arbeitspl\u00e4tze mit einem Arbeitsvertrag.<\/p>\n<ul>\n<li>Die M\u00f6glichkeit bieten, ein Einkommen zu erzielen<\/li>\n<li>Ein unzureichendes Einkommen erg\u00e4nzen (befristete oder prek\u00e4re Arbeitst\u00e4tigkeit)<\/li>\n<li>Die Berufserfahrung aufrechterhalten<\/li>\n<li>Sozialversicherungsbeitr\u00e4ge leisten<\/li>\n<\/ul>\n\n\t\t<\/div>\n\t\t\t\t\t<\/div>\n\n\t\n\n\t<div id=\"col-410580356\" class=\"col medium-6 small-12 large-6\"  >\n\t\t\t\t<div class=\"col-inner\"  >\n\t\t\t\n\t\t\t\n\n\t<div id=\"text-323786748\" class=\"text\">\n\t\t\n\n<h2><span dir=\"ltr\" role=\"presentation\">Die uns anvertrauten Projekte werden optimal bearbeitet!<\/span><\/h2>\n\t\t\n<style>\n#text-323786748 {\n  color: #f07910;\n}\n#text-323786748 > * {\n  color: #f07910;\n}\n<\/style>\n\t<\/div>\n\t\n\t<div id=\"gap-1209858908\" class=\"gap-element clearfix\" style=\"display:block; height:auto;\">\n\t\t\n<style>\n#gap-1209858908 {\n  padding-top: 50px;\n}\n@media (min-width:850px) {\n  #gap-1209858908 {\n    padding-top: 30px;\n  }\n}\n<\/style>\n\t<\/div>\n\t\n\n<a data-animate=\"bounceInUp\" href=\"https:\/\/la-tuile.ch\/wp-content\/uploads\/2022\/09\/flyer-atelier-la-tuile.pdf\" target=\"_blank\" class=\"button secondary is-underline\" rel=\"Flyer Atelier noopener\" >\n\t\t<span>Laden Sie unsere Infobrosch\u00fcre herunter<\/span>\n\t<\/a>\n\n\n\n\t\t<\/div>\n\t\t\t\t\n<style>\n#col-410580356 > .col-inner {\n  padding: 0px 0px 0px 10%;\n}\n<\/style>\n\t<\/div>\n\n\t\n\n<\/div>\n\n\t\t<\/div>\n\n\t\t\n<style>\n#section_1001128666 {\n  padding-top: 30px;\n  padding-bottom: 30px;\n}\n<\/style>\n\t<\/section>\n\t\n\n\t<section class=\"section\" id=\"section_1041036769\">\n\t\t<div class=\"section-bg fill\" >\n\t\t\t\t\t\t\t\t\t\n\t\t\t\n\n\t\t<\/div>\n\n\t\t\n\n\t\t<div class=\"section-content relative\">\n\t\t\t\n\n<div class=\"row row-large\"  id=\"row-681714014\">\n\n\n\t<div id=\"col-451276795\" class=\"col medium-6 small-12 large-6\"  >\n\t\t\t\t<div class=\"col-inner\"  >\n\t\t\t\n\t\t\t\n\n<h4>Wenn Sie Informationen oder einen Kostenvoranschlag w\u00fcnschen, kontaktieren Sie uns!<\/h4>\n\n\t\t<\/div>\n\t\t\t\t\n<style>\n#col-451276795 > .col-inner {\n  padding: 1px 0px 0px 20px;\n}\n<\/style>\n\t<\/div>\n\n\t\n\n\t<div id=\"col-290442355\" class=\"col medium-6 small-12 large-6\"  >\n\t\t\t\t<div class=\"col-inner text-left\"  >\n\t\t\t\n\t\t\t\n\n<div id=\"quform-89d786\" class=\"quform quform-9 quform-theme-minimal quform-support-page-caching\"><form id=\"quform-form-89d786\" class=\"quform-form quform-form-9\" action=\"\/de\/wp-json\/wp\/v2\/pages\/8234#quform-89d786\" method=\"post\" enctype=\"multipart\/form-data\" novalidate=\"novalidate\" data-options=\"{&quot;id&quot;:9,&quot;uniqueId&quot;:&quot;89d786&quot;,&quot;theme&quot;:&quot;minimal&quot;,&quot;ajax&quot;:true,&quot;logic&quot;:{&quot;logic&quot;:[],&quot;dependents&quot;:[],&quot;elementIds&quot;:[],&quot;dependentElementIds&quot;:[],&quot;animate&quot;:true},&quot;currentPageId&quot;:1,&quot;errorsIcon&quot;:&quot;&quot;,&quot;updateFancybox&quot;:true,&quot;hasPages&quot;:false,&quot;pages&quot;:[1],&quot;pageProgressType&quot;:&quot;numbers&quot;,&quot;tooltipsEnabled&quot;:true,&quot;tooltipClasses&quot;:&quot;qtip-quform-dark qtip-shadow&quot;,&quot;tooltipMy&quot;:&quot;left center&quot;,&quot;tooltipAt&quot;:&quot;right center&quot;,&quot;isRtl&quot;:false,&quot;scrollOffset&quot;:-50,&quot;scrollSpeed&quot;:800}\"><button class=\"quform-default-submit\" name=\"quform_submit\" type=\"submit\" value=\"submit\" aria-hidden=\"true\" tabindex=\"-1\"><\/button><div class=\"quform-form-inner quform-form-inner-9\"><input type=\"hidden\" name=\"quform_form_id\" value=\"9\" \/><input type=\"hidden\" name=\"quform_form_uid\" value=\"89d786\" \/><input type=\"hidden\" name=\"quform_count\" value=\"1\" \/><input type=\"hidden\" name=\"form_url\" value=\"https:\/\/la-tuile.ch\/de\/wp-json\/wp\/v2\/pages\/8234\" \/><input type=\"hidden\" name=\"referring_url\" value=\"\" \/><input type=\"hidden\" name=\"post_id\" value=\"\" \/><input type=\"hidden\" name=\"post_title\" value=\"\" \/><input type=\"hidden\" name=\"quform_current_page_id\" value=\"1\" \/><input type=\"hidden\" name=\"quform_loaded\" value=\"1776950485|0105f91c0356c1e5ea6d0abd0d933eca\" \/><input type=\"hidden\" name=\"quform_csrf_token\" value=\"CICnIARJy8vTe53LLtbwIP8UlUSxds8GhphO11N5\" \/><div class=\"quform-elements quform-elements-9 quform-cf quform-responsive-elements-phone-landscape\"><div class=\"quform-element quform-element-page quform-page-1 quform-page-9_1 quform-cf quform-group-style-plain quform-first-page quform-last-page quform-current-page\"><div class=\"quform-child-elements\"><div class=\"quform-element quform-element-row quform-element-row-9_3 quform-2-columns quform-element-row-size-fixed quform-responsive-columns-phone-landscape\"><div class=\"quform-element quform-element-column quform-element-9_4\"><div class=\"quform-element quform-element-text quform-element-9_6 quform-cf quform-element-required\"><div class=\"quform-spacer\"><div class=\"quform-label quform-label-9_6\"><label class=\"quform-label-text\" for=\"quform_9_6_89d786\">Name<span class=\"quform-required\">*<\/span><\/label><\/div><div class=\"quform-inner quform-inner-text quform-inner-9_6\"><div class=\"quform-input quform-input-text quform-input-9_6 quform-cf\"><input type=\"text\" id=\"quform_9_6_89d786\" name=\"quform_9_6\" class=\"quform-field quform-field-text quform-field-9_6\" \/><\/div><\/div><\/div><\/div><\/div><div class=\"quform-element quform-element-column quform-element-9_5\"><div class=\"quform-element quform-element-text quform-element-9_7 quform-cf quform-element-required\"><div class=\"quform-spacer\"><div class=\"quform-label quform-label-9_7\"><label class=\"quform-label-text\" for=\"quform_9_7_89d786\">Vorname<span class=\"quform-required\">*<\/span><\/label><\/div><div class=\"quform-inner quform-inner-text quform-inner-9_7\"><div class=\"quform-input quform-input-text quform-input-9_7 quform-cf\"><input type=\"text\" id=\"quform_9_7_89d786\" name=\"quform_9_7\" class=\"quform-field quform-field-text quform-field-9_7\" \/><\/div><\/div><\/div><\/div><\/div><\/div><div class=\"quform-element quform-element-textarea quform-element-9_398351 quform-sr-only quform-cf\" style=\"clip: rect(1px, 1px, 1px, 1px); clip-path: inset(50%); position: absolute !important; height: 1px; width: 1px; overflow: hidden;\"><div class=\"quform-spacer\"><div class=\"quform-label quform-label-9_398351\"><label class=\"quform-label-text\" for=\"quform_9_398351_89d786\">Email<span class=\"quform-required\">*<\/span><\/label><\/div><div class=\"quform-inner quform-inner-9_398351\"><textarea id=\"quform_9_398351_89d786\" name=\"quform_9_398351\" class=\"quform-field quform-field-textarea quform-field-9_398351\" tabindex=\"-1\" autocomplete=\"new-password\"><\/textarea><\/div><\/div><\/div><div class=\"quform-element quform-element-row quform-element-row-9_20 quform-2-columns quform-element-row-size-fixed quform-responsive-columns-phone-landscape\"><div class=\"quform-element quform-element-column quform-element-9_21\"><div class=\"quform-element quform-element-email quform-element-9_25 quform-cf quform-element-required\"><div class=\"quform-spacer\"><div class=\"quform-label quform-label-9_25\"><label class=\"quform-label-text\" for=\"quform_9_25_89d786\">E-Mail<span class=\"quform-required\">*<\/span><\/label><\/div><div class=\"quform-inner quform-inner-email quform-inner-9_25\"><div class=\"quform-input quform-input-email quform-input-9_25 quform-cf\"><input type=\"email\" id=\"quform_9_25_89d786\" name=\"quform_9_25\" class=\"quform-field quform-field-email quform-field-9_25\" \/><\/div><\/div><\/div><\/div><\/div><div class=\"quform-element quform-element-column quform-element-9_23\"><div class=\"quform-element quform-element-text quform-element-9_24 quform-cf quform-element-required\"><div class=\"quform-spacer\"><div class=\"quform-label quform-label-9_24\"><label class=\"quform-label-text\" for=\"quform_9_24_89d786\">Telefon<span class=\"quform-required\">*<\/span><\/label><\/div><div class=\"quform-inner quform-inner-text quform-inner-9_24\"><div class=\"quform-input quform-input-text quform-input-9_24 quform-cf\"><input type=\"text\" id=\"quform_9_24_89d786\" name=\"quform_9_24\" class=\"quform-field quform-field-text quform-field-9_24\" \/><\/div><\/div><\/div><\/div><\/div><\/div><div class=\"quform-element quform-element-textarea quform-element-9_26 quform-cf quform-element-required\"><div class=\"quform-spacer\"><div class=\"quform-label quform-label-9_26\"><label class=\"quform-label-text\" for=\"quform_9_26_89d786\">Ihre Anfrage<span class=\"quform-required\">*<\/span><\/label><\/div><div class=\"quform-inner quform-inner-textarea quform-inner-9_26\"><div class=\"quform-input quform-input-textarea quform-input-9_26 quform-cf\"><textarea id=\"quform_9_26_89d786\" name=\"quform_9_26\" class=\"quform-field quform-field-textarea quform-field-9_26\"><\/textarea><\/div><\/div><\/div><\/div><div class=\"quform-element quform-element-captcha quform-element-9_27 quform-cf quform-element-required\"><div class=\"quform-spacer\"><div class=\"quform-label quform-label-9_27\"><label class=\"quform-label-text\" for=\"quform_9_27_89d786\">Bitte geben Sie die Zeichen ein<span class=\"quform-required\">*<\/span><\/label><\/div><div class=\"quform-inner quform-inner-captcha quform-inner-9_27\"><div class=\"quform-input quform-input-captcha quform-input-9_27 quform-cf\"><input type=\"text\" id=\"quform_9_27_89d786\" name=\"quform_9_27\" class=\"quform-field quform-field-captcha quform-field-9_27\" \/><\/div><div class=\"quform-captcha quform-cf\"><div class=\"quform-captcha-image quform-captcha-image-9_27\"><img loading=\"lazy\" decoding=\"async\" class=\"quform-captcha-image-img\" src=\"data:image\/png;base64,iVBORw0KGgoAAAANSUhEUgAAAOYAAABQBAMAAAD\/1xTgAAAAG1BMVEX\/\/\/8iIiLj4+OsrKyQkJDHx8c9PT1ZWVl0dHSlmjvaAAAACXBIWXMAAA7EAAAOxAGVKw4bAAADZklEQVRoge2XTVPbMBCGjewQHxFQh6NjGugRN4XhGJdO2yPQCdMjgmlzrSlDOGKaTvjZ1Zft1UdqQwPTg95LPNJqH2m1Wime5+Tk5OTk5OTk5OTktFivZy+O9DH+0dYWJfFSmAXGr9pZBhjjaBnQkDraaGd6Qk3x3hKYGfWz2d50GUwft2emzHbU0vEZtb2af8fRz1jv4vGyxXb7aD\/RmgLyCGaBS+krQtQNsTERs44ms6NT2Bo+hYnv1J5VOo3CxuxUI65Aa9Ce2a+ZW2pPTmeR25i+NTSceXgz+aVZo08k0tviFTr4d4wOtLyjsep5VmaAoymxMjPLHvG2b5oLyrwQ6zqHzSlrXsCkbtE4l+Nq5o1YPWz1dkSbdowo85j99pWawzbt2LPmUMgbaRy2YtBaR1ypRyIgejlboTGspg\/nt+HZmV3mAeVyqipzwhjncH74Mu4UEgGYG3JloIMdlBFjWuptiNf5uVZiyJnRnsfyAiRjnzulQdOZwi\/CEVwLH2mt8Wi+xwi92GBeyNnWPRlf9C5sEsx18QEnU4gILbxXMuM4+1gGewd2EZ49xFznmsH0ZSYsYoZm2WIr5x80gdeqVuGTmPspTGBsaaXoPTzMp+xnFhtIlkD6JeJXtRlMVPpMtb2vYuuDyYCKiMvQA53xU46ONKY0zOsYSCba1xyUedsF4coh0wivTKC+UmD9KqRZnbhI38iKKWJ6ApzvQua5PkImUKqkkV8ZpiBgMq86b3Umf2h11PdWkiSD8ZjgzeEw1pBlAmX6OuX4E8DMRWOq1g\/GjN5724V+hpiIZTO9MoEyJY8CwKyLgvhGREu5lTKGljJnY1LnPX5d58okAxDbmtlltW9grKdiWp5QtqTtikJ+O1cPXc3MQDIiYr2bS+a9iUQ2Zmi\/5ANwVkCmy7tMe5pzZjTRMovq65ReiJFRE1B1kJRSFOLqroATRYXlHq9rny4ZFuPvQ+fdww0xEiAsa9+qOoK9Ta61aTczrd2DLx\/mI40pDkTR4nG9kJlK5l2Th4rJ9vENhnfiY5ne4DRJxsNhK6RIrev9Q1ux1HRw2cfrH5fwT6NO58Z37l+27KnMrSZTYi\/j\/8IcNZnyROkdN5k1i9aE+3xBbXkuobwXdz5PZ2ZteU5o\/JI0JycnJyen\/19\/AMiHiOXmlSORAAAAAElFTkSuQmCC\" alt=\"CAPTCHA image\" data-element-id=\"27\" width=\"115\" height=\"40\" \/><\/div><\/div><p class=\"quform-description quform-description-below\">Dies hilft uns, Spam zu vermeiden, danke.<\/p><\/div><\/div><\/div><div class=\"quform-element quform-element-submit quform-element-9_2 quform-cf quform-button-size-medium\"><div class=\"quform-button-submit quform-button-submit-default quform-button-submit-9_2\"><button name=\"quform_submit\" type=\"submit\" class=\"quform-submit\" value=\"submit\"><span class=\"quform-button-text quform-button-submit-text\">Senden<\/span><\/button><\/div><div class=\"quform-loading quform-loading-position-left quform-loading-type-spinner-1\"><div class=\"quform-loading-inner\"><div class=\"quform-loading-spinner\"><div class=\"quform-loading-spinner-inner\"><\/div><\/div><\/div><\/div><\/div><\/div><\/div><\/div><\/div><\/form><\/div>\n\n\t\t<\/div>\n\t\t\t\t\t<\/div>\n\n\t\n\n<\/div>\n\n\t\t<\/div>\n\n\t\t\n<style>\n#section_1041036769 {\n  padding-top: 10px;\n  padding-bottom: 10px;\n}\n<\/style>\n\t<\/section>\n\t\n\n","protected":false},"excerpt":{"rendered":"","protected":false},"author":1,"featured_media":0,"parent":8218,"menu_order":3,"comment_status":"closed","ping_status":"closed","template":"page-blank.php","meta":{"_uag_custom_page_level_css":"","footnotes":""},"class_list":["post-8234","page","type-page","status-publish","hentry"],"uagb_featured_image_src":{"full":false,"thumbnail":false,"medium":false,"medium_large":false,"large":false,"1536x1536":false,"2048x2048":false,"woocommerce_thumbnail":false,"woocommerce_single":false,"woocommerce_gallery_thumbnail":false},"uagb_author_info":{"display_name":"LA TUILE","author_link":"https:\/\/la-tuile.ch\/de\/author\/s62schuler\/"},"uagb_comment_info":0,"uagb_excerpt":null,"_links":{"self":[{"href":"https:\/\/la-tuile.ch\/de\/wp-json\/wp\/v2\/pages\/8234","targetHints":{"allow":["GET"]}}],"collection":[{"href":"https:\/\/la-tuile.ch\/de\/wp-json\/wp\/v2\/pages"}],"about":[{"href":"https:\/\/la-tuile.ch\/de\/wp-json\/wp\/v2\/types\/page"}],"author":[{"embeddable":true,"href":"https:\/\/la-tuile.ch\/de\/wp-json\/wp\/v2\/users\/1"}],"replies":[{"embeddable":true,"href":"https:\/\/la-tuile.ch\/de\/wp-json\/wp\/v2\/comments?post=8234"}],"version-history":[{"count":0,"href":"https:\/\/la-tuile.ch\/de\/wp-json\/wp\/v2\/pages\/8234\/revisions"}],"up":[{"embeddable":true,"href":"https:\/\/la-tuile.ch\/de\/wp-json\/wp\/v2\/pages\/8218"}],"wp:attachment":[{"href":"https:\/\/la-tuile.ch\/de\/wp-json\/wp\/v2\/media?parent=8234"}],"curies":[{"name":"wp","href":"https:\/\/api.w.org\/{rel}","templated":true}]}}