{"id":8237,"date":"2022-09-11T21:15:05","date_gmt":"2022-09-11T19:15:05","guid":{"rendered":"https:\/\/la-tuile.ch\/ich-bin-interessiert\/devenir-membre\/"},"modified":"2023-02-27T13:53:39","modified_gmt":"2023-02-27T12:53:39","slug":"mitglied-werden","status":"publish","type":"page","link":"https:\/\/la-tuile.ch\/de\/ich-bin-interessiert\/mitglied-werden\/","title":{"rendered":"Mitglied werden"},"content":{"rendered":"\n\n\t<section class=\"section\" id=\"section_152668209\">\n\t\t<div class=\"section-bg fill\" >\n\t\t\t\t\t\t\t\t\t\n\t\t\t\n\n\t\t<\/div>\n\n\t\t\n\n\t\t<div class=\"section-content relative\">\n\t\t\t\n\n<div class=\"row\"  id=\"row-598385233\">\n\n\n\t<div id=\"col-125238475\" class=\"col medium-7 small-12 large-7\"  >\n\t\t\t\t<div class=\"col-inner\"  >\n\t\t\t\n\t\t\t\n\n\t<div id=\"gap-525989878\" class=\"gap-element clearfix\" style=\"display:block; height:auto;\">\n\t\t\n<style>\n#gap-525989878 {\n  padding-top: 50px;\n}\n@media (min-width:850px) {\n  #gap-525989878 {\n    padding-top: 30px;\n  }\n}\n<\/style>\n\t<\/div>\n\t\n\n\t<div id=\"text-3167963469\" class=\"text\">\n\t\t\n\n<h2>Ich m\u00f6chte Mitglied werden !<\/h2>\n\t\t\n<style>\n#text-3167963469 {\n  font-size: 2rem;\n  line-height: 1.45;\n  text-align: left;\n}\n<\/style>\n\t<\/div>\n\t\n<div class=\"is-divider divider clearfix\" style=\"margin-top:0.5em;margin-bottom:0.5em;max-width:100px;background-color:rgb(255, 138, 0);\"><\/div>\n\n\t<div id=\"text-159523490\" class=\"text\">\n\t\t\n\n<h3 class=\"p1\">Je veux m\u2019engager en faveur de La Tuile \u2026<\/h3>\n\t\t\n<style>\n#text-159523490 {\n  text-align: left;\n}\n<\/style>\n\t<\/div>\n\t\n\n\t\t<\/div>\n\t\t\t\t\t<\/div>\n\n\t\n\n<\/div>\n\n\t\t<\/div>\n\n\t\t\n<style>\n#section_152668209 {\n  padding-top: 10px;\n  padding-bottom: 10px;\n}\n@media (min-width:550px) {\n  #section_152668209 {\n    padding-top: 0px;\n    padding-bottom: 0px;\n  }\n}\n@media (min-width:850px) {\n  #section_152668209 {\n    padding-top: 30px;\n    padding-bottom: 30px;\n  }\n}\n<\/style>\n\t<\/section>\n\t\n\n\t<section class=\"section\" id=\"section_194863000\">\n\t\t<div class=\"section-bg fill\" >\n\t\t\t\t\t\t\t\t\t\n\t\t\t\n\n\t\t<\/div>\n\n\t\t\n\n\t\t<div class=\"section-content relative\">\n\t\t\t\n\n<div class=\"row\"  id=\"row-106397389\">\n\n\n\t<div id=\"col-531900277\" class=\"col medium-8 small-12 large-8\"  >\n\t\t\t\t<div class=\"col-inner\"  >\n\t\t\t\n\t\t\t\n\n\t<div id=\"text-2403810431\" class=\"text\">\n\t\t\n\n<p>Vous avez ici la possibilit\u00e9 de devenir membre. Vous pourrez ainsi prendre part \u00e0 l\u2019assembl\u00e9e g\u00e9n\u00e9rale et contribuer aux d\u00e9cisions qui engagent la vie de l\u2019association.<\/p>\n\t\t\n<style>\n#text-2403810431 {\n  text-align: left;\n}\n<\/style>\n\t<\/div>\n\t\n\t<div id=\"gap-313320035\" class=\"gap-element clearfix\" style=\"display:block; height:auto;\">\n\t\t\n<style>\n#gap-313320035 {\n  padding-top: 30px;\n}\n<\/style>\n\t<\/div>\n\t\n\n<h3>Inscription<\/h3>\n<div id=\"quform-a23656\" class=\"quform quform-6 quform-theme-minimal quform-support-page-caching\"><form id=\"quform-form-a23656\" class=\"quform-form quform-form-6\" action=\"\/de\/wp-json\/wp\/v2\/pages\/8237#quform-a23656\" method=\"post\" enctype=\"multipart\/form-data\" novalidate=\"novalidate\" data-options=\"{&quot;id&quot;:6,&quot;uniqueId&quot;:&quot;a23656&quot;,&quot;theme&quot;:&quot;minimal&quot;,&quot;ajax&quot;:true,&quot;logic&quot;:{&quot;logic&quot;:[],&quot;dependents&quot;:[],&quot;elementIds&quot;:[],&quot;dependentElementIds&quot;:[],&quot;animate&quot;:true},&quot;currentPageId&quot;:1,&quot;errorsIcon&quot;:&quot;&quot;,&quot;updateFancybox&quot;:true,&quot;hasPages&quot;:false,&quot;pages&quot;:[1],&quot;pageProgressType&quot;:&quot;numbers&quot;,&quot;tooltipsEnabled&quot;:true,&quot;tooltipClasses&quot;:&quot;qtip-quform-dark qtip-shadow&quot;,&quot;tooltipMy&quot;:&quot;left center&quot;,&quot;tooltipAt&quot;:&quot;right center&quot;,&quot;isRtl&quot;:false,&quot;scrollOffset&quot;:-50,&quot;scrollSpeed&quot;:800}\"><button class=\"quform-default-submit\" name=\"quform_submit\" type=\"submit\" value=\"submit\" aria-hidden=\"true\" tabindex=\"-1\"><\/button><div class=\"quform-form-inner quform-form-inner-6\"><input type=\"hidden\" name=\"quform_form_id\" value=\"6\" \/><input type=\"hidden\" name=\"quform_form_uid\" value=\"a23656\" \/><input type=\"hidden\" name=\"quform_count\" value=\"1\" \/><input type=\"hidden\" name=\"form_url\" value=\"https:\/\/la-tuile.ch\/de\/wp-json\/wp\/v2\/pages\/8237\" \/><input type=\"hidden\" name=\"referring_url\" value=\"\" \/><input type=\"hidden\" name=\"post_id\" value=\"\" \/><input type=\"hidden\" name=\"post_title\" value=\"\" \/><input type=\"hidden\" name=\"quform_current_page_id\" value=\"1\" \/><input type=\"hidden\" name=\"quform_loaded\" value=\"1777914060|8ac745b9de0c8f2c8332a9d3ce070960\" \/><input type=\"hidden\" name=\"quform_csrf_token\" value=\"bLaQXzonufUCa7ZEfquoAFC3vh6rMvzIW9mSWl2w\" \/><div class=\"quform-elements quform-elements-6 quform-cf quform-responsive-elements-phone-landscape\"><div class=\"quform-element quform-element-page quform-page-1 quform-page-6_1 quform-cf quform-group-style-plain quform-first-page quform-last-page quform-current-page\"><div class=\"quform-child-elements\"><div class=\"quform-element quform-element-row quform-element-row-6_3 quform-1-columns quform-element-row-size-fixed quform-responsive-columns-phone-landscape\"><div class=\"quform-element quform-element-column quform-element-6_4\"><div class=\"quform-element quform-element-checkbox quform-element-6_63 quform-cf quform-element-optional\"><div class=\"quform-spacer\"><div class=\"quform-label quform-label-6_63\"><label class=\"quform-label-text\" id=\"quform_6_63_a23656_label\">Einzelmitglied<\/label><\/div><div class=\"quform-inner quform-inner-checkbox quform-inner-6_63\"><div class=\"quform-input quform-input-checkbox quform-input-6_63 quform-cf\"><div class=\"quform-options quform-cf quform-options-columns quform-2-columns quform-responsive-columns-phone-landscape quform-options-simple\" role=\"group\" aria-labelledby=\"quform_6_63_a23656_label\"><div class=\"quform-option\"><input type=\"checkbox\" name=\"quform_6_63[]\" id=\"quform_6_63_a23656_1\" class=\"quform-field quform-field-checkbox quform-field-6_63 quform-field-6_63_1\" value=\"Einzelmitglied CHF 50.- pro Jahr\" \/><label for=\"quform_6_63_a23656_1\" class=\"quform-option-label quform-option-label-6_63_1\"><span class=\"quform-option-text\">Einzelmitglied CHF 50.- pro Jahr<\/span><\/label><\/div><div class=\"quform-option\"><input type=\"checkbox\" name=\"quform_6_63[]\" id=\"quform_6_63_a23656_2\" class=\"quform-field quform-field-checkbox quform-field-6_63 quform-field-6_63_2\" value=\"Einzelmitglied CHF 10.- \/Jahr  (Studenten, AHV-IV, Arbeitslose)\" \/><label for=\"quform_6_63_a23656_2\" class=\"quform-option-label quform-option-label-6_63_2\"><span class=\"quform-option-text\">Einzelmitglied CHF 10.- \/Jahr  (Studenten, AHV-IV, Arbeitslose)<\/span><\/label><\/div><\/div><\/div><\/div><\/div><\/div><div class=\"quform-element quform-element-checkbox quform-element-6_64 quform-cf quform-element-optional\"><div class=\"quform-spacer\"><div class=\"quform-label quform-label-6_64\"><label class=\"quform-label-text\" id=\"quform_6_64_a23656_label\">Kollektivmitglied<\/label><\/div><div class=\"quform-inner quform-inner-checkbox quform-inner-6_64\"><div class=\"quform-input quform-input-checkbox quform-input-6_64 quform-cf\"><div class=\"quform-options quform-cf quform-options-columns quform-2-columns quform-responsive-columns-phone-landscape quform-options-simple\" role=\"group\" aria-labelledby=\"quform_6_64_a23656_label\"><div class=\"quform-option\"><input type=\"checkbox\" name=\"quform_6_64[]\" id=\"quform_6_64_a23656_1\" class=\"quform-field quform-field-checkbox quform-field-6_64 quform-field-6_64_1\" value=\"Kollektivmitglied CHF 150.- pro Jahr\" \/><label for=\"quform_6_64_a23656_1\" class=\"quform-option-label quform-option-label-6_64_1\"><span class=\"quform-option-text\">Kollektivmitglied CHF 150.- pro Jahr<\/span><\/label><\/div><\/div><\/div><\/div><\/div><\/div><div class=\"quform-element quform-element-checkbox quform-element-6_65 quform-cf quform-element-optional\"><div class=\"quform-spacer\"><div class=\"quform-label quform-label-6_65\"><label class=\"quform-label-text\" id=\"quform_6_65_a23656_label\">Partnermitglied<\/label><\/div><div class=\"quform-inner quform-inner-checkbox quform-inner-6_65\"><div class=\"quform-input quform-input-checkbox quform-input-6_65 quform-cf\"><div class=\"quform-options quform-cf quform-options-columns quform-2-columns quform-responsive-columns-phone-landscape quform-options-simple\" role=\"group\" aria-labelledby=\"quform_6_65_a23656_label\"><div class=\"quform-option\"><input type=\"checkbox\" name=\"quform_6_65[]\" id=\"quform_6_65_a23656_1\" class=\"quform-field quform-field-checkbox quform-field-6_65 quform-field-6_65_1\" value=\"Partnermitglied CHF 1\u2019000.- pro Jahr\" \/><label for=\"quform_6_65_a23656_1\" class=\"quform-option-label quform-option-label-6_65_1\"><span class=\"quform-option-text\">Partnermitglied CHF 1\u2019000.- pro Jahr<\/span><\/label><\/div><\/div><\/div><p class=\"quform-description quform-description-below\">(bevorzugter Rechnungstarif)<\/p><\/div><\/div><\/div><\/div><\/div><div class=\"quform-element quform-element-row quform-element-row-6_36 quform-1-columns quform-element-row-size-fixed quform-responsive-columns-phone-landscape\"><div class=\"quform-element quform-element-column quform-element-6_37\"><\/div><\/div><div class=\"quform-element quform-element-row quform-element-row-6_40 quform-1-columns quform-element-row-size-fixed quform-responsive-columns-phone-landscape\"><div class=\"quform-element quform-element-column quform-element-6_41\"><div class=\"quform-element quform-element-select quform-element-6_43 quform-cf quform-element-required\"><div class=\"quform-spacer\"><div class=\"quform-label quform-label-6_43\"><label class=\"quform-label-text\" for=\"quform_6_43_a23656\">H\u00f6flichkeitsformel<span class=\"quform-required\">*<\/span><\/label><\/div><div class=\"quform-inner quform-inner-select quform-inner-6_43\"><div class=\"quform-input quform-input-select quform-input-6_43 quform-cf\"><select id=\"quform_6_43_a23656\" name=\"quform_6_43\" class=\"quform-field quform-field-select quform-field-6_43\"><option value=\"\" selected=\"selected\">Bitte ausw\u00e4hlen<\/option><option value=\"Frau\">Frau<\/option><option value=\"Fr\u00e4ulein\">Fr\u00e4ulein<\/option><option value=\"Herr\">Herr<\/option><\/select><\/div><\/div><\/div><\/div><\/div><\/div><div class=\"quform-element quform-element-row quform-element-row-6_30 quform-2-columns quform-element-row-size-fixed quform-responsive-columns-phone-landscape\"><div class=\"quform-element quform-element-column quform-element-6_31\"><div class=\"quform-element quform-element-text quform-element-6_32 quform-cf quform-element-required\"><div class=\"quform-spacer\"><div class=\"quform-label quform-label-6_32\"><label class=\"quform-label-text\" for=\"quform_6_32_a23656\">Name<span class=\"quform-required\">*<\/span><\/label><\/div><div class=\"quform-inner quform-inner-text quform-inner-6_32\"><div class=\"quform-input quform-input-text quform-input-6_32 quform-cf\"><input type=\"text\" id=\"quform_6_32_a23656\" name=\"quform_6_32\" class=\"quform-field quform-field-text quform-field-6_32\" \/><\/div><\/div><\/div><\/div><\/div><div class=\"quform-element quform-element-column quform-element-6_33\"><div class=\"quform-element quform-element-text quform-element-6_34 quform-cf quform-element-required\"><div class=\"quform-spacer\"><div class=\"quform-label quform-label-6_34\"><label class=\"quform-label-text\" for=\"quform_6_34_a23656\">Vorname<span class=\"quform-required\">*<\/span><\/label><\/div><div class=\"quform-inner quform-inner-text quform-inner-6_34\"><div class=\"quform-input quform-input-text quform-input-6_34 quform-cf\"><input type=\"text\" id=\"quform_6_34_a23656\" name=\"quform_6_34\" class=\"quform-field quform-field-text quform-field-6_34\" \/><\/div><\/div><\/div><\/div><\/div><\/div><div class=\"quform-element quform-element-row quform-element-row-6_44 quform-1-columns quform-element-row-size-fixed quform-responsive-columns-phone-landscape\"><div class=\"quform-element quform-element-column quform-element-6_45\"><div class=\"quform-element quform-element-text quform-element-6_46 quform-cf quform-element-optional\"><div class=\"quform-spacer\"><div class=\"quform-label quform-label-6_46\"><label class=\"quform-label-text\" for=\"quform_6_46_a23656\">Firma<\/label><\/div><div class=\"quform-inner quform-inner-text quform-inner-6_46\"><div class=\"quform-input quform-input-text quform-input-6_46 quform-cf\"><input type=\"text\" id=\"quform_6_46_a23656\" name=\"quform_6_46\" class=\"quform-field quform-field-text quform-field-6_46\" \/><\/div><\/div><\/div><\/div><\/div><\/div><div class=\"quform-element quform-element-row quform-element-row-6_20 quform-1-columns quform-element-row-size-fixed quform-responsive-columns-phone-landscape\"><div class=\"quform-element quform-element-column quform-element-6_21\"><div class=\"quform-element quform-element-text quform-element-6_73 quform-cf quform-element-required\"><div class=\"quform-spacer\"><div class=\"quform-label quform-label-6_73\"><label class=\"quform-label-text\" for=\"quform_6_73_a23656\">Adresse<span class=\"quform-required\">*<\/span><\/label><\/div><div class=\"quform-inner quform-inner-text quform-inner-6_73\"><div class=\"quform-input quform-input-text quform-input-6_73 quform-cf\"><input type=\"text\" id=\"quform_6_73_a23656\" name=\"quform_6_73\" class=\"quform-field quform-field-text quform-field-6_73\" \/><\/div><\/div><\/div><\/div><\/div><\/div><div class=\"quform-element quform-element-row quform-element-row-6_49 quform-2-columns quform-element-row-size-fixed quform-responsive-columns-phone-landscape\"><div class=\"quform-element quform-element-column quform-element-6_50\"><div class=\"quform-element quform-element-text quform-element-6_74 quform-cf quform-element-required\"><div class=\"quform-spacer\"><div class=\"quform-label quform-label-6_74\"><label class=\"quform-label-text\" for=\"quform_6_74_a23656\">PLZ<span class=\"quform-required\">*<\/span><\/label><\/div><div class=\"quform-inner quform-inner-text quform-inner-6_74\"><div class=\"quform-input quform-input-text quform-input-6_74 quform-cf\"><input type=\"text\" id=\"quform_6_74_a23656\" name=\"quform_6_74\" class=\"quform-field quform-field-text quform-field-6_74\" \/><\/div><\/div><\/div><\/div><\/div><div class=\"quform-element quform-element-column quform-element-6_52\"><div class=\"quform-element quform-element-text quform-element-6_53 quform-cf quform-element-required\"><div class=\"quform-spacer\"><div class=\"quform-label quform-label-6_53\"><label class=\"quform-label-text\" for=\"quform_6_53_a23656\">Ort<span class=\"quform-required\">*<\/span><\/label><\/div><div class=\"quform-inner quform-inner-text quform-inner-6_53\"><div class=\"quform-input quform-input-text quform-input-6_53 quform-cf\"><input type=\"text\" id=\"quform_6_53_a23656\" name=\"quform_6_53\" class=\"quform-field quform-field-text quform-field-6_53\" \/><\/div><\/div><\/div><\/div><\/div><\/div><div class=\"quform-element quform-element-row quform-element-row-6_54 quform-2-columns quform-element-row-size-fixed quform-responsive-columns-phone-landscape\"><div class=\"quform-element quform-element-column quform-element-6_55\"><div class=\"quform-element quform-element-email quform-element-6_56 quform-cf quform-element-required\"><div class=\"quform-spacer\"><div class=\"quform-label quform-label-6_56\"><label class=\"quform-label-text\" for=\"quform_6_56_a23656\">E-Mail<span class=\"quform-required\">*<\/span><\/label><\/div><div class=\"quform-inner quform-inner-email quform-inner-6_56\"><div class=\"quform-input quform-input-email quform-input-6_56 quform-cf\"><input type=\"email\" id=\"quform_6_56_a23656\" name=\"quform_6_56\" class=\"quform-field quform-field-email quform-field-6_56\" \/><\/div><\/div><\/div><\/div><\/div><div class=\"quform-element quform-element-column quform-element-6_57\"><div class=\"quform-element quform-element-text quform-element-6_58 quform-cf quform-element-required\"><div class=\"quform-spacer\"><div class=\"quform-label quform-label-6_58\"><label class=\"quform-label-text\" for=\"quform_6_58_a23656\">Telefon<span class=\"quform-required\">*<\/span><\/label><\/div><div class=\"quform-inner quform-inner-text quform-inner-6_58\"><div class=\"quform-input quform-input-text quform-input-6_58 quform-cf\"><input type=\"text\" id=\"quform_6_58_a23656\" name=\"quform_6_58\" class=\"quform-field quform-field-text quform-field-6_58\" \/><\/div><\/div><\/div><\/div><\/div><\/div><div class=\"quform-element quform-element-row quform-element-row-6_66 quform-1-columns quform-element-row-size-fixed quform-responsive-columns-phone-landscape\"><div class=\"quform-element quform-element-column quform-element-6_67\"><div class=\"quform-element quform-element-textarea quform-element-6_72 quform-cf quform-element-optional\"><div class=\"quform-spacer\"><div class=\"quform-label quform-label-6_72\"><label class=\"quform-label-text\" for=\"quform_6_72_a23656\">Nachricht<\/label><\/div><div class=\"quform-inner quform-inner-textarea quform-inner-6_72\"><div class=\"quform-input quform-input-textarea quform-input-6_72 quform-cf\"><textarea id=\"quform_6_72_a23656\" name=\"quform_6_72\" class=\"quform-field quform-field-textarea quform-field-6_72\"><\/textarea><\/div><\/div><\/div><\/div><\/div><\/div><div class=\"quform-element quform-element-checkbox quform-element-6_59 quform-cf quform-element-optional\"><div class=\"quform-spacer\"><div class=\"quform-inner quform-inner-checkbox quform-inner-6_59\"><div class=\"quform-input quform-input-checkbox quform-input-6_59 quform-cf\"><div class=\"quform-options quform-cf quform-options-block quform-options-simple\"><div class=\"quform-option\"><input type=\"checkbox\" name=\"quform_6_59[]\" id=\"quform_6_59_a23656_1\" class=\"quform-field quform-field-checkbox quform-field-6_59 quform-field-6_59_1\" value=\"Ich m\u00f6chte regelm\u00e4\u00dfig Unterlagen und Informationen \u00fcber den Verein erhalten.\" \/><label for=\"quform_6_59_a23656_1\" class=\"quform-option-label quform-option-label-6_59_1\"><span class=\"quform-option-text\">Ich m\u00f6chte regelm\u00e4\u00dfig Unterlagen und Informationen \u00fcber den Verein erhalten.<\/span><\/label><\/div><\/div><\/div><\/div><\/div><\/div><div class=\"quform-element quform-element-html quform-element-6_60 quform-cf\"><div class=\"quform-spacer\">Die erhaltenen privaten Daten werden unter keinen Umst\u00e4nden an Dritte weitergegeben und vertraulich behandelt.<\/div><\/div><div class=\"quform-element quform-element-captcha quform-element-6_61 quform-cf quform-element-required\"><div class=\"quform-spacer\"><div class=\"quform-label quform-label-6_61\"><label class=\"quform-label-text\" for=\"quform_6_61_a23656\">Bitte geben Sie die Zeichen ein<span class=\"quform-required\">*<\/span><\/label><\/div><div class=\"quform-inner quform-inner-captcha quform-inner-6_61\"><div class=\"quform-input quform-input-captcha quform-input-6_61 quform-cf\"><input type=\"text\" id=\"quform_6_61_a23656\" name=\"quform_6_61\" class=\"quform-field quform-field-captcha quform-field-6_61\" \/><\/div><div class=\"quform-captcha quform-cf\"><div class=\"quform-captcha-image quform-captcha-image-6_61\"><img loading=\"lazy\" decoding=\"async\" class=\"quform-captcha-image-img\" src=\"data:image\/png;base64,iVBORw0KGgoAAAANSUhEUgAAAOYAAABQBAMAAAD\/1xTgAAAAG1BMVEX\/\/\/8iIiLj4+N0dHQ9PT1ZWVmQkJCsrKzHx8cTsjCPAAAACXBIWXMAAA7EAAAOxAGVKw4bAAAEkUlEQVRoge1Xz3fSShROhybN0pEEu0yqT1zCKbgmRa1LEfp8S\/JqQ5fgOdIug1bhz3bu\/P6RKnhaVvlOTyGXmfnm3vvdOxPPq1GjRo0aNWrUqFGjRo2\/BurheLpnzhxjHM33ShlgQGuvnCnlxPtzFL3adBnnB2YIb5NHZrxifFPi6xNmIskdzx6TNmeUODnAeMBMGTwfv5zgaPgo0X7BKXHnQMaWPkfc\/YenDAUlPvYxLpkxxwpR+eCc1M3xhPyLUXYuNnKVKdLjB+cEwX5kniWa+UDzVNjbs9uTHVb+efr61ut9cn9A4CD5PLKKk3Jee+irKiCqrOji9ezbNoyoyzVROj8B11P4MjLVsiL2M\/iykMFVmW+6DJuboj9ONMtCDHaFDz1vwMd0rCklHxDbnNruTjbLy\/6\/sGMtIJ7opdWcDTHU4sxl881EQklIYi4tOfIf9jxjHwM1fyU5y0o\/qzi7POSUfS6GdkgQl\/rec4NT85M4\/m59pStQAQL2hA+aesacD3LHHcE5Za7FchjPWtm7yHBL1xZL+vNKTgjdM85dmmbuTCrYG9QUZrS2OPw3pLKvS+qx5iWUg\/DEpUQjFirYsG5XG9Q5SxpNQ7ZHfGBmiAVJZUYuJ01IPIPIt8w5Ygup0AYaNZlopsYKGX1GVhAzVmErLQ8CStKG6qhGFSePGiJ\/mdMLczoxsBZfsNykFbWcKkqjlwcqgitdj2SpyPDH8w7pJnyqCgWSiOgabnYfPRvaAXJmTWmpIR3NjO1FArq7VJSWvvKw9CpAyvCcnSHnht1XnF2VQBBck8ZYRwaZNGXroW\/oM6z6KanknHtofVl8Me2HijNTRXRHBdQwQ0LoplAURo9bkMc2lETTJc3dWFEcGF2WG0Fwx5BgUxeHRESubKE8v5P9vnfWBg2Ni9nG3k0q69NXCu4yAS0szoDIx5YtrwJyoLn1KWtleG3YV7IMV7I4XnAB5dbVGxE+W7ai8hpV96mu1O1Q9zXHnAoKkk2Hb032m7k+MSS2bMUJEZonhyc2IhBrpHQroIo72YcD4frI7gopnlqy9US5B9j6gS2g8MwyR7MN9ESePZ+a3o778uYtEOCBJVsQXjynIXBjC+0zGp+eTrBwjEG79omNam1yYC6CcMuSLRs7LHq44swm\/rTo6BAyqHKiUcpeN7J3IZFjS7a+ljGbMlBLwj1N6hGOFeGq1EC4PJ1kpokjxZasNM4zayyUvtRDQ9sTyUccMkn\/Z844WRf9i8S0wSlkppj48oNHqazglIOJb7J+j6hy2v2L8Rd7ig16y7ZdR1nT+4qFkLbjbGz9yn0HzS10bj3tkiy4vrmtmHGoJUIe06g\/9+0E3YeQbrRRcTLfi4Ymyzvhm4\/jxbZvRtBSEtKBn\/55qLZNcdq8lLXCXo9a399tsYAPfga7vaR2aU8obpY9VQPylcztlA5A7JdZxUXrN5Av2Vr5yobjdkoH4T1F+DugkcYp\/GpfTrb1k99Vk104vSPVWfXqRz\/7b4zD7T7AtT6a7kQJr\/E8sP\/vOFHMXxbl7rPQuiiKquqtUaPGvvELGXrNlmJ0assAAAAASUVORK5CYII=\" alt=\"CAPTCHA image\" data-element-id=\"61\" width=\"115\" height=\"40\" \/><\/div><\/div><p class=\"quform-description quform-description-below\">Dies hilft uns, Spam zu vermeiden, danke.<\/p><\/div><\/div><\/div><div class=\"quform-element quform-element-submit quform-element-6_2 quform-cf quform-button-size-medium\"><div class=\"quform-button-submit quform-button-submit-default quform-button-submit-6_2\"><button name=\"quform_submit\" type=\"submit\" class=\"quform-submit\" value=\"submit\"><span class=\"quform-button-text quform-button-submit-text\">Senden<\/span><\/button><\/div><div class=\"quform-loading quform-loading-position-left quform-loading-type-spinner-1\"><div class=\"quform-loading-inner\"><div class=\"quform-loading-spinner\"><div class=\"quform-loading-spinner-inner\"><\/div><\/div><\/div><\/div><\/div><div class=\"quform-element quform-element-textarea quform-element-6_172536 quform-sr-only quform-cf\" style=\"clip: rect(1px, 1px, 1px, 1px); clip-path: inset(50%); position: absolute !important; height: 1px; width: 1px; overflow: hidden;\"><div class=\"quform-spacer\"><div class=\"quform-label quform-label-6_172536\"><label class=\"quform-label-text\" for=\"quform_6_172536_a23656\">Contact Email<span class=\"quform-required\">*<\/span><\/label><\/div><div class=\"quform-inner quform-inner-6_172536\"><textarea id=\"quform_6_172536_a23656\" name=\"quform_6_172536\" class=\"quform-field quform-field-textarea quform-field-6_172536\" tabindex=\"-1\" autocomplete=\"new-password\"><\/textarea><\/div><\/div><\/div><\/div><\/div><\/div><\/div><\/form><\/div>\n<p>&nbsp;<\/p>\n\t<div id=\"gap-1385722600\" class=\"gap-element clearfix\" style=\"display:block; height:auto;\">\n\t\t\n<style>\n#gap-1385722600 {\n  padding-top: 30px;\n}\n<\/style>\n\t<\/div>\n\t\n\n\n\t\t<\/div>\n\t\t\t\t\t<\/div>\n\n\t\n\n\t<div id=\"col-1726774092\" class=\"col medium-4 small-12 large-4\"  data-animate=\"fadeInRight\">\n\t\t\t\t<div class=\"col-inner\"  >\n\t\t\t\n\t\t\t\n\n\t<div id=\"text-3342344215\" class=\"text\">\n\t\t\n\n<h2>JE VEUX AIDER !<br>et soutenir l&#8217;association<br>de La Tuile&nbsp;<\/h2>\n\t\t\n<style>\n#text-3342344215 {\n  color: rgb(240, 121, 16);\n}\n#text-3342344215 > * {\n  color: rgb(240, 121, 16);\n}\n<\/style>\n\t<\/div>\n\t\n\n\t\t<\/div>\n\t\t\t\t\n<style>\n#col-1726774092 > .col-inner {\n  padding: 53px 32px 28px 30px;\n}\n<\/style>\n\t<\/div>\n\n\t\n\n<\/div>\n\n\t\t<\/div>\n\n\t\t\n<style>\n#section_194863000 {\n  padding-top: 5px;\n  padding-bottom: 5px;\n}\n<\/style>\n\t<\/section>\n\t\n","protected":false},"excerpt":{"rendered":"","protected":false},"author":2,"featured_media":0,"parent":8218,"menu_order":5,"comment_status":"closed","ping_status":"closed","template":"page-blank.php","meta":{"_uag_custom_page_level_css":"","footnotes":""},"class_list":["post-8237","page","type-page","status-publish","hentry"],"uagb_featured_image_src":{"full":false,"thumbnail":false,"medium":false,"medium_large":false,"large":false,"1536x1536":false,"2048x2048":false,"woocommerce_thumbnail":false,"woocommerce_single":false,"woocommerce_gallery_thumbnail":false},"uagb_author_info":{"display_name":"Tuile","author_link":"https:\/\/la-tuile.ch\/de\/author\/georges\/"},"uagb_comment_info":0,"uagb_excerpt":null,"_links":{"self":[{"href":"https:\/\/la-tuile.ch\/de\/wp-json\/wp\/v2\/pages\/8237","targetHints":{"allow":["GET"]}}],"collection":[{"href":"https:\/\/la-tuile.ch\/de\/wp-json\/wp\/v2\/pages"}],"about":[{"href":"https:\/\/la-tuile.ch\/de\/wp-json\/wp\/v2\/types\/page"}],"author":[{"embeddable":true,"href":"https:\/\/la-tuile.ch\/de\/wp-json\/wp\/v2\/users\/2"}],"replies":[{"embeddable":true,"href":"https:\/\/la-tuile.ch\/de\/wp-json\/wp\/v2\/comments?post=8237"}],"version-history":[{"count":1,"href":"https:\/\/la-tuile.ch\/de\/wp-json\/wp\/v2\/pages\/8237\/revisions"}],"predecessor-version":[{"id":8993,"href":"https:\/\/la-tuile.ch\/de\/wp-json\/wp\/v2\/pages\/8237\/revisions\/8993"}],"up":[{"embeddable":true,"href":"https:\/\/la-tuile.ch\/de\/wp-json\/wp\/v2\/pages\/8218"}],"wp:attachment":[{"href":"https:\/\/la-tuile.ch\/de\/wp-json\/wp\/v2\/media?parent=8237"}],"curies":[{"name":"wp","href":"https:\/\/api.w.org\/{rel}","templated":true}]}}