{"id":8243,"date":"2022-06-03T10:28:12","date_gmt":"2022-06-03T08:28:12","guid":{"rendered":"https:\/\/la-tuile.ch\/ich-bin-interessiert\/le-suivi-a-domicile\/"},"modified":"2023-02-27T16:48:20","modified_gmt":"2023-02-27T15:48:20","slug":"betreuung-zu-hause","status":"publish","type":"page","link":"https:\/\/la-tuile.ch\/de\/ich-bin-interessiert\/betreuung-zu-hause\/","title":{"rendered":"Betreuung zu Hause"},"content":{"rendered":"\n\n\t<section class=\"section\" id=\"section_424559871\">\n\t\t<div class=\"section-bg fill\" >\n\t\t\t\t\t\t\t\t\t\n\t\t\t\n\n\t\t<\/div>\n\n\t\t\n\n\t\t<div class=\"section-content relative\">\n\t\t\t\n\n<div class=\"row\"  id=\"row-2133404736\">\n\n\n\t<div id=\"col-626618419\" class=\"col medium-7 small-12 large-6\"  >\n\t\t\t\t<div class=\"col-inner\"  >\n\t\t\t\n\t\t\t\n\n\t<div id=\"gap-930848236\" class=\"gap-element clearfix\" style=\"display:block; height:auto;\">\n\t\t\n<style>\n#gap-930848236 {\n  padding-top: 50px;\n}\n@media (min-width:850px) {\n  #gap-930848236 {\n    padding-top: 30px;\n  }\n}\n<\/style>\n\t<\/div>\n\t\n\n\t<div id=\"text-3027750238\" class=\"text\">\n\t\t\n\n<h2>Betreuung zuhause<\/h2>\n\t\t\n<style>\n#text-3027750238 {\n  font-size: 2rem;\n  line-height: 1.45;\n  text-align: left;\n}\n<\/style>\n\t<\/div>\n\t\n<div class=\"is-divider divider clearfix\" style=\"margin-top:0.5em;margin-bottom:0.5em;max-width:100px;background-color:rgb(255, 138, 0);\"><\/div>\n\n\t<div id=\"text-1067725300\" class=\"text\">\n\t\t\n\n<h3>Einem Wohnungsverlust vorbeugen und die eigenst\u00e4ndige Wohnkompetenz f\u00f6rdern<\/h3>\n\t\t\n<style>\n#text-1067725300 {\n  text-align: left;\n}\n<\/style>\n\t<\/div>\n\t\n\n\t\t<\/div>\n\t\t\t\t\t<\/div>\n\n\t\n\n<\/div>\n\n\t\t<\/div>\n\n\t\t\n<style>\n#section_424559871 {\n  padding-top: 10px;\n  padding-bottom: 10px;\n}\n@media (min-width:550px) {\n  #section_424559871 {\n    padding-top: 0px;\n    padding-bottom: 0px;\n  }\n}\n@media (min-width:850px) {\n  #section_424559871 {\n    padding-top: 30px;\n    padding-bottom: 30px;\n  }\n}\n<\/style>\n\t<\/section>\n\t\n\n\t<section class=\"section\" id=\"section_1765467287\">\n\t\t<div class=\"section-bg fill\" >\n\t\t\t\t\t\t\t\t\t\n\t\t\t\n\n\t\t<\/div>\n\n\t\t\n\n\t\t<div class=\"section-content relative\">\n\t\t\t\n\n<div class=\"row\"  id=\"row-1437545044\">\n\n\n\t<div id=\"col-182123294\" class=\"col medium-6 small-12 large-6\"  >\n\t\t\t\t<div class=\"col-inner\"  >\n\t\t\t\n\t\t\t\n\n<p>Diese Dienstleistung richtet sich an vollj\u00e4hrige Personen, die \u00fcber eine eigene Wohnung im Kanton Freiburg verf\u00fcgen.<\/p>\n<p>Mit Besuchen zuhause wird eine sozialp\u00e4dagogische Betreuung durch ein mobiles Team von Sozialp\u00e4dagoginnen und Sozialp\u00e4dagogen angeboten.<\/p>\n\n\t\t<\/div>\n\t\t\t\t\t<\/div>\n\n\t\n\n\t<div id=\"col-1487942963\" class=\"col medium-6 small-12 large-6\"  data-animate=\"fadeInRight\">\n\t\t\t\t<div class=\"col-inner\"  >\n\t\t\t\n\t\t\t\n\n\t<div class=\"img has-hover show-for-small x md-x lg-x y md-y lg-y\" id=\"image_1894293200\">\n\t\t\t\t\t\t\t\t<div class=\"img-inner dark\" >\n\t\t\t<img loading=\"lazy\" decoding=\"async\" width=\"1200\" height=\"791\" src=\"https:\/\/la-tuile.ch\/wp-content\/uploads\/2022\/05\/ambiance02.jpg\" class=\"attachment-original size-original\" alt=\"\" srcset=\"https:\/\/la-tuile.ch\/wp-content\/uploads\/2022\/05\/ambiance02.jpg 1200w, https:\/\/la-tuile.ch\/wp-content\/uploads\/2022\/05\/ambiance02-300x198.jpg 300w, https:\/\/la-tuile.ch\/wp-content\/uploads\/2022\/05\/ambiance02-1024x675.jpg 1024w, https:\/\/la-tuile.ch\/wp-content\/uploads\/2022\/05\/ambiance02-768x506.jpg 768w, https:\/\/la-tuile.ch\/wp-content\/uploads\/2022\/05\/ambiance02-600x396.jpg 600w\" sizes=\"auto, (max-width: 1200px) 100vw, 1200px\" \/>\t\t\t\t\t\t\n\t\t\t\t\t<\/div>\n\t\t\t\t\t\t\t\t\n<style>\n#image_1894293200 {\n  width: 100%;\n}\n<\/style>\n\t<\/div>\n\t\n\n\n\t\t<\/div>\n\t\t\t\t\t<\/div>\n\n\t\n\n<\/div>\n\n\t\t<\/div>\n\n\t\t\n<style>\n#section_1765467287 {\n  padding-top: 5px;\n  padding-bottom: 5px;\n}\n<\/style>\n\t<\/section>\n\t\n\t<div class=\"img has-hover hide-for-medium x md-x lg-x y md-y lg-y\" id=\"image_678380968\">\n\t\t\t\t\t\t<div data-animate=\"fadeInLeft\">\t\t<div class=\"img-inner dark\" >\n\t\t\t<img loading=\"lazy\" decoding=\"async\" width=\"1200\" height=\"791\" src=\"https:\/\/la-tuile.ch\/wp-content\/uploads\/2022\/05\/ambiance02.jpg\" class=\"attachment-original size-original\" alt=\"\" srcset=\"https:\/\/la-tuile.ch\/wp-content\/uploads\/2022\/05\/ambiance02.jpg 1200w, https:\/\/la-tuile.ch\/wp-content\/uploads\/2022\/05\/ambiance02-300x198.jpg 300w, https:\/\/la-tuile.ch\/wp-content\/uploads\/2022\/05\/ambiance02-1024x675.jpg 1024w, https:\/\/la-tuile.ch\/wp-content\/uploads\/2022\/05\/ambiance02-768x506.jpg 768w, https:\/\/la-tuile.ch\/wp-content\/uploads\/2022\/05\/ambiance02-600x396.jpg 600w\" sizes=\"auto, (max-width: 1200px) 100vw, 1200px\" \/>\t\t\t\t\t\t\n\t\t\t\t\t<\/div>\n\t\t<\/div>\t\t\t\t\t\t\n<style>\n#image_678380968 {\n  width: 63%;\n}\n<\/style>\n\t<\/div>\n\t\n\n\n\t<section class=\"section\" id=\"section_715446763\">\n\t\t<div class=\"section-bg fill\" >\n\t\t\t\t\t\t\t\t\t\n\t\t\t\n\n\t\t<\/div>\n\n\t\t\n\n\t\t<div class=\"section-content relative\">\n\t\t\t\n\n<div class=\"row row-large\"  id=\"row-1698995739\">\n\n\n\t<div id=\"col-208047677\" class=\"col medium-6 small-12 large-6\"  >\n\t\t\t\t<div class=\"col-inner\"  >\n\t\t\t\n\t\t\t\n\n<h3>Die Ziele<\/h3>\n<p>Die Betreuung zuhause unterst\u00fctzt die Mieter:innen bei der Bew\u00e4ltigung ihres Alltags und ber\u00fccksichtigt dabei ihre individuellen Bed\u00fcrfnisse und Ziele.<\/p>\n<p>So wird dem Verlust der Wohnung oder einer Aufnahme in der Notschlafstelle vorgebeugt.<\/p>\n<p>Die Begleitung kann sich auf folgende Punkte beziehen:<\/p>\n<ul>\n<li>Instandhaltung der Wohnung<\/li>\n<li>Beziehungen zu den Nachbarn<\/li>\n<li>Organisation von Mahlzeiten und Eink\u00e4ufen (Men\u00fcs, Einkaufslisten, Vermittlung von Kontakten zu spezialisierten Dienststellen)<\/li>\n<li>Gesundheitsversorgung und Umgang mit Medikamenten (in Zusammenarbeit mit dem behandelnden Arzt)<\/li>\n<li>Umgang mit Geld (in Zusammenarbeit mit der Beistandschaft oder dem Sozialdienst)<\/li>\n<li>Organisation der W\u00e4sche<\/li>\n<li>Suche nach einer Arbeit oder einer T\u00e4tigkeit (Kontaktaufnahme mit spezialisierten Dienststellen)<\/li>\n<li>Besch\u00e4ftigungs- und Freizeitaktivit\u00e4ten (Aktivit\u00e4ten suchen, die Teilnahme daran vorschlagen und organisieren)<\/li>\n<li>Verwaltung von Terminen<\/li>\n<\/ul>\n<p>\u00a0<\/p>\n\n\t\t<\/div>\n\t\t\t\t\t<\/div>\n\n\t\n\n\t<div id=\"col-431406508\" class=\"col medium-6 small-12 large-6\"  >\n\t\t\t\t<div class=\"col-inner\"  >\n\t\t\t\n\t\t\t\n\n\t<div id=\"text-117531179\" class=\"text\">\n\t\t\n\n<h2><span dir=\"ltr\" role=\"presentation\">Hilfe, um seine Privatunterkunft zu behalten.<\/span><\/h2>\n\t\t\n<style>\n#text-117531179 {\n  color: #f07910;\n}\n#text-117531179 > * {\n  color: #f07910;\n}\n<\/style>\n\t<\/div>\n\t\n\t<div id=\"gap-669724728\" class=\"gap-element clearfix\" style=\"display:block; height:auto;\">\n\t\t\n<style>\n#gap-669724728 {\n  padding-top: 50px;\n}\n@media (min-width:850px) {\n  #gap-669724728 {\n    padding-top: 30px;\n  }\n}\n<\/style>\n\t<\/div>\n\t\n\n<h3>Das Angebot<\/h3>\n<p>Die sozialp\u00e4dagogischen Massnahmen werden individuell angepasst. Es wird ein Zusammenarbeitsvertrag erstellt, in dem die Ziele der Betreuung festgelegt werden.<\/p>\n<p>Der Besuch zuhause kann w\u00f6chentlich, zweimal pro Monat oder monatlich stattfinden. Die H\u00e4ufigkeit der Besuche wird an die jeweilige Situation angepasst.<\/p>\n<p>Die Kosten f\u00fcr die Dienstleistung k\u00f6nnen von den Erg\u00e4nzungsleistungen der AHV\/IV-Versicherungen \u00fcbernommen werden.<\/p>\n<p>\u00a0<\/p>\n<p>\u00a0<\/p>\n\n\t\t<\/div>\n\t\t\t\t\n<style>\n#col-431406508 > .col-inner {\n  padding: 0px 0px 0px 10%;\n}\n<\/style>\n\t<\/div>\n\n\t\n\n<\/div>\n\n\t\t<\/div>\n\n\t\t\n<style>\n#section_715446763 {\n  padding-top: 50px;\n  padding-bottom: 50px;\n}\n<\/style>\n\t<\/section>\n\t\n\n\t<section class=\"section\" id=\"section_1608123597\">\n\t\t<div class=\"section-bg fill\" >\n\t\t\t\t\t\t\t\t\t\n\t\t\t\n\n\t\t<\/div>\n\n\t\t\n\n\t\t<div class=\"section-content relative\">\n\t\t\t\n\n<div class=\"row\"  id=\"row-1470761161\">\n\n\n\t<div id=\"col-2107930083\" class=\"col medium-3 small-6 large-3\"  data-animate=\"fadeInLeft\">\n\t\t\t\t<div class=\"col-inner\"  >\n\t\t\t\n\t\t\t\n\n\n\t\t<\/div>\n\t\t\t\t\t<\/div>\n\n\t\n\n\t<div id=\"col-1230243151\" class=\"col medium-3 small-6 large-3\"  data-animate=\"fadeInDown\">\n\t\t\t\t<div class=\"col-inner\"  >\n\t\t\t\n\t\t\t\n\n\t<div class=\"box has-hover   has-hover box-text-bottom\" >\n\n\t\t<div class=\"box-image\" style=\"width:30%;\">\n\t\t\t\t\t\t<div class=\"\" >\n\t\t\t\t<img loading=\"lazy\" decoding=\"async\" width=\"68\" height=\"68\" src=\"https:\/\/la-tuile.ch\/wp-content\/uploads\/2022\/05\/Asset-12.svg\" class=\"attachment- size-\" alt=\"\" \/>\t\t\t\t\t\t\t\t\t\t\t<\/div>\n\t\t\t\t\t<\/div>\n\n\t\t<div class=\"box-text text-center\" >\n\t\t\t<div class=\"box-text-inner\">\n\t\t\t\t\n\n<h4>Telefon<\/h4>\n<p>+41 26 424 43 21<\/p>\n\n\t\t\t<\/div>\n\t\t<\/div>\n\t<\/div>\n\t\n\n\t\t<\/div>\n\t\t\t\t\t<\/div>\n\n\t\n\n\t<div id=\"col-617280198\" class=\"col medium-3 small-6 large-3\"  data-animate=\"fadeInDown\">\n\t\t\t\t<div class=\"col-inner\"  >\n\t\t\t\n\t\t\t\n\n\t<div class=\"box has-hover   has-hover box-default box-text-bottom\" >\n\n\t\t<div class=\"box-image\" style=\"width:31%;\">\n\t\t\t\t\t\t<div class=\"\" >\n\t\t\t\t<img loading=\"lazy\" decoding=\"async\" width=\"71\" height=\"70\" src=\"https:\/\/la-tuile.ch\/wp-content\/uploads\/2022\/05\/Asset-37.svg\" class=\"attachment- size-\" alt=\"\" \/>\t\t\t\t\t\t\t\t\t\t\t<\/div>\n\t\t\t\t\t<\/div>\n\n\t\t<div class=\"box-text text-center\" >\n\t\t\t<div class=\"box-text-inner\">\n\t\t\t\t\n\n<h4>E-mail<\/h4>\n<p><a href=\"mailto:logements@la-tuile.ch\">logements@la-tuile.ch<\/a><\/p>\n\n\t\t\t<\/div>\n\t\t<\/div>\n\t<\/div>\n\t\n\n\t\t<\/div>\n\t\t\t\t\t<\/div>\n\n\t\n\n\t<div id=\"col-173821182\" class=\"col medium-3 small-6 large-3\"  data-animate=\"fadeInRight\">\n\t\t\t\t<div class=\"col-inner\"  >\n\t\t\t\n\t\t\t\n\n\n\t\t<\/div>\n\t\t\t\t\t<\/div>\n\n\t\n\n<\/div>\n\n\t\t<\/div>\n\n\t\t\n<style>\n#section_1608123597 {\n  padding-top: 30px;\n  padding-bottom: 30px;\n}\n<\/style>\n\t<\/section>\n\t\n\n","protected":false},"excerpt":{"rendered":"","protected":false},"author":1,"featured_media":0,"parent":8218,"menu_order":6,"comment_status":"closed","ping_status":"closed","template":"page-blank.php","meta":{"_uag_custom_page_level_css":"","footnotes":""},"class_list":["post-8243","page","type-page","status-publish","hentry"],"uagb_featured_image_src":{"full":false,"thumbnail":false,"medium":false,"medium_large":false,"large":false,"1536x1536":false,"2048x2048":false,"woocommerce_thumbnail":false,"woocommerce_single":false,"woocommerce_gallery_thumbnail":false},"uagb_author_info":{"display_name":"LA TUILE","author_link":"https:\/\/la-tuile.ch\/de\/author\/s62schuler\/"},"uagb_comment_info":0,"uagb_excerpt":null,"_links":{"self":[{"href":"https:\/\/la-tuile.ch\/de\/wp-json\/wp\/v2\/pages\/8243","targetHints":{"allow":["GET"]}}],"collection":[{"href":"https:\/\/la-tuile.ch\/de\/wp-json\/wp\/v2\/pages"}],"about":[{"href":"https:\/\/la-tuile.ch\/de\/wp-json\/wp\/v2\/types\/page"}],"author":[{"embeddable":true,"href":"https:\/\/la-tuile.ch\/de\/wp-json\/wp\/v2\/users\/1"}],"replies":[{"embeddable":true,"href":"https:\/\/la-tuile.ch\/de\/wp-json\/wp\/v2\/comments?post=8243"}],"version-history":[{"count":1,"href":"https:\/\/la-tuile.ch\/de\/wp-json\/wp\/v2\/pages\/8243\/revisions"}],"predecessor-version":[{"id":9008,"href":"https:\/\/la-tuile.ch\/de\/wp-json\/wp\/v2\/pages\/8243\/revisions\/9008"}],"up":[{"embeddable":true,"href":"https:\/\/la-tuile.ch\/de\/wp-json\/wp\/v2\/pages\/8218"}],"wp:attachment":[{"href":"https:\/\/la-tuile.ch\/de\/wp-json\/wp\/v2\/media?parent=8243"}],"curies":[{"name":"wp","href":"https:\/\/api.w.org\/{rel}","templated":true}]}}