{"id":8249,"date":"2022-05-17T22:58:36","date_gmt":"2022-05-17T20:58:36","guid":{"rendered":"https:\/\/la-tuile.ch\/ich-bin-interessiert\/comite\/"},"modified":"2022-11-27T11:48:21","modified_gmt":"2022-11-27T10:48:21","slug":"vorstand","status":"publish","type":"page","link":"https:\/\/la-tuile.ch\/de\/ich-bin-interessiert\/vorstand\/","title":{"rendered":"Vorstand"},"content":{"rendered":"\n\n\t<section class=\"section\" id=\"section_1957358456\">\n\t\t<div class=\"section-bg fill\" >\n\t\t\t\t\t\t\t\t\t\n\t\t\t\n\n\t\t<\/div>\n\n\t\t\n\n\t\t<div class=\"section-content relative\">\n\t\t\t\n\n<div class=\"row\"  id=\"row-671661898\">\n\n\n\t<div id=\"col-1995054602\" class=\"col medium-7 small-12 large-6\"  >\n\t\t\t\t<div class=\"col-inner\"  >\n\t\t\t\n\t\t\t\n\n\t<div id=\"gap-25763586\" class=\"gap-element clearfix\" style=\"display:block; height:auto;\">\n\t\t\n<style>\n#gap-25763586 {\n  padding-top: 50px;\n}\n@media (min-width:850px) {\n  #gap-25763586 {\n    padding-top: 30px;\n  }\n}\n<\/style>\n\t<\/div>\n\t\n\n\t<div id=\"text-3320239149\" class=\"text\">\n\t\t\n\n<main class=\"template-page content  av-content-full alpha units\" role=\"main\">\n<div class=\"post-entry post-entry-type-page post-entry-210\">\n<div class=\"entry-content-wrapper clearfix\">\n<div class=\"hr av-kc6co1sb-e545f7a7ba9778e169cfa96088a23aea hr-invisible  avia-builder-el-0  el_before_av_heading  avia-builder-el-first  \">\n<h2 class=\"av-special-heading-tag \">Mitglieder des Vorstandes<\/h2>\n<\/div>\n<\/div>\n<\/div>\n<\/main>\n\t\t\n<style>\n#text-3320239149 {\n  font-size: 2rem;\n  line-height: 1.45;\n  text-align: left;\n}\n<\/style>\n\t<\/div>\n\t\n<div class=\"is-divider divider clearfix\" style=\"margin-top:0.5em;margin-bottom:0.5em;max-width:100px;background-color:rgb(255, 138, 0);\"><\/div>\n\n\t<div id=\"text-2478123194\" class=\"text\">\n\t\t\n\n<h3 class=\"iconbox_content_title  \">Der Vorstand besteht aus 5 bis 9 Mitgliedern. Er wird f\u00fcr ein Jahr gew\u00e4hlt und seine Mitglieder k\u00f6nnen wiedergew\u00e4hlt werden.<\/h3>\n\t\t\n<style>\n#text-2478123194 {\n  text-align: left;\n}\n<\/style>\n\t<\/div>\n\t\n\n\t\t<\/div>\n\t\t\t\t\t<\/div>\n\n\t\n\n<\/div>\n\n\t\t<\/div>\n\n\t\t\n<style>\n#section_1957358456 {\n  padding-top: 10px;\n  padding-bottom: 10px;\n}\n@media (min-width:550px) {\n  #section_1957358456 {\n    padding-top: 0px;\n    padding-bottom: 0px;\n  }\n}\n@media (min-width:850px) {\n  #section_1957358456 {\n    padding-top: 30px;\n    padding-bottom: 30px;\n  }\n}\n<\/style>\n\t<\/section>\n\t\n\n\t<section class=\"section\" id=\"section_431296983\">\n\t\t<div class=\"section-bg fill\" >\n\t\t\t\t\t\t\t\t\t\n\t\t\t\n\n\t\t<\/div>\n\n\t\t\n\n\t\t<div class=\"section-content relative\">\n\t\t\t\n\n<div class=\"row row-large\"  id=\"row-578997691\">\n\n\n\t<div id=\"col-389357421\" class=\"col medium-6 small-12 large-6\"  >\n\t\t\t\t<div class=\"col-inner\"  >\n\t\t\t\n\t\t\t\n\n<div class=\"page\" title=\"Page 1\">\n<div class=\"layoutArea\">\n<ul>\n<li>\u00a0Beno\u00eet Rey, Pr\u00e4sident<\/li>\n<li>C\u00e9cile Gachoud<\/li>\n<li>Georgette Rohrbasser<\/li>\n<li>Caroline Reynaud<\/li>\n<li>Marjorie Jaquet<\/li>\n<li>Charly Veuthey<\/li>\n<li>Antoine Sansonnens<\/li>\n<li>Eric Mullener, Diretion und Finanzen (mit beratender Stimme)<\/li>\n<\/ul>\n<\/div>\n<\/div>\n\n\t\t<\/div>\n\t\t\t\t\t<\/div>\n\n\t\n\n\t<div id=\"col-1627509391\" class=\"col medium-6 small-12 large-6\"  >\n\t\t\t\t<div class=\"col-inner\"  >\n\t\t\t\n\t\t\t\n\n\t<div id=\"text-4111158481\" class=\"text\">\n\t\t\n\n<h2>LA TUILE<\/h2>\n<h3>Notschlafstelle und Vorrichtung zur Wiedereingliederung durch Wohnungen des Kantons Freiburg<\/h3>\n<p>\u00a0<\/p>\n<h2><span dir=\"ltr\" role=\"presentation\">\u00a0<\/span><\/h2>\n\t\t\n<style>\n#text-4111158481 {\n  color: #f07910;\n}\n#text-4111158481 > * {\n  color: #f07910;\n}\n<\/style>\n\t<\/div>\n\t\n\n\t\t<\/div>\n\t\t\t\t\n<style>\n#col-1627509391 > .col-inner {\n  padding: 0px 0px 0px 10%;\n}\n<\/style>\n\t<\/div>\n\n\t\n\n<\/div>\n\n\t\t<\/div>\n\n\t\t\n<style>\n#section_431296983 {\n  padding-top: 50px;\n  padding-bottom: 50px;\n}\n<\/style>\n\t<\/section>\n\t\n\n","protected":false},"excerpt":{"rendered":"","protected":false},"author":1,"featured_media":0,"parent":8218,"menu_order":9,"comment_status":"closed","ping_status":"closed","template":"page-blank.php","meta":{"_uag_custom_page_level_css":"","footnotes":""},"class_list":["post-8249","page","type-page","status-publish","hentry"],"uagb_featured_image_src":{"full":false,"thumbnail":false,"medium":false,"medium_large":false,"large":false,"1536x1536":false,"2048x2048":false,"woocommerce_thumbnail":false,"woocommerce_single":false,"woocommerce_gallery_thumbnail":false},"uagb_author_info":{"display_name":"LA TUILE","author_link":"https:\/\/la-tuile.ch\/de\/author\/s62schuler\/"},"uagb_comment_info":0,"uagb_excerpt":null,"_links":{"self":[{"href":"https:\/\/la-tuile.ch\/de\/wp-json\/wp\/v2\/pages\/8249","targetHints":{"allow":["GET"]}}],"collection":[{"href":"https:\/\/la-tuile.ch\/de\/wp-json\/wp\/v2\/pages"}],"about":[{"href":"https:\/\/la-tuile.ch\/de\/wp-json\/wp\/v2\/types\/page"}],"author":[{"embeddable":true,"href":"https:\/\/la-tuile.ch\/de\/wp-json\/wp\/v2\/users\/1"}],"replies":[{"embeddable":true,"href":"https:\/\/la-tuile.ch\/de\/wp-json\/wp\/v2\/comments?post=8249"}],"version-history":[{"count":0,"href":"https:\/\/la-tuile.ch\/de\/wp-json\/wp\/v2\/pages\/8249\/revisions"}],"up":[{"embeddable":true,"href":"https:\/\/la-tuile.ch\/de\/wp-json\/wp\/v2\/pages\/8218"}],"wp:attachment":[{"href":"https:\/\/la-tuile.ch\/de\/wp-json\/wp\/v2\/media?parent=8249"}],"curies":[{"name":"wp","href":"https:\/\/api.w.org\/{rel}","templated":true}]}}