{"id":8252,"date":"2022-05-18T22:59:15","date_gmt":"2022-05-18T20:59:15","guid":{"rendered":"https:\/\/la-tuile.ch\/ich-bin-interessiert\/accueil-24\/"},"modified":"2023-02-27T15:54:38","modified_gmt":"2023-02-27T14:54:38","slug":"accueil-24","status":"publish","type":"page","link":"https:\/\/la-tuile.ch\/de\/ich-bin-interessiert\/accueil-24\/","title":{"rendered":"Accueil24"},"content":{"rendered":"\n\n\t<section class=\"section\" id=\"section_57459483\">\n\t\t<div class=\"section-bg fill\" >\n\t\t\t\t\t\t\t\t\t\n\t\t\t\n\n\t\t<\/div>\n\n\t\t\n\n\t\t<div class=\"section-content relative\">\n\t\t\t\n\n<div class=\"row\"  id=\"row-1067762851\">\n\n\n\t<div id=\"col-1448883961\" class=\"col medium-7 small-12 large-8\"  >\n\t\t\t\t<div class=\"col-inner\"  >\n\t\t\t\n\t\t\t\n\n\t<div id=\"gap-2107500391\" class=\"gap-element clearfix\" style=\"display:block; height:auto;\">\n\t\t\n<style>\n#gap-2107500391 {\n  padding-top: 50px;\n}\n@media (min-width:850px) {\n  #gap-2107500391 {\n    padding-top: 30px;\n  }\n}\n<\/style>\n\t<\/div>\n\t\n\n\t<div id=\"text-1730014785\" class=\"text\">\n\t\t\n\n<h1>Unterkunft<em>24<\/em><\/h1>\n\t\t\n<style>\n#text-1730014785 {\n  font-size: 2rem;\n  line-height: 1.45;\n  text-align: left;\n}\n<\/style>\n\t<\/div>\n\t\n<div class=\"is-divider divider clearfix\" style=\"margin-top:0.5em;margin-bottom:0.5em;max-width:100px;background-color:rgb(255, 138, 0);\"><\/div>\n\n\t<div id=\"text-265237923\" class=\"text\">\n\t\t\n\n<h3 class=\"p1\">Mit dieser seit 2012 bestehenden Dienstleistung wird k\u00f6rperlich oder psychisch beeintr\u00e4chtigten Menschen eine 24-Stunden-Unterkunft geboten.<\/h3>\n\t\t\n<style>\n#text-265237923 {\n  text-align: left;\n}\n<\/style>\n\t<\/div>\n\t\n\n\t\t<\/div>\n\t\t\t\t\t<\/div>\n\n\t\n\n<\/div>\n\n\t\t<\/div>\n\n\t\t\n<style>\n#section_57459483 {\n  padding-top: 10px;\n  padding-bottom: 10px;\n}\n@media (min-width:550px) {\n  #section_57459483 {\n    padding-top: 0px;\n    padding-bottom: 0px;\n  }\n}\n@media (min-width:850px) {\n  #section_57459483 {\n    padding-top: 30px;\n    padding-bottom: 30px;\n  }\n}\n<\/style>\n\t<\/section>\n\t\n\n\t<section class=\"section\" id=\"section_1334411835\">\n\t\t<div class=\"section-bg fill\" >\n\t\t\t\t\t\t\t\t\t\n\t\t\t\n\n\t\t<\/div>\n\n\t\t\n\n\t\t<div class=\"section-content relative\">\n\t\t\t\n\n\t<div id=\"gap-575315470\" class=\"gap-element clearfix\" style=\"display:block; height:auto;\">\n\t\t\n<style>\n#gap-575315470 {\n  padding-top: 30px;\n}\n<\/style>\n\t<\/div>\n\t\n\n<div class=\"row\"  id=\"row-1583022474\">\n\n\n\t<div id=\"col-288214327\" class=\"col medium-12 small-12 large-6\"  data-animate=\"fadeInLeft\">\n\t\t\t\t<div class=\"col-inner text-right\"  >\n\t\t\t\n\t\t\t\n\n\t<div class=\"img has-hover x md-x lg-x y md-y lg-y\" id=\"image_1883660618\">\n\t\t\t\t\t\t<div data-animate=\"fadeInLeft\">\t\t<div class=\"img-inner dark\" >\n\t\t\t<img loading=\"lazy\" decoding=\"async\" width=\"303\" height=\"500\" src=\"https:\/\/la-tuile.ch\/wp-content\/uploads\/2022\/05\/personne03.jpg\" class=\"attachment-original size-original\" alt=\"\" srcset=\"https:\/\/la-tuile.ch\/wp-content\/uploads\/2022\/05\/personne03.jpg 303w, https:\/\/la-tuile.ch\/wp-content\/uploads\/2022\/05\/personne03-182x300.jpg 182w\" sizes=\"auto, (max-width: 303px) 100vw, 303px\" \/>\t\t\t\t\t\t\n\t\t\t\t\t<\/div>\n\t\t<\/div>\t\t\t\t\t\t\n<style>\n#image_1883660618 {\n  width: 55%;\n}\n<\/style>\n\t<\/div>\n\t\n\n\n\t\t<\/div>\n\t\t\t\t\t<\/div>\n\n\t\n\n\t<div id=\"col-1320968272\" class=\"col medium-12 small-12 large-6\"  >\n\t\t\t\t<div class=\"col-inner text-left\"  >\n\t\t\t\n\t\t\t\n\n\t<div id=\"gap-436017281\" class=\"gap-element clearfix\" style=\"display:block; height:auto;\">\n\t\t\n<style>\n#gap-436017281 {\n  padding-top: 10px;\n}\n@media (min-width:850px) {\n  #gap-436017281 {\n    padding-top: 30px;\n  }\n}\n<\/style>\n\t<\/div>\n\t\n\n\t<div id=\"text-3323811289\" class=\"text\">\n\t\t\n\n<p>Ziel dieser Zusatzdienstleistung zur Notschlafstelle ist die Unterbringung von \u00e4lteren Menschen, von Personen mit eingeschr\u00e4nkter Mobilit\u00e4t, von kranken Menschen und\/oder Personen, die Erholung und\/oder eine umfangreiche Behandlung ben\u00f6tigen.<\/p>\n<p>Das Angebot Unterkunft<em>24<\/em> erg\u00e4nzt unsere Dienstleistungen im Bereich der Aufnahme, indem es sich an die spezifischen Bed\u00fcrfnisse seiner Nutzer:innen anpasst. So k\u00f6nnen Personen, die sich in einer prek\u00e4ren Wohnsituation befinden und deren Gesundheitszustand beeintr\u00e4chtigt ist, w\u00fcrdevoll aufgenommen werden.<\/p>\n\t\t\n<style>\n#text-3323811289 {\n  font-size: 1.2rem;\n}\n<\/style>\n\t<\/div>\n\t\n\n\t\t<\/div>\n\t\t\t\t\n<style>\n#col-1320968272 > .col-inner {\n  padding: 0px 0px 0px 0;\n}\n@media (min-width:850px) {\n  #col-1320968272 > .col-inner {\n    padding: 0px 0px 0px 10%;\n  }\n}\n<\/style>\n\t<\/div>\n\n\t\n\n<\/div>\n\n\t\t<\/div>\n\n\t\t\n<style>\n#section_1334411835 {\n  padding-top: 40px;\n  padding-bottom: 40px;\n}\n@media (min-width:850px) {\n  #section_1334411835 {\n    padding-top: 5px;\n    padding-bottom: 5px;\n  }\n}\n<\/style>\n\t<\/section>\n\t\n\n\t<section class=\"section\" id=\"section_1336082856\">\n\t\t<div class=\"section-bg fill\" >\n\t\t\t\t\t\t\t\t\t\n\t\t\t\n\n\t\t<\/div>\n\n\t\t\n\n\t\t<div class=\"section-content relative\">\n\t\t\t\n\n<div class=\"row\"  id=\"row-1044428815\">\n\n\n\t<div id=\"col-291652497\" class=\"col medium-12 small-12 large-6\"  >\n\t\t\t\t<div class=\"col-inner\"  >\n\t\t\t\n\t\t\t\n\n<h3>Die Ziele<\/h3>\n<p>Der Hauptschwerpunkt des Angebots Unterkunft<em>24<\/em> liegt in der Begleitung von schutzbed\u00fcrftigen Personen und deren Betreuung bei der medizinischen Versorgung. Es werden innovative L\u00f6sungen entwickelt, die soziale und gesundheitliche Ans\u00e4tze miteinander verbinden.<\/p>\n<p>Neben diesem Aspekt ist die Dienstleistung auch ein Instrument zur Bewertung der Wohnf\u00e4higkeit, womit auf die Entlassung der betreuten Person hingearbeitet werden kann.<\/p>\n<ul>\n<li>Gesundheitsversorgung und Gew\u00e4hrleistung der Sicherheit<\/li>\n<li>Instandhaltung der Wohnung<\/li>\n<li>Unterst\u00fctzung bei der Bereitstellung von Mahlzeiten \/ Pflegeleistungen zuhause<\/li>\n<li>Unterst\u00fctzung bei der Reinigung<\/li>\n<li>Unterst\u00fctzung bei administrativen Angelegenheiten<\/li>\n<\/ul>\n<p>\u00a0<\/p>\n\n\t\t<\/div>\n\t\t\t\t\t<\/div>\n\n\t\n\n\t<div id=\"col-1688938886\" class=\"col medium-12 small-12 large-6\"  data-animate=\"fadeInRight\">\n\t\t\t\t<div class=\"col-inner text-left\"  >\n\t\t\t\n\t\t\t\n\n\t<div id=\"text-3922994518\" class=\"text\">\n\t\t\n\n<h2>Die Unterk\u00fcnfte sind rund um die Uhr verf\u00fcgbar<\/h2>\n\t\t\n<style>\n#text-3922994518 {\n  color: #f07910;\n}\n#text-3922994518 > * {\n  color: #f07910;\n}\n<\/style>\n\t<\/div>\n\t\n\n\t\t<\/div>\n\t\t\t\t\n<style>\n#col-1688938886 > .col-inner {\n  padding: 0px 0px 0px 0;\n}\n@media (min-width:850px) {\n  #col-1688938886 > .col-inner {\n    padding: 50px 0px 0px 10%;\n  }\n}\n<\/style>\n\t<\/div>\n\n\t\n\n<\/div>\n\n\t\t<\/div>\n\n\t\t\n<style>\n#section_1336082856 {\n  padding-top: 40px;\n  padding-bottom: 40px;\n}\n@media (min-width:850px) {\n  #section_1336082856 {\n    padding-top: 5px;\n    padding-bottom: 5px;\n  }\n}\n<\/style>\n\t<\/section>\n\t\n\n\t<section class=\"section\" id=\"section_546683751\">\n\t\t<div class=\"section-bg fill\" >\n\t\t\t\t\t\t\t\t\t\n\t\t\t\n\n\t\t<\/div>\n\n\t\t\n\n\t\t<div class=\"section-content relative\">\n\t\t\t\n\n<div class=\"row row-large\"  id=\"row-1724996871\">\n\n\n\t<div id=\"col-1542435947\" class=\"col medium-6 small-12 large-6\"  >\n\t\t\t\t<div class=\"col-inner\"  >\n\t\t\t\n\t\t\t\n\n<h3>Das Angebot<\/h3>\n<p>Die sozialp\u00e4dagogischen Massnahmen werden individuell angepasst. Mindestens eine Intervention pro Woche ist vorgesehen, aber je nach Bedarf k\u00f6nnen zus\u00e4tzliche Interventionen vereinbart werden.<\/p>\n\n\t\t<\/div>\n\t\t\t\t\t<\/div>\n\n\t\n\n\t<div id=\"col-2098477550\" class=\"col medium-6 small-12 large-6\"  >\n\t\t\t\t<div class=\"col-inner\"  >\n\t\t\t\n\t\t\t\n\n\n\t\t<\/div>\n\t\t\t\t\n<style>\n#col-2098477550 > .col-inner {\n  padding: 0px 0px 0px 10%;\n}\n<\/style>\n\t<\/div>\n\n\t\n\n<\/div>\n\n\t\t<\/div>\n\n\t\t\n<style>\n#section_546683751 {\n  padding-top: 10px;\n  padding-bottom: 10px;\n  margin-bottom: 5px;\n}\n<\/style>\n\t<\/section>\n\t\n\n\t<section class=\"section\" id=\"section_1569323893\">\n\t\t<div class=\"section-bg fill\" >\n\t\t\t\t\t\t\t\t\t\n\t\t\t\n\n\t\t<\/div>\n\n\t\t\n\n\t\t<div class=\"section-content relative\">\n\t\t\t\n\n<div class=\"row\"  id=\"row-1135908093\">\n\n\n\t<div id=\"col-1158479720\" class=\"col small-12 large-12\"  >\n\t\t\t\t<div class=\"col-inner\"  >\n\t\t\t\n\t\t\t\n\n\t<div class=\"box has-hover   has-hover box-bounce box-text-bottom\" >\n\n\t\t<div class=\"box-image\" style=\"width:13%;\">\n\t\t\t\t\t\t<div class=\"\" >\n\t\t\t\t<img loading=\"lazy\" decoding=\"async\" width=\"69\" height=\"64\" src=\"https:\/\/la-tuile.ch\/wp-content\/uploads\/2022\/05\/Asset-81.svg\" class=\"attachment- size-\" alt=\"\" \/>\t\t\t\t\t\t\t\t\t\t\t<\/div>\n\t\t\t\t\t<\/div>\n\n\t\t<div class=\"box-text text-center\" >\n\t\t\t<div class=\"box-text-inner\">\n\t\t\t\t\n\n\t<div id=\"text-2616119772\" class=\"text\">\n\t\t\n\n<p>\u00a05 Studios und 3 Zimmer<br \/>in einer Wohngemeinschaft<\/p>\n<p class=\"p1\">ab 2023: <i>Unterkunft<em>24 <\/em><\/i><\/p>\n<p class=\"p1\">8 Studios in einem neu errichteten Pavillon<\/p>\n<p class=\"p1\">und 3 Zimmer in einer Wohngemeinschaft.<\/p>\n<p>\u00a0<\/p>\n<p>\u00a0<\/p>\n\t\t\n<style>\n#text-2616119772 {\n  font-size: 1rem;\n}\n<\/style>\n\t<\/div>\n\t\n\n\t\t\t<\/div>\n\t\t<\/div>\n\t<\/div>\n\t\n\n\t\t<\/div>\n\t\t\t\t\t<\/div>\n\n\t\n\n<\/div>\n\n\t\t<\/div>\n\n\t\t\n<style>\n#section_1569323893 {\n  padding-top: 0px;\n  padding-bottom: 0px;\n}\n<\/style>\n\t<\/section>\n\t\n\n\t<section class=\"section\" id=\"section_1334438695\">\n\t\t<div class=\"section-bg fill\" >\n\t\t\t\t\t\t\t\t\t\n\t\t\t\n\n\t\t<\/div>\n\n\t\t\n\n\t\t<div class=\"section-content relative\">\n\t\t\t\n\n<div class=\"row\"  id=\"row-34938374\">\n\n\n\t<div id=\"col-1990576031\" class=\"col medium-6 small-12 large-6\"  >\n\t\t\t\t<div class=\"col-inner\"  >\n\t\t\t\n\t\t\t\n\n\t<div class=\"box has-hover   has-hover box-text-bottom\" >\n\n\t\t<div class=\"box-image\" style=\"width:13%;\">\n\t\t\t\t\t\t<div class=\"\" >\n\t\t\t\t<img loading=\"lazy\" decoding=\"async\" width=\"68\" height=\"68\" src=\"https:\/\/la-tuile.ch\/wp-content\/uploads\/2022\/05\/Asset-12.svg\" class=\"attachment- size-\" alt=\"\" \/>\t\t\t\t\t\t\t\t\t\t\t<\/div>\n\t\t\t\t\t<\/div>\n\n\t\t<div class=\"box-text text-center\" >\n\t\t\t<div class=\"box-text-inner\">\n\t\t\t\t\n\n\t<div id=\"text-725745771\" class=\"text\">\n\t\t\n\n<h4>Telefon<\/h4>\n<p>+41 26 424 43 21<\/p>\n\t\t\n<style>\n#text-725745771 {\n  font-size: 1rem;\n}\n<\/style>\n\t<\/div>\n\t\n\n\t\t\t<\/div>\n\t\t<\/div>\n\t<\/div>\n\t\n\n\t\t<\/div>\n\t\t\t\t\t<\/div>\n\n\t\n\n\t<div id=\"col-814138702\" class=\"col medium-6 small-12 large-6\"  >\n\t\t\t\t<div class=\"col-inner\"  >\n\t\t\t\n\t\t\t\n\n\t<div class=\"box has-hover   has-hover box-default box-text-bottom\" >\n\n\t\t<div class=\"box-image\" style=\"width:13%;\">\n\t\t\t\t\t\t<div class=\"\" >\n\t\t\t\t<img loading=\"lazy\" decoding=\"async\" width=\"71\" height=\"70\" src=\"https:\/\/la-tuile.ch\/wp-content\/uploads\/2022\/05\/Asset-37.svg\" class=\"attachment- size-\" alt=\"\" \/>\t\t\t\t\t\t\t\t\t\t\t<\/div>\n\t\t\t\t\t<\/div>\n\n\t\t<div class=\"box-text text-center\" >\n\t\t\t<div class=\"box-text-inner\">\n\t\t\t\t\n\n\t<div id=\"text-494484003\" class=\"text\">\n\t\t\n\n<h4>E-mail<\/h4>\n<p><a href=\"mailto:accueil@la-tuile.ch\">accueil@la-tuile.ch<\/a><\/p>\n\t\t\n<style>\n#text-494484003 {\n  font-size: 1rem;\n}\n<\/style>\n\t<\/div>\n\t\n\n\t\t\t<\/div>\n\t\t<\/div>\n\t<\/div>\n\t\n\n\t\t<\/div>\n\t\t\t\t\t<\/div>\n\n\t\n\n<\/div>\n\n\t\t<\/div>\n\n\t\t\n<style>\n#section_1334438695 {\n  padding-top: 0px;\n  padding-bottom: 0px;\n}\n<\/style>\n\t<\/section>\n\t\n\n","protected":false},"excerpt":{"rendered":"","protected":false},"author":1,"featured_media":0,"parent":8218,"menu_order":10,"comment_status":"closed","ping_status":"closed","template":"page-blank.php","meta":{"_uag_custom_page_level_css":"","footnotes":""},"class_list":["post-8252","page","type-page","status-publish","hentry"],"uagb_featured_image_src":{"full":false,"thumbnail":false,"medium":false,"medium_large":false,"large":false,"1536x1536":false,"2048x2048":false,"woocommerce_thumbnail":false,"woocommerce_single":false,"woocommerce_gallery_thumbnail":false},"uagb_author_info":{"display_name":"LA TUILE","author_link":"https:\/\/la-tuile.ch\/de\/author\/s62schuler\/"},"uagb_comment_info":0,"uagb_excerpt":null,"_links":{"self":[{"href":"https:\/\/la-tuile.ch\/de\/wp-json\/wp\/v2\/pages\/8252","targetHints":{"allow":["GET"]}}],"collection":[{"href":"https:\/\/la-tuile.ch\/de\/wp-json\/wp\/v2\/pages"}],"about":[{"href":"https:\/\/la-tuile.ch\/de\/wp-json\/wp\/v2\/types\/page"}],"author":[{"embeddable":true,"href":"https:\/\/la-tuile.ch\/de\/wp-json\/wp\/v2\/users\/1"}],"replies":[{"embeddable":true,"href":"https:\/\/la-tuile.ch\/de\/wp-json\/wp\/v2\/comments?post=8252"}],"version-history":[{"count":2,"href":"https:\/\/la-tuile.ch\/de\/wp-json\/wp\/v2\/pages\/8252\/revisions"}],"predecessor-version":[{"id":9005,"href":"https:\/\/la-tuile.ch\/de\/wp-json\/wp\/v2\/pages\/8252\/revisions\/9005"}],"up":[{"embeddable":true,"href":"https:\/\/la-tuile.ch\/de\/wp-json\/wp\/v2\/pages\/8218"}],"wp:attachment":[{"href":"https:\/\/la-tuile.ch\/de\/wp-json\/wp\/v2\/media?parent=8252"}],"curies":[{"name":"wp","href":"https:\/\/api.w.org\/{rel}","templated":true}]}}