{"id":8255,"date":"2022-05-22T11:03:48","date_gmt":"2022-05-22T09:03:48","guid":{"rendered":"https:\/\/la-tuile.ch\/ich-bin-interessiert\/housing-first\/"},"modified":"2023-02-27T14:00:46","modified_gmt":"2023-02-27T13:00:46","slug":"housing-first","status":"publish","type":"page","link":"https:\/\/la-tuile.ch\/de\/ich-bin-interessiert\/housing-first\/","title":{"rendered":"Housing First"},"content":{"rendered":"\n\n\t<section class=\"section\" id=\"section_68703574\">\n\t\t<div class=\"section-bg fill\" >\n\t\t\t\t\t\t\t\t\t\n\t\t\t\n\n\t\t<\/div>\n\n\t\t\n\n\t\t<div class=\"section-content relative\">\n\t\t\t\n\n<div class=\"row\"  id=\"row-1262864466\">\n\n\n\t<div id=\"col-249942809\" class=\"col medium-7 small-12 large-8\"  >\n\t\t\t\t<div class=\"col-inner\"  >\n\t\t\t\n\t\t\t\n\n\t<div id=\"gap-380850721\" class=\"gap-element clearfix\" style=\"display:block; height:auto;\">\n\t\t\n<style>\n#gap-380850721 {\n  padding-top: 50px;\n}\n@media (min-width:850px) {\n  #gap-380850721 {\n    padding-top: 30px;\n  }\n}\n<\/style>\n\t<\/div>\n\t\n\n\t<div id=\"text-1263719205\" class=\"text\">\n\t\t\n\n<h1>Housing First<\/h1>\n\t\t\n<style>\n#text-1263719205 {\n  font-size: 2rem;\n  line-height: 1.45;\n  text-align: left;\n}\n<\/style>\n\t<\/div>\n\t\n<div class=\"is-divider divider clearfix\" style=\"margin-top:0.5em;margin-bottom:0.5em;max-width:100px;background-color:rgb(255, 138, 0);\"><\/div>\n\n\t<div id=\"text-3683020141\" class=\"text\">\n\t\t\n\n<h3>Das im Jahr 2003 eingef\u00fchrte betreute Wohnen von La Tuile ist der Wegbereiter des \u00abHousing First\u00bb (Wohnen zuerst) in Freiburg.<\/h3>\n\t\t\n<style>\n#text-3683020141 {\n  text-align: left;\n}\n<\/style>\n\t<\/div>\n\t\n\n\t\t<\/div>\n\t\t\t\t\t<\/div>\n\n\t\n\n<\/div>\n\n\t\t<\/div>\n\n\t\t\n<style>\n#section_68703574 {\n  padding-top: 10px;\n  padding-bottom: 10px;\n}\n@media (min-width:550px) {\n  #section_68703574 {\n    padding-top: 0px;\n    padding-bottom: 0px;\n  }\n}\n@media (min-width:850px) {\n  #section_68703574 {\n    padding-top: 30px;\n    padding-bottom: 30px;\n  }\n}\n<\/style>\n\t<\/section>\n\t\n\n\t<section class=\"section\" id=\"section_194282455\">\n\t\t<div class=\"section-bg fill\" >\n\t\t\t\t\t\t\t\t\t\n\t\t\t\n\n\t\t<\/div>\n\n\t\t\n\n\t\t<div class=\"section-content relative\">\n\t\t\t\n\n<div class=\"row align-bottom\"  id=\"row-1662106246\">\n\n\n\t<div id=\"col-1325357072\" class=\"col medium-12 small-12 large-6\"  >\n\t\t\t\t<div class=\"col-inner text-left\"  >\n\t\t\t\n\t\t\t\n\n\t<div id=\"text-2865604871\" class=\"text\">\n\t\t\n\n<h3>Das betreute Wohnen<\/h3>\n<p>Das Angebot des betreuten Wohnens von La Tuile soll der Aufnahme von Personen in der Notschlafstelle vorbeugen und das Verlassen der \u00dcbernachtungsst\u00e4tte f\u00f6rdern. Es zielt auf Wiedereingliederung durch den Zugang zu Wohnraum ab.<\/p>\n<p>Das betreute Wohnen richtet sich an Personen in prek\u00e4ren Wohnsituationen, die Schwierigkeiten haben, eine Wohnung zu finden und\/oder zu behalten.<\/p>\n<p>Mit professioneller sozialp\u00e4dagogischer Betreuung, die auf die Bed\u00fcrfnisse jedes Einzelnen zugeschnitten ist, beugt das betreute Wohnen Kreisl\u00e4ufen vor, die immer wieder zur\u00fcck in die Notschlafstelle f\u00fchren.<\/p>\n<p>&nbsp;<\/p>\n\t\t\n<style>\n#text-2865604871 {\n  font-size: 1.2rem;\n}\n<\/style>\n\t<\/div>\n\t\n\n\t\t<\/div>\n\t\t\t\t\n<style>\n#col-1325357072 > .col-inner {\n  padding: 0px 0px 0px 0;\n}\n<\/style>\n\t<\/div>\n\n\t\n\n\t<div id=\"col-1056389294\" class=\"col medium-12 small-12 large-6\"  data-animate=\"fadeInLeft\">\n\t\t\t\t<div class=\"col-inner\"  >\n\t\t\t\n\t\t\t\n\n\n\t\t<\/div>\n\t\t\t\t\t<\/div>\n\n\t\n\n<\/div>\n\t<div class=\"img has-hover hide-for-medium x md-x lg-x y md-y lg-y\" id=\"image_2083655932\">\n\t\t\t\t\t\t<div data-animate=\"fadeInLeft\">\t\t<div class=\"img-inner dark\" >\n\t\t\t<img loading=\"lazy\" decoding=\"async\" width=\"1020\" height=\"660\" src=\"https:\/\/la-tuile.ch\/wp-content\/uploads\/2022\/09\/ambiance15-1024x663.jpg\" class=\"attachment-large size-large\" alt=\"\" srcset=\"https:\/\/la-tuile.ch\/wp-content\/uploads\/2022\/09\/ambiance15-1024x663.jpg 1024w, https:\/\/la-tuile.ch\/wp-content\/uploads\/2022\/09\/ambiance15-300x194.jpg 300w, https:\/\/la-tuile.ch\/wp-content\/uploads\/2022\/09\/ambiance15-768x497.jpg 768w, https:\/\/la-tuile.ch\/wp-content\/uploads\/2022\/09\/ambiance15-600x389.jpg 600w, https:\/\/la-tuile.ch\/wp-content\/uploads\/2022\/09\/ambiance15.jpg 1200w\" sizes=\"auto, (max-width: 1020px) 100vw, 1020px\" \/>\t\t\t\t\t\t\n\t\t\t\t\t<\/div>\n\t\t<\/div>\t\t\t\t\t\t\n<style>\n#image_2083655932 {\n  width: 50%;\n}\n<\/style>\n\t<\/div>\n\t\n\n\t<div class=\"img has-hover show-for-small x md-x lg-x y md-y lg-y\" id=\"image_2143606436\">\n\t\t\t\t\t\t<div data-animate=\"fadeInLeft\">\t\t<div class=\"img-inner dark\" >\n\t\t\t<img loading=\"lazy\" decoding=\"async\" width=\"1020\" height=\"660\" src=\"https:\/\/la-tuile.ch\/wp-content\/uploads\/2022\/09\/ambiance15-1024x663.jpg\" class=\"attachment-large size-large\" alt=\"\" srcset=\"https:\/\/la-tuile.ch\/wp-content\/uploads\/2022\/09\/ambiance15-1024x663.jpg 1024w, https:\/\/la-tuile.ch\/wp-content\/uploads\/2022\/09\/ambiance15-300x194.jpg 300w, https:\/\/la-tuile.ch\/wp-content\/uploads\/2022\/09\/ambiance15-768x497.jpg 768w, https:\/\/la-tuile.ch\/wp-content\/uploads\/2022\/09\/ambiance15-600x389.jpg 600w, https:\/\/la-tuile.ch\/wp-content\/uploads\/2022\/09\/ambiance15.jpg 1200w\" sizes=\"auto, (max-width: 1020px) 100vw, 1020px\" \/>\t\t\t\t\t\t\n\t\t\t\t\t<\/div>\n\t\t<\/div>\t\t\t\t\t\t\n<style>\n#image_2143606436 {\n  width: 100%;\n}\n<\/style>\n\t<\/div>\n\t\n\n\n\t\t<\/div>\n\n\t\t\n<style>\n#section_194282455 {\n  padding-top: 40px;\n  padding-bottom: 40px;\n}\n@media (min-width:850px) {\n  #section_194282455 {\n    padding-top: 5px;\n    padding-bottom: 5px;\n  }\n}\n<\/style>\n\t<\/section>\n\t\n\n\t<section class=\"section\" id=\"section_79760180\">\n\t\t<div class=\"section-bg fill\" >\n\t\t\t\t\t\t\t\t\t\n\t\t\t\n\n\t\t<\/div>\n\n\t\t\n\n\t\t<div class=\"section-content relative\">\n\t\t\t\n\n\t<div id=\"gap-1200480269\" class=\"gap-element clearfix\" style=\"display:block; height:auto;\">\n\t\t\n<style>\n#gap-1200480269 {\n  padding-top: 50px;\n}\n@media (min-width:850px) {\n  #gap-1200480269 {\n    padding-top: 30px;\n  }\n}\n<\/style>\n\t<\/div>\n\t\n\n<div class=\"row align-bottom\"  id=\"row-928078857\">\n\n\n\t<div id=\"col-656405996\" class=\"col medium-12 small-12 large-6\"  >\n\t\t\t\t<div class=\"col-inner\"  >\n\t\t\t\n\t\t\t\n\n<h3>Die Ziele<\/h3>\n<p>Der Schwerpunkt der Ziele liegt auf der Aneignung von Wohnkompetenz und der F\u00f6rderung der Autonomie der Mieter:innen:<\/p>\n<ul>\n<li>Die Sicherheit und die Grundlagen der eigenen Gesundheit gew\u00e4hrleisten<\/li>\n<li>Kontakte mit dem soziosanit\u00e4ren Netz aufbauen oder wiederherstellen<\/li>\n<li>Wieder \u00fcber einen gesetzlichen Wohnsitz verf\u00fcgen<\/li>\n<li>Den Anspruch auf Leistungen der Sozialversicherungen (Arbeitslosigkeit, Sozialhilfe, AHV-\/IV-Rente) geltend machen<\/li>\n<li>Individuelle Projekte definieren und unterst\u00fctzen<\/li>\n<li>Die pers\u00f6nliche Entwicklung und das Wohlbefinden f\u00f6rdern<\/li>\n<\/ul>\n<p>&nbsp;<\/p>\n<p>&nbsp;<\/p>\n\n\t\t<\/div>\n\t\t\t\t\t<\/div>\n\n\t\n\n\t<div id=\"col-77168553\" class=\"col medium-12 small-12 large-6\"  data-animate=\"bounceInRight\">\n\t\t\t\t<div class=\"col-inner text-left\"  >\n\t\t\t\n\t\t\t\n\n\t<div id=\"text-3261875220\" class=\"text\">\n\t\t\n\n<h2>La Tuile bietet Einrichtungen in Freiburg, Bulle und Villars-sur-Gl\u00e2ne an.<\/h2>\n\t\t\n<style>\n#text-3261875220 {\n  color: #f07910;\n}\n#text-3261875220 > * {\n  color: #f07910;\n}\n<\/style>\n\t<\/div>\n\t\n\n\t\t<\/div>\n\t\t\t\t\n<style>\n#col-77168553 > .col-inner {\n  padding: 0px 0px 0px 0;\n}\n@media (min-width:850px) {\n  #col-77168553 > .col-inner {\n    padding: 0px 0px 0px 10%;\n  }\n}\n<\/style>\n\t<\/div>\n\n\t\n\n<\/div>\n\n\t\t<\/div>\n\n\t\t\n<style>\n#section_79760180 {\n  padding-top: 40px;\n  padding-bottom: 40px;\n}\n@media (min-width:850px) {\n  #section_79760180 {\n    padding-top: 5px;\n    padding-bottom: 5px;\n  }\n}\n<\/style>\n\t<\/section>\n\t\n\n\t<section class=\"section\" id=\"section_2127820588\">\n\t\t<div class=\"section-bg fill\" >\n\t\t\t\t\t\t\t\t\t\n\t\t\t\n\n\t\t<\/div>\n\n\t\t\n\n\t\t<div class=\"section-content relative\">\n\t\t\t\n\n<div class=\"row row-large\"  id=\"row-976623539\">\n\n\n\t<div id=\"col-287856596\" class=\"col medium-6 small-12 large-6\"  >\n\t\t\t\t<div class=\"col-inner\"  >\n\t\t\t\n\t\t\t\n\n<h3>Das Angebot<\/h3>\n<p>Mit der sozialp\u00e4dagogischen Betreuung auf niedriger Stufe bleibt der Verein seinen niederschwelligen Werten treu. Diese \u00e4ussern sich in minimalen Regeln, unaufdringlichem Handeln, viel Toleranz und st\u00e4ndiger Anpassung an die pers\u00f6nlichen Kompetenzen und die Selbstbestimmung der Mieter:innen.<\/p>\n\n\t\t<\/div>\n\t\t\t\t\t<\/div>\n\n\t\n\n\t<div id=\"col-109215703\" class=\"col medium-6 small-12 large-6\"  data-animate=\"fadeInRight\">\n\t\t\t\t<div class=\"col-inner\"  >\n\t\t\t\n\t\t\t\n\n\n\t\t<\/div>\n\t\t\t\t\n<style>\n#col-109215703 > .col-inner {\n  padding: 0px 0px 0px 10%;\n}\n<\/style>\n\t<\/div>\n\n\t\n\n<\/div>\n\n\t\t<\/div>\n\n\t\t\n<style>\n#section_2127820588 {\n  padding-top: 30px;\n  padding-bottom: 30px;\n  margin-bottom: 5px;\n}\n<\/style>\n\t<\/section>\n\t\n\n\t<section class=\"section\" id=\"section_158173169\">\n\t\t<div class=\"section-bg fill\" >\n\t\t\t\t\t\t\t\t\t\n\t\t\t\n\n\t\t<\/div>\n\n\t\t\n\n\t\t<div class=\"section-content relative\">\n\t\t\t\n\n<div class=\"row\"  id=\"row-104897336\">\n\n\n\t<div id=\"col-1124740622\" class=\"col small-12 large-12\"  >\n\t\t\t\t<div class=\"col-inner\"  >\n\t\t\t\n\t\t\t\n\n\t<div class=\"box has-hover   has-hover box-bounce box-text-bottom\" >\n\n\t\t<div class=\"box-image\" style=\"width:12%;\">\n\t\t\t\t\t\t<div class=\"\" >\n\t\t\t\t<img loading=\"lazy\" decoding=\"async\" width=\"69\" height=\"64\" src=\"https:\/\/la-tuile.ch\/wp-content\/uploads\/2022\/05\/Asset-81.svg\" class=\"attachment- size-\" alt=\"\" \/>\t\t\t\t\t\t\t\t\t\t\t<\/div>\n\t\t\t\t\t<\/div>\n\n\t\t<div class=\"box-text text-center\" >\n\t\t\t<div class=\"box-text-inner\">\n\t\t\t\t\n\n<p><strong>Betreutes Wohnen<\/strong><br>Freiburg 13 Pl\u00e4tze<br>Villars-sur-Gl\u00e2ne 4 Pl\u00e4tze f\u00fcr Notsituationen <br>und 3 Pl\u00e4tze in \u00dcbergangswohnungen<br>Bulle 8 Pl\u00e4tze<\/p>\n\n\t\t\t<\/div>\n\t\t<\/div>\n\t<\/div>\n\t\n\n\t\t<\/div>\n\t\t\t\t\t<\/div>\n\n\t\n\n<\/div>\n\n\t\t<\/div>\n\n\t\t\n<style>\n#section_158173169 {\n  padding-top: 0px;\n  padding-bottom: 0px;\n}\n<\/style>\n\t<\/section>\n\t\n\n\t<section class=\"section\" id=\"section_711872909\">\n\t\t<div class=\"section-bg fill\" >\n\t\t\t\t\t\t\t\t\t\n\t\t\t\n\n\t\t<\/div>\n\n\t\t\n\n\t\t<div class=\"section-content relative\">\n\t\t\t\n\n<div class=\"row\"  id=\"row-151599048\">\n\n\n\t<div id=\"col-1053758342\" class=\"col medium-6 small-12 large-6\"  >\n\t\t\t\t<div class=\"col-inner\"  >\n\t\t\t\n\t\t\t\n\n\t<div class=\"box has-hover   has-hover box-text-bottom\" >\n\n\t\t<div class=\"box-image\" style=\"width:13%;\">\n\t\t\t\t\t\t<div class=\"\" >\n\t\t\t\t<img loading=\"lazy\" decoding=\"async\" width=\"68\" height=\"68\" src=\"https:\/\/la-tuile.ch\/wp-content\/uploads\/2022\/05\/Asset-12.svg\" class=\"attachment- size-\" alt=\"\" \/>\t\t\t\t\t\t\t\t\t\t\t<\/div>\n\t\t\t\t\t<\/div>\n\n\t\t<div class=\"box-text text-center\" >\n\t\t\t<div class=\"box-text-inner\">\n\t\t\t\t\n\n<h4>Telefon<\/h4>\n<p>+41 26 424 43 21<\/p>\n\n\t\t\t<\/div>\n\t\t<\/div>\n\t<\/div>\n\t\n\n\t\t<\/div>\n\t\t\t\t\t<\/div>\n\n\t\n\n\t<div id=\"col-291693123\" class=\"col medium-6 small-12 large-6\"  >\n\t\t\t\t<div class=\"col-inner\"  >\n\t\t\t\n\t\t\t\n\n\t<div class=\"box has-hover   has-hover box-default box-text-bottom\" >\n\n\t\t<div class=\"box-image\" style=\"width:13%;\">\n\t\t\t\t\t\t<div class=\"\" >\n\t\t\t\t<img loading=\"lazy\" decoding=\"async\" width=\"71\" height=\"70\" src=\"https:\/\/la-tuile.ch\/wp-content\/uploads\/2022\/05\/Asset-37.svg\" class=\"attachment- size-\" alt=\"\" \/>\t\t\t\t\t\t\t\t\t\t\t<\/div>\n\t\t\t\t\t<\/div>\n\n\t\t<div class=\"box-text text-center\" >\n\t\t\t<div class=\"box-text-inner\">\n\t\t\t\t\n\n<h4>E-mail<\/h4>\n<p><a href=\"mailto:logements@la-tuile.ch\">logements@la-tuile.ch<\/a><\/p>\n\n\t\t\t<\/div>\n\t\t<\/div>\n\t<\/div>\n\t\n\n\t\t<\/div>\n\t\t\t\t\t<\/div>\n\n\t\n\n<\/div>\n\n\t\t<\/div>\n\n\t\t\n<style>\n#section_711872909 {\n  padding-top: 0px;\n  padding-bottom: 0px;\n}\n<\/style>\n\t<\/section>\n\t\n","protected":false},"excerpt":{"rendered":"","protected":false},"author":1,"featured_media":0,"parent":8218,"menu_order":11,"comment_status":"closed","ping_status":"closed","template":"page-blank.php","meta":{"_uag_custom_page_level_css":"","footnotes":""},"class_list":["post-8255","page","type-page","status-publish","hentry"],"uagb_featured_image_src":{"full":false,"thumbnail":false,"medium":false,"medium_large":false,"large":false,"1536x1536":false,"2048x2048":false,"woocommerce_thumbnail":false,"woocommerce_single":false,"woocommerce_gallery_thumbnail":false},"uagb_author_info":{"display_name":"LA TUILE","author_link":"https:\/\/la-tuile.ch\/de\/author\/s62schuler\/"},"uagb_comment_info":0,"uagb_excerpt":null,"_links":{"self":[{"href":"https:\/\/la-tuile.ch\/de\/wp-json\/wp\/v2\/pages\/8255","targetHints":{"allow":["GET"]}}],"collection":[{"href":"https:\/\/la-tuile.ch\/de\/wp-json\/wp\/v2\/pages"}],"about":[{"href":"https:\/\/la-tuile.ch\/de\/wp-json\/wp\/v2\/types\/page"}],"author":[{"embeddable":true,"href":"https:\/\/la-tuile.ch\/de\/wp-json\/wp\/v2\/users\/1"}],"replies":[{"embeddable":true,"href":"https:\/\/la-tuile.ch\/de\/wp-json\/wp\/v2\/comments?post=8255"}],"version-history":[{"count":1,"href":"https:\/\/la-tuile.ch\/de\/wp-json\/wp\/v2\/pages\/8255\/revisions"}],"predecessor-version":[{"id":8995,"href":"https:\/\/la-tuile.ch\/de\/wp-json\/wp\/v2\/pages\/8255\/revisions\/8995"}],"up":[{"embeddable":true,"href":"https:\/\/la-tuile.ch\/de\/wp-json\/wp\/v2\/pages\/8218"}],"wp:attachment":[{"href":"https:\/\/la-tuile.ch\/de\/wp-json\/wp\/v2\/media?parent=8255"}],"curies":[{"name":"wp","href":"https:\/\/api.w.org\/{rel}","templated":true}]}}