{"id":8258,"date":"2022-05-22T11:17:49","date_gmt":"2022-05-22T09:17:49","guid":{"rendered":"https:\/\/la-tuile.ch\/ich-bin-interessiert\/cafe-le-tunnel\/"},"modified":"2022-11-24T13:18:15","modified_gmt":"2022-11-24T12:18:15","slug":"cafe-le-tunnel","status":"publish","type":"page","link":"https:\/\/la-tuile.ch\/de\/ich-bin-interessiert\/cafe-le-tunnel\/","title":{"rendered":"Caf\u00e9 Le Tunnel"},"content":{"rendered":"\n\n\t<section class=\"section\" id=\"section_1121244855\">\n\t\t<div class=\"section-bg fill\" >\n\t\t\t\t\t\t\t\t\t\n\t\t\t\n\n\t\t<\/div>\n\n\t\t\n\n\t\t<div class=\"section-content relative\">\n\t\t\t\n\n<div class=\"row\"  id=\"row-235798443\">\n\n\n\t<div id=\"col-1221464247\" class=\"col medium-7 small-12 large-8\"  >\n\t\t\t\t<div class=\"col-inner\"  >\n\t\t\t\n\t\t\t\n\n\t<div id=\"gap-150015124\" class=\"gap-element clearfix\" style=\"display:block; height:auto;\">\n\t\t\n<style>\n#gap-150015124 {\n  padding-top: 50px;\n}\n@media (min-width:850px) {\n  #gap-150015124 {\n    padding-top: 30px;\n  }\n}\n<\/style>\n\t<\/div>\n\t\n\n\t<div id=\"text-4140004129\" class=\"text\">\n\t\t\n\n<h1>Le Tunnel<\/h1>\n\t\t\n<style>\n#text-4140004129 {\n  font-size: 2rem;\n  line-height: 1.45;\n  text-align: left;\n}\n<\/style>\n\t<\/div>\n\t\n<div class=\"is-divider divider clearfix\" style=\"margin-top:0.5em;margin-bottom:0.5em;max-width:100px;background-color:rgb(255, 138, 0);\"><\/div>\n\n\t<div id=\"text-989888296\" class=\"text\">\n\t\t\n\n<h3>Seit 2016 entwickelt und f\u00f6rdert La Tuile die sozialen Aktivit\u00e4ten des Caf\u00e9 Le Tunnel. Diese tragen zur Eingliederung von Menschen bei, die sich in einer prek\u00e4ren oder unsicheren Situation befinden oder von sozialer Ausgrenzung betroffen sind.<\/h3>\n\t\t\n<style>\n#text-989888296 {\n  text-align: left;\n}\n<\/style>\n\t<\/div>\n\t\n\n\t\t<\/div>\n\t\t\t\t\t<\/div>\n\n\t\n\n<\/div>\n\n\t\t<\/div>\n\n\t\t\n<style>\n#section_1121244855 {\n  padding-top: 10px;\n  padding-bottom: 10px;\n}\n@media (min-width:550px) {\n  #section_1121244855 {\n    padding-top: 0px;\n    padding-bottom: 0px;\n  }\n}\n@media (min-width:850px) {\n  #section_1121244855 {\n    padding-top: 30px;\n    padding-bottom: 30px;\n  }\n}\n<\/style>\n\t<\/section>\n\t\n\n\t<section class=\"section\" id=\"section_744288462\">\n\t\t<div class=\"section-bg fill\" >\n\t\t\t\t\t\t\t\t\t\n\t\t\t\n\n\t\t<\/div>\n\n\t\t\n\n\t\t<div class=\"section-content relative\">\n\t\t\t\n\n<div class=\"row\"  id=\"row-156616201\">\n\n\n\t<div id=\"col-828380945\" class=\"col medium-12 small-12 large-6\"  >\n\t\t\t\t<div class=\"col-inner\"  >\n\t\t\t\n\t\t\t\n\n\t<div id=\"text-1612567633\" class=\"text\">\n\t\t\n\n<h3>Das Caf\u00e9 Le Tunnel<\/h3>\n<p>Das Caf\u00e9 Le Tunnel ist ein unkomplizierter, gem\u00fctlicher Ort f\u00fcr Begegnungen und spontane Gespr\u00e4che. Diese erg\u00e4nzen die im Caf\u00e9 organisierten sozialen Aktionen.<\/p>\n\t\t\n<style>\n#text-1612567633 {\n  font-size: 1.2rem;\n}\n<\/style>\n\t<\/div>\n\t\n\n\t\t<\/div>\n\t\t\t\t\t<\/div>\n\n\t\n\n\t<div id=\"col-2126765682\" class=\"col medium-12 small-12 large-6\"  >\n\t\t\t\t<div class=\"col-inner text-left\"  >\n\t\t\t\n\t\t\t\n\n\t<div id=\"gap-379967088\" class=\"gap-element clearfix\" style=\"display:block; height:auto;\">\n\t\t\n<style>\n#gap-379967088 {\n  padding-top: 10px;\n}\n@media (min-width:850px) {\n  #gap-379967088 {\n    padding-top: 30px;\n  }\n}\n<\/style>\n\t<\/div>\n\t\n\n\n\t\t<\/div>\n\t\t\t\t\n<style>\n#col-2126765682 > .col-inner {\n  padding: 0px 0px 0px 0;\n}\n@media (min-width:850px) {\n  #col-2126765682 > .col-inner {\n    padding: 0px 0px 0px 0%;\n  }\n}\n<\/style>\n\t<\/div>\n\n\t\n\n<\/div>\n\t<div class=\"img has-hover hide-for-medium x md-x lg-x y md-y lg-y\" id=\"image_1894843638\">\n\t\t\t\t\t\t<div data-animate=\"fadeInLeft\">\t\t<div class=\"img-inner dark\" >\n\t\t\t<img loading=\"lazy\" decoding=\"async\" width=\"1200\" height=\"777\" src=\"https:\/\/la-tuile.ch\/wp-content\/uploads\/2022\/05\/ambiance03.jpg\" class=\"attachment-original size-original\" alt=\"\" srcset=\"https:\/\/la-tuile.ch\/wp-content\/uploads\/2022\/05\/ambiance03.jpg 1200w, https:\/\/la-tuile.ch\/wp-content\/uploads\/2022\/05\/ambiance03-300x194.jpg 300w, https:\/\/la-tuile.ch\/wp-content\/uploads\/2022\/05\/ambiance03-1024x663.jpg 1024w, https:\/\/la-tuile.ch\/wp-content\/uploads\/2022\/05\/ambiance03-768x497.jpg 768w, https:\/\/la-tuile.ch\/wp-content\/uploads\/2022\/05\/ambiance03-600x389.jpg 600w\" sizes=\"auto, (max-width: 1200px) 100vw, 1200px\" \/>\t\t\t\t\t\t\n\t\t\t\t\t<\/div>\n\t\t<\/div>\t\t\t\t\t\t\n<style>\n#image_1894843638 {\n  width: 50%;\n}\n<\/style>\n\t<\/div>\n\t\n\n\t<div class=\"img has-hover show-for-small x md-x lg-x y md-y lg-y\" id=\"image_1480081805\">\n\t\t\t\t\t\t<div data-animate=\"fadeInLeft\">\t\t<div class=\"img-inner dark\" >\n\t\t\t<img loading=\"lazy\" decoding=\"async\" width=\"1200\" height=\"777\" src=\"https:\/\/la-tuile.ch\/wp-content\/uploads\/2022\/05\/ambiance03.jpg\" class=\"attachment-original size-original\" alt=\"\" srcset=\"https:\/\/la-tuile.ch\/wp-content\/uploads\/2022\/05\/ambiance03.jpg 1200w, https:\/\/la-tuile.ch\/wp-content\/uploads\/2022\/05\/ambiance03-300x194.jpg 300w, https:\/\/la-tuile.ch\/wp-content\/uploads\/2022\/05\/ambiance03-1024x663.jpg 1024w, https:\/\/la-tuile.ch\/wp-content\/uploads\/2022\/05\/ambiance03-768x497.jpg 768w, https:\/\/la-tuile.ch\/wp-content\/uploads\/2022\/05\/ambiance03-600x389.jpg 600w\" sizes=\"auto, (max-width: 1200px) 100vw, 1200px\" \/>\t\t\t\t\t\t\n\t\t\t\t\t<\/div>\n\t\t<\/div>\t\t\t\t\t\t\n<style>\n#image_1480081805 {\n  width: 100%;\n}\n<\/style>\n\t<\/div>\n\t\n\n\n\t\t<\/div>\n\n\t\t\n<style>\n#section_744288462 {\n  padding-top: 40px;\n  padding-bottom: 40px;\n}\n@media (min-width:850px) {\n  #section_744288462 {\n    padding-top: 5px;\n    padding-bottom: 5px;\n  }\n}\n<\/style>\n\t<\/section>\n\t\n\n\t<section class=\"section\" id=\"section_1688824233\">\n\t\t<div class=\"section-bg fill\" >\n\t\t\t\t\t\t\t\t\t\n\t\t\t\n\n\t\t<\/div>\n\n\t\t\n\n\t\t<div class=\"section-content relative\">\n\t\t\t\n\n<div class=\"row\"  id=\"row-1984083634\">\n\n\n\t<div id=\"col-120265381\" class=\"col medium-12 small-12 large-6\"  >\n\t\t\t\t<div class=\"col-inner\"  >\n\t\t\t\n\t\t\t\n\n<h3>Die Ziele<\/h3>\n<p>Das Caf\u00e9 Le Tunnel ist Teil der \u00abinklusiven\u00bb Dynamik der Veranstaltungen des Vereins. Menschen in prek\u00e4ren Situationen haben oft keinen Zugang zu Anl\u00e4ssen und Orten, die meist eine gesellschaftliche und wirtschaftliche Zugeh\u00f6rigkeit voraussetzen. Um dieser Ausgrenzung entgegenzuwirken, will Le Tunnel mit seinem sozialen Projekt einen Ort schaffen, der jeder und jedem zug\u00e4nglich ist und wo man sich wohlf\u00fchlt.<\/p>\n<ul>\n<li><strong><em>Ein Ort des Austauschs,<\/em><\/strong> wo alle Gesellschaftsschichten zusammentreffen<\/li>\n<li><strong><em>Ein leicht zug\u00e4nglicher Ort, <\/em><\/strong>wo die finanzielle H\u00fcrde f\u00fcr Personen in bescheidenen Verh\u00e4ltnissen gesenkt wird<\/li>\n<li>Mit den \u00abaufgeh\u00e4ngten\u00bb Gutscheinen, die von anderen G\u00e4sten bezahlt wurden, stehen Personen <strong>ohne Einkommen<\/strong> Getr\u00e4nke oder Essen zur Verf\u00fcgung<\/li>\n<li>Und nicht zuletzt die kulturelle Dimension mit einem vielf\u00e4ltigen kulturellen Angebot zu einem angemessenen Preis<\/li>\n<\/ul>\n\n\t\t<\/div>\n\t\t\t\t\t<\/div>\n\n\t\n\n\t<div id=\"col-1544492132\" class=\"col medium-12 small-12 large-6\"  >\n\t\t\t\t<div class=\"col-inner text-left\"  >\n\t\t\t\n\t\t\t\n\n<p><iframe loading=\"lazy\" src=\"https:\/\/www.rts.ch\/play\/embed?urn=urn:rts:video:8295023&amp;subdivisions=false\" allowfullscreen=\"\" allow=\"geolocation *; autoplay; encrypted-media\" width=\"560\" height=\"315\"><\/iframe><\/p>\n\n\t\t<\/div>\n\t\t\t\t\n<style>\n#col-1544492132 > .col-inner {\n  padding: 0px 0px 0px 0;\n}\n@media (min-width:850px) {\n  #col-1544492132 > .col-inner {\n    padding: 18px 0px 0px 0%;\n  }\n}\n<\/style>\n\t<\/div>\n\n\t\n\n<\/div>\n\n\t\t<\/div>\n\n\t\t\n<style>\n#section_1688824233 {\n  padding-top: 40px;\n  padding-bottom: 40px;\n}\n@media (min-width:850px) {\n  #section_1688824233 {\n    padding-top: 0px;\n    padding-bottom: 0px;\n  }\n}\n<\/style>\n\t<\/section>\n\t\n\n\t<section class=\"section\" id=\"section_1508658634\">\n\t\t<div class=\"section-bg fill\" >\n\t\t\t\t\t\t\t\t\t\n\t\t\t\n\n\t\t<\/div>\n\n\t\t\n\n\t\t<div class=\"section-content relative\">\n\t\t\t\n\n<div class=\"row row-large\"  id=\"row-1333697032\">\n\n\n\t<div id=\"col-552624541\" class=\"col medium-6 small-12 large-6\"  >\n\t\t\t\t<div class=\"col-inner\"  >\n\t\t\t\n\t\t\t\n\n<h3>Das Angebot<\/h3>\n<p>Unsere Sozialarbeiterin ist einmal pro Woche vor Ort und bietet ein offenes Ohr und Unterst\u00fctzung. Weitere Angebote und Animationen finden Sie auf der Website von Le Tunnel.<\/p>\n<a href=\"https:\/\/www.le-tunnel.ch\/animations\/\" target=\"_blank\" class=\"button secondary is-underline\" rel=\"noopener\" >\n\t\t<span>Animationen das Caf\u00e9 le tunnel<\/span>\n\t<\/a>\n\n\n\n\t\t<\/div>\n\t\t\t\t\t<\/div>\n\n\t\n\n\t<div id=\"col-199268633\" class=\"col medium-6 small-12 large-6\"  data-animate=\"fadeInRight\">\n\t\t\t\t<div class=\"col-inner\"  >\n\t\t\t\n\t\t\t\n\n\t<div id=\"text-4077243699\" class=\"text\">\n\t\t\n\n<h2>Die Preise f\u00fcr die Tagesmen\u00fcs sind an die finanziellen M\u00f6glichkeiten der G\u00e4ste angepasst<\/h2>\n\t\t\n<style>\n#text-4077243699 {\n  color: #f07910;\n}\n#text-4077243699 > * {\n  color: #f07910;\n}\n<\/style>\n\t<\/div>\n\t\n\n\t\t<\/div>\n\t\t\t\t\n<style>\n#col-199268633 > .col-inner {\n  padding: 0px 0px 0px 10%;\n}\n<\/style>\n\t<\/div>\n\n\t\n\n<\/div>\n\n\t\t<\/div>\n\n\t\t\n<style>\n#section_1508658634 {\n  padding-top: 0px;\n  padding-bottom: 0px;\n  margin-bottom: 5px;\n}\n<\/style>\n\t<\/section>\n\t\n\n\t<section class=\"section\" id=\"section_474311557\">\n\t\t<div class=\"section-bg fill\" >\n\t\t\t\t\t\t\t\t\t\n\t\t\t\n\n\t\t<\/div>\n\n\t\t\n\n\t\t<div class=\"section-content relative\">\n\t\t\t\n\n\t<div id=\"gap-468385868\" class=\"gap-element clearfix\" style=\"display:block; height:auto;\">\n\t\t\n<style>\n#gap-468385868 {\n  padding-top: 50px;\n}\n@media (min-width:850px) {\n  #gap-468385868 {\n    padding-top: 30px;\n  }\n}\n<\/style>\n\t<\/div>\n\t\n\n<div class=\"row row-collapse align-center\"  id=\"row-2063262974\">\n\n\n\t<div id=\"col-619806225\" class=\"col medium-4 small-6 large-4\"  data-animate=\"fadeInUp\">\n\t\t\t\t<div class=\"col-inner text-center\"  >\n\t\t\t\n\t\t\t\n\n\t<div class=\"box has-hover   has-hover box-default box-text-bottom\" >\n\n\t\t<div class=\"box-image\" style=\"width:30%;\">\n\t\t\t\t\t\t<div class=\"\" >\n\t\t\t\t<img loading=\"lazy\" decoding=\"async\" width=\"74\" height=\"61\" src=\"https:\/\/la-tuile.ch\/wp-content\/uploads\/2022\/05\/Asset-26.svg\" class=\"attachment-large size-large\" alt=\"\" \/>\t\t\t\t\t\t\t\t\t\t\t<\/div>\n\t\t\t\t\t<\/div>\n\n\t\t<div class=\"box-text text-center\" >\n\t\t\t<div class=\"box-text-inner\">\n\t\t\t\t\n\n\t<div id=\"text-778134510\" class=\"text\">\n\t\t\n\n<p><strong>Die Mitgliederkarte \u00abLe Tunnelier\u00bb <\/strong><\/p>\n<p>gibt Anspruch auf :<br \/>50% Rabatt auf die Men\u00fcs<\/p>\n<p>50% Rabatt auf alkoholfreie Getr\u00e4nke<\/p>\n\t\t\n<style>\n#text-778134510 {\n  font-size: 1rem;\n}\n<\/style>\n\t<\/div>\n\t\n\n\t\t\t<\/div>\n\t\t<\/div>\n\t<\/div>\n\t\n<a data-animate=\"fadeInUp\" href=\"https:\/\/la-tuile.ch\/je-minteresse\/carte-le-tunnelier\/\" class=\"button secondary is-underline\" >\n\t\t<span><\/span>\n\t<\/a>\n\n\n\n\t\t<\/div>\n\t\t\t\t\t<\/div>\n\n\t\n\n<\/div>\n\t<div id=\"gap-274842854\" class=\"gap-element clearfix\" style=\"display:block; height:auto;\">\n\t\t\n<style>\n#gap-274842854 {\n  padding-top: 50px;\n}\n@media (min-width:850px) {\n  #gap-274842854 {\n    padding-top: 30px;\n  }\n}\n<\/style>\n\t<\/div>\n\t\n\n<div class=\"row row-collapse align-center\"  id=\"row-620562196\">\n\n\n\t<div id=\"col-1345616264\" class=\"col medium-4 small-6 large-4\"  data-animate=\"fadeInUp\">\n\t\t\t\t<div class=\"col-inner text-center\"  >\n\t\t\t\n\t\t\t\n\n\t<div class=\"box has-hover   has-hover box-default box-text-bottom\" >\n\n\t\t<div class=\"box-image\" style=\"width:22%;\">\n\t\t\t\t\t\t<div class=\"\" >\n\t\t\t\t<img loading=\"lazy\" decoding=\"async\" width=\"90\" height=\"67\" src=\"https:\/\/la-tuile.ch\/wp-content\/uploads\/2022\/05\/Asset-48.svg\" class=\"attachment- size-\" alt=\"\" \/>\t\t\t\t\t\t\t\t\t\t\t<\/div>\n\t\t\t\t\t<\/div>\n\n\t\t<div class=\"box-text text-center\" >\n\t\t\t<div class=\"box-text-inner\">\n\t\t\t\t\n\n\t<div id=\"text-3962146668\" class=\"text\">\n\t\t\n\n<p><strong>Anfahrtsplan <br \/><\/strong><\/p>\n<p>vom Bahnhof Freiburg aus<br \/>Bus TPF \u2013 Linie 2, 1 oder 6<\/p>\n<p>Bis Haltestelle Tilleul<br \/>2 Minuten zu Fuss bis zur Grand-Rue 68<\/p>\n\t\t\n<style>\n#text-3962146668 {\n  font-size: 1rem;\n}\n<\/style>\n\t<\/div>\n\t\n\n\t\t\t<\/div>\n\t\t<\/div>\n\t<\/div>\n\t\n\n\t\t<\/div>\n\t\t\t\t\t<\/div>\n\n\t\n\n<\/div>\n\t<div id=\"gap-1547408538\" class=\"gap-element clearfix\" style=\"display:block; height:auto;\">\n\t\t\n<style>\n#gap-1547408538 {\n  padding-top: 50px;\n}\n@media (min-width:850px) {\n  #gap-1547408538 {\n    padding-top: 30px;\n  }\n}\n<\/style>\n\t<\/div>\n\t\n\n<div class=\"row row-collapse align-center\"  id=\"row-159332408\">\n\n\n\t<div id=\"col-1366062688\" class=\"col medium-4 small-6 large-4\"  data-animate=\"fadeInUp\">\n\t\t\t\t<div class=\"col-inner text-center\"  >\n\t\t\t\n\t\t\t\n\n\t<div id=\"text-2129346645\" class=\"text\">\n\t\t\n\n<h4>Adresse<\/h4>\n<p>Caf\u00e9 Le Tunnel<br \/>Grand-Rue 68 | 1700 Freiburg<\/p>\n\t\t\n<style>\n#text-2129346645 {\n  font-size: 1rem;\n}\n<\/style>\n\t<\/div>\n\t\n\t<div id=\"gap-2016832930\" class=\"gap-element clearfix\" style=\"display:block; height:auto;\">\n\t\t\n<style>\n#gap-2016832930 {\n  padding-top: 50px;\n}\n@media (min-width:850px) {\n  #gap-2016832930 {\n    padding-top: 30px;\n  }\n}\n<\/style>\n\t<\/div>\n\t\n\n\n\t\t<\/div>\n\t\t\t\t\t<\/div>\n\n\t\n\n<\/div>\n\n\t\t<\/div>\n\n\t\t\n<style>\n#section_474311557 {\n  padding-top: 6px;\n  padding-bottom: 6px;\n}\n<\/style>\n\t<\/section>\n\t\n\n","protected":false},"excerpt":{"rendered":"","protected":false},"author":1,"featured_media":0,"parent":8218,"menu_order":12,"comment_status":"closed","ping_status":"closed","template":"page-blank.php","meta":{"_uag_custom_page_level_css":"","footnotes":""},"class_list":["post-8258","page","type-page","status-publish","hentry"],"uagb_featured_image_src":{"full":false,"thumbnail":false,"medium":false,"medium_large":false,"large":false,"1536x1536":false,"2048x2048":false,"woocommerce_thumbnail":false,"woocommerce_single":false,"woocommerce_gallery_thumbnail":false},"uagb_author_info":{"display_name":"LA TUILE","author_link":"https:\/\/la-tuile.ch\/de\/author\/s62schuler\/"},"uagb_comment_info":0,"uagb_excerpt":null,"_links":{"self":[{"href":"https:\/\/la-tuile.ch\/de\/wp-json\/wp\/v2\/pages\/8258","targetHints":{"allow":["GET"]}}],"collection":[{"href":"https:\/\/la-tuile.ch\/de\/wp-json\/wp\/v2\/pages"}],"about":[{"href":"https:\/\/la-tuile.ch\/de\/wp-json\/wp\/v2\/types\/page"}],"author":[{"embeddable":true,"href":"https:\/\/la-tuile.ch\/de\/wp-json\/wp\/v2\/users\/1"}],"replies":[{"embeddable":true,"href":"https:\/\/la-tuile.ch\/de\/wp-json\/wp\/v2\/comments?post=8258"}],"version-history":[{"count":0,"href":"https:\/\/la-tuile.ch\/de\/wp-json\/wp\/v2\/pages\/8258\/revisions"}],"up":[{"embeddable":true,"href":"https:\/\/la-tuile.ch\/de\/wp-json\/wp\/v2\/pages\/8218"}],"wp:attachment":[{"href":"https:\/\/la-tuile.ch\/de\/wp-json\/wp\/v2\/media?parent=8258"}],"curies":[{"name":"wp","href":"https:\/\/api.w.org\/{rel}","templated":true}]}}