{"id":8261,"date":"2022-05-22T12:26:28","date_gmt":"2022-05-22T10:26:28","guid":{"rendered":"https:\/\/la-tuile.ch\/ich-bin-interessiert\/carte-le-tunnelier\/"},"modified":"2023-01-30T09:47:58","modified_gmt":"2023-01-30T08:47:58","slug":"le-tunnelier-karte","status":"publish","type":"page","link":"https:\/\/la-tuile.ch\/de\/ich-bin-interessiert\/le-tunnelier-karte\/","title":{"rendered":"Die Le Tunnelier Karte"},"content":{"rendered":"\n\n\t<section class=\"section\" id=\"section_857090347\">\n\t\t<div class=\"section-bg fill\" >\n\t\t\t\t\t\t\t\t\t\n\t\t\t\n\n\t\t<\/div>\n\n\t\t\n\n\t\t<div class=\"section-content relative\">\n\t\t\t\n\n<div class=\"row\"  id=\"row-1297057987\">\n\n\n\t<div id=\"col-522704157\" class=\"col medium-7 small-12 large-8\"  >\n\t\t\t\t<div class=\"col-inner\"  >\n\t\t\t\n\t\t\t\n\n\t<div id=\"gap-1340896065\" class=\"gap-element clearfix\" style=\"display:block; height:auto;\">\n\t\t\n<style>\n#gap-1340896065 {\n  padding-top: 50px;\n}\n@media (min-width:850px) {\n  #gap-1340896065 {\n    padding-top: 30px;\n  }\n}\n<\/style>\n\t<\/div>\n\t\n\n\t<div id=\"text-1702860816\" class=\"text\">\n\t\t\n\n<h2>Die \u00ab&nbsp;Le Tunnelier&nbsp;\u00bb-Karte beantragen<\/h2>\n\t\t\n<style>\n#text-1702860816 {\n  font-size: 2rem;\n  line-height: 1.45;\n  text-align: left;\n}\n<\/style>\n\t<\/div>\n\t\n<div class=\"is-divider divider clearfix\" style=\"margin-top:0.5em;margin-bottom:0.5em;max-width:100px;background-color:rgb(255, 138, 0);\"><\/div>\n\n\n\t\t<\/div>\n\t\t\t\t\t<\/div>\n\n\t\n\n<\/div>\n\n\t\t<\/div>\n\n\t\t\n<style>\n#section_857090347 {\n  padding-top: 10px;\n  padding-bottom: 10px;\n}\n@media (min-width:550px) {\n  #section_857090347 {\n    padding-top: 0px;\n    padding-bottom: 0px;\n  }\n}\n@media (min-width:850px) {\n  #section_857090347 {\n    padding-top: 50px;\n    padding-bottom: 50px;\n  }\n}\n<\/style>\n\t<\/section>\n\t\n\n\t<section class=\"section\" id=\"section_1386815968\">\n\t\t<div class=\"section-bg fill\" >\n\t\t\t\t\t\t\t\t\t\n\t\t\t\n\n\t\t<\/div>\n\n\t\t\n\n\t\t<div class=\"section-content relative\">\n\t\t\t\n\n<div class=\"row row-large\"  id=\"row-1667912163\">\n\n\n\t<div id=\"col-1029506745\" class=\"col medium-12 small-12 large-6\"  >\n\t\t\t\t<div class=\"col-inner\"  >\n\t\t\t\n\t\t\t\n\n<header class=\"entry-content-header\">\n<h3 class=\"iconbox_content_title  \">Weshalb eine Mitgliederkarte?<\/h3>\n<\/header>\n<div class=\"iconbox_content_container  \">\n<div class=\"iconbox_content_container  \">\n<p>Das <em>Caf\u00e9 le Tunnel soll f\u00fcr alle zug\u00e4nglich<\/em> sein, auch f\u00fcr Personen mit begrenztem Einkommen.<\/p>\n<p><em>Die Mitgliederkarte bietet konkrete Vorteile:<\/em><\/p>\n<ul>\n<li>50% auf das Tagesmen\u00fc (mittags und abends)<\/li>\n<li>50% auf ein alkoholfreies Getr\u00e4nk<strong><br \/><\/strong><\/li>\n<\/ul>\n<\/div>\n<\/div>\n\n\t\t<\/div>\n\t\t\t\t\t<\/div>\n\n\t\n\n\t<div id=\"col-1513333149\" class=\"col medium-12 small-12 large-6\"  >\n\t\t\t\t<div class=\"col-inner text-left\"  >\n\t\t\t\n\t\t\t\n\n<header class=\"entry-content-header\">\n<h3 class=\"iconbox_content_title  \">Wer erh\u00e4lt eine Karte?<\/h3>\n<\/header>\n<div class=\"iconbox_content_container  \">\n<ul>\n<li>Personen, die Anspruch auf Sozialhilfe haben.*<\/li>\n<li>Personen, die Erg\u00e4nzungsleistungen zur AHV\/IV beziehen.*<\/li>\n<li>Personen, die finanziell unabh\u00e4ngig sind, jedoch knapp \u00fcber dem Existenzminimum leben.*<\/li>\n<li>Personen, die Anspruch auf Pr\u00e4mienverbilligung der Krankenkassen haben.*<\/li>\n<\/ul>\n<p><em>* Bedingungen ausschliesslich g\u00fcltig f\u00fcr Personen mit Wohnsitz im Kanton Freiburg.<\/em><\/p>\n<\/div>\n\n\t\t<\/div>\n\t\t\t\t\n<style>\n#col-1513333149 > .col-inner {\n  padding: 0px 0px 0px 0;\n}\n<\/style>\n\t<\/div>\n\n\t\n\n\t<div id=\"col-1349717847\" class=\"col medium-12 small-12 large-6\"  >\n\t\t\t\t<div class=\"col-inner text-left\"  >\n\t\t\t\n\t\t\t\n\n<div class=\"is-divider divider clearfix\" style=\"max-width:100px;background-color:rgb(211, 211, 211);\"><\/div>\n\n<header class=\"entry-content-header\"><\/header>\n<div class=\"iconbox_content_container  \">\n<h3>Einschreibeformular<\/h3>\n<div class=\"iconbox_content_container  \">\n<ul>\n<li>Um Ihre Mitgliederkarte \u00ab\u00a0Le Tunnelier\u00a0\u00bb zu erhalten, m\u00fcssen Sie eine der oben genannten Bedingungen erf\u00fcllen. Senden Sie uns hierzu einfach eines der Dokumente, welches diese Bedingung bescheinigt.<\/li>\n<li>Die Dokumente k\u00f6nnen der Sozialarbeiterin bei ihren Besuchen im Tunnel dienstags von 11.00 bis 13.00 Uhr \u00fcberreicht werden. Sie k\u00f6nnen auch eingescannt und und dem unten stehenden Formular beigef\u00fcgt werden.<\/li>\n<li>Das Dokument k\u00f6nnen Sie uns eingescannt an die auf dem Formular aufgef\u00fchrte Adresse schicken.<\/li>\n<li>Strikte Vertraulichkeitsvorschriften werden eingehalten.<\/li>\n<li>Die Karte ist ein Jahr g\u00fcltig.<\/li>\n<\/ul>\n<\/div>\n<\/div>\n\n\t\t<\/div>\n\t\t\t\t\n<style>\n#col-1349717847 > .col-inner {\n  padding: 0px 0px 0px 0;\n}\n<\/style>\n\t<\/div>\n\n\t\n\n\t<div id=\"col-703790095\" class=\"col medium-12 small-12 large-6\"  >\n\t\t\t\t<div class=\"col-inner text-left\"  >\n\t\t\t\n\t\t\t\n\n<div class=\"is-divider divider clearfix\" style=\"max-width:100px;background-color:rgb(211, 211, 211);\"><\/div>\n\n<div class=\"flex_column av-av_one_third-2a64de42b738552fe666ca889af77e28 av_one_third  avia-builder-el-16  el_after_av_one_third  avia-builder-el-last  flex_column_div av-zero-column-padding column-top-margin\">\n<article class=\"iconbox iconbox_left av-av_icon_box-41fe6e16b71950248eaea0ab3383df5f  avia-builder-el-17  avia-builder-el-no-sibling  \">\n<div class=\"iconbox_content\">\n<header class=\"entry-content-header\">\n<h3 class=\"iconbox_content_title\">Pr\u00e4senz im Tunnel<\/h3>\n<\/header>\n<div class=\"iconbox_content_container  \">\n<p>Die Sozialarbeiterin der La Tuile empf\u00e4ngt Sie im Caf\u00e9 le Tunnel ohne Vereinbarung, jeden Montag vom 9.30 bis 11.00 Uhr<\/p>\n<ul>\n<li>Um Ihre Fragen zu beantworten<\/li>\n<li>Als Hilfe zur Beantragung der Mitgliederkarte<\/li>\n<\/ul>\n<\/div>\n<\/div>\n<footer class=\"entry-footer\"><\/footer>\n<\/article>\n<\/div>\n\n\t\t<\/div>\n\t\t\t\t\n<style>\n#col-703790095 > .col-inner {\n  padding: 0px 0px 0px 0;\n}\n<\/style>\n\t<\/div>\n\n\t\n\n<\/div>\n\n\t\t<\/div>\n\n\t\t\n<style>\n#section_1386815968 {\n  padding-top: 40px;\n  padding-bottom: 40px;\n}\n@media (min-width:850px) {\n  #section_1386815968 {\n    padding-top: 5px;\n    padding-bottom: 5px;\n  }\n}\n<\/style>\n\t<\/section>\n\t\n\n\t<section class=\"section\" id=\"section_1773203310\">\n\t\t<div class=\"section-bg fill\" >\n\t\t\t\t\t\t\t\t\t\n\t\t\t\n\n\t\t<\/div>\n\n\t\t\n\n\t\t<div class=\"section-content relative\">\n\t\t\t\n\n<div class=\"row\"  id=\"row-1660691969\">\n\n\n\t<div id=\"col-1003563821\" class=\"col small-12 large-12\"  >\n\t\t\t\t<div class=\"col-inner\"  >\n\t\t\t\n\t\t\t\n\n<p><main class=\"template-page content  av-content-full alpha units\" role=\"main\"><\/p>\n<div class=\"post-entry post-entry-type-page post-entry-5739\">\n<div class=\"entry-content-wrapper clearfix\">\n<div class=\"hr av-av_hr-0dd18d9844cb3b943ff8f8296963fd53 hr-invisible  avia-builder-el-0  el_before_av_contact  avia-builder-el-first  \">\n<h3 class=\"\">Formular zur Beantragung der &#8222;Le Tunnelier&#8220;-Mitgliederkarte<\/h3>\n<\/div>\n<\/div>\n<\/div>\n<p><\/main><\/p>\n<p>Damit wir Ihre Beantragung best\u00e4tigen k\u00f6nnen, bitte das Formular ausf\u00fcllen und das gescannte Dokument zustellen.<\/p>\n\n\t\t<\/div>\n\t\t\t\t\t<\/div>\n\n\t\n\n\t<div id=\"col-844326394\" class=\"col medium-8 small-12 large-8\"  >\n\t\t\t\t<div class=\"col-inner\"  >\n\t\t\t\n\t\t\t\n\n<div id=\"quform-7a8944\" class=\"quform quform-8 quform-theme-minimal quform-support-page-caching\"><form id=\"quform-form-7a8944\" class=\"quform-form quform-form-8\" action=\"\/de\/wp-json\/wp\/v2\/pages\/8261#quform-7a8944\" method=\"post\" enctype=\"multipart\/form-data\" novalidate=\"novalidate\" data-options=\"{&quot;id&quot;:8,&quot;uniqueId&quot;:&quot;7a8944&quot;,&quot;theme&quot;:&quot;minimal&quot;,&quot;ajax&quot;:true,&quot;logic&quot;:{&quot;logic&quot;:[],&quot;dependents&quot;:[],&quot;elementIds&quot;:[],&quot;dependentElementIds&quot;:[],&quot;animate&quot;:true},&quot;currentPageId&quot;:1,&quot;errorsIcon&quot;:&quot;&quot;,&quot;updateFancybox&quot;:true,&quot;hasPages&quot;:false,&quot;pages&quot;:[1],&quot;pageProgressType&quot;:&quot;numbers&quot;,&quot;tooltipsEnabled&quot;:true,&quot;tooltipClasses&quot;:&quot;qtip-quform-dark qtip-shadow&quot;,&quot;tooltipMy&quot;:&quot;left center&quot;,&quot;tooltipAt&quot;:&quot;right center&quot;,&quot;isRtl&quot;:false,&quot;scrollOffset&quot;:-50,&quot;scrollSpeed&quot;:800}\"><button class=\"quform-default-submit\" name=\"quform_submit\" type=\"submit\" value=\"submit\" aria-hidden=\"true\" tabindex=\"-1\"><\/button><div class=\"quform-form-inner quform-form-inner-8\"><input type=\"hidden\" name=\"quform_form_id\" value=\"8\" \/><input type=\"hidden\" name=\"quform_form_uid\" value=\"7a8944\" \/><input type=\"hidden\" name=\"quform_count\" value=\"1\" \/><input type=\"hidden\" name=\"form_url\" value=\"https:\/\/la-tuile.ch\/de\/wp-json\/wp\/v2\/pages\/8261\" \/><input type=\"hidden\" name=\"referring_url\" value=\"\" \/><input type=\"hidden\" name=\"post_id\" value=\"\" \/><input type=\"hidden\" name=\"post_title\" value=\"\" \/><input type=\"hidden\" name=\"quform_current_page_id\" value=\"1\" \/><input type=\"hidden\" name=\"quform_loaded\" value=\"1777474146|bcf837d62482e3148bce8388d5a031b1\" \/><input type=\"hidden\" name=\"quform_csrf_token\" value=\"Oj17851GTPDzTNyCpXxP3z8F1zQA0ZfgFSr3GgP3\" \/><div class=\"quform-elements quform-elements-8 quform-cf quform-responsive-elements-phone-landscape\"><div class=\"quform-element quform-element-page quform-page-1 quform-page-8_1 quform-cf quform-group-style-plain quform-first-page quform-last-page quform-current-page\"><div class=\"quform-child-elements\"><div class=\"quform-element quform-element-textarea quform-element-8_592901 quform-sr-only quform-cf\" style=\"clip: rect(1px, 1px, 1px, 1px); clip-path: inset(50%); position: absolute !important; height: 1px; width: 1px; overflow: hidden;\"><div class=\"quform-spacer\"><div class=\"quform-label quform-label-8_592901\"><label class=\"quform-label-text\" for=\"quform_8_592901_7a8944\">Your Website<span class=\"quform-required\">*<\/span><\/label><\/div><div class=\"quform-inner quform-inner-8_592901\"><textarea id=\"quform_8_592901_7a8944\" name=\"quform_8_592901\" class=\"quform-field quform-field-textarea quform-field-8_592901\" tabindex=\"-1\" autocomplete=\"new-password\"><\/textarea><\/div><\/div><\/div><div class=\"quform-element quform-element-row quform-element-row-8_3 quform-2-columns quform-element-row-size-fixed quform-responsive-columns-phone-landscape\"><div class=\"quform-element quform-element-column quform-element-8_4\"><div class=\"quform-element quform-element-text quform-element-8_6 quform-cf quform-element-required\"><div class=\"quform-spacer\"><div class=\"quform-label quform-label-8_6\"><label class=\"quform-label-text\" for=\"quform_8_6_7a8944\">Name<span class=\"quform-required\">*<\/span><\/label><\/div><div class=\"quform-inner quform-inner-text quform-inner-8_6\"><div class=\"quform-input quform-input-text quform-input-8_6 quform-cf\"><input type=\"text\" id=\"quform_8_6_7a8944\" name=\"quform_8_6\" class=\"quform-field quform-field-text quform-field-8_6\" \/><\/div><\/div><\/div><\/div><\/div><div class=\"quform-element quform-element-column quform-element-8_5\"><div class=\"quform-element quform-element-text quform-element-8_7 quform-cf quform-element-required\"><div class=\"quform-spacer\"><div class=\"quform-label quform-label-8_7\"><label class=\"quform-label-text\" for=\"quform_8_7_7a8944\">Vorname<span class=\"quform-required\">*<\/span><\/label><\/div><div class=\"quform-inner quform-inner-text quform-inner-8_7\"><div class=\"quform-input quform-input-text quform-input-8_7 quform-cf\"><input type=\"text\" id=\"quform_8_7_7a8944\" name=\"quform_8_7\" class=\"quform-field quform-field-text quform-field-8_7\" \/><\/div><\/div><\/div><\/div><\/div><\/div><div class=\"quform-element quform-element-row quform-element-row-8_8 quform-2-columns quform-element-row-size-fixed quform-responsive-columns-phone-landscape\"><div class=\"quform-element quform-element-column quform-element-8_9\"><div class=\"quform-element quform-element-text quform-element-8_10 quform-cf quform-element-required\"><div class=\"quform-spacer\"><div class=\"quform-label quform-label-8_10\"><label class=\"quform-label-text\" for=\"quform_8_10_7a8944\">Geburtsdatum<span class=\"quform-required\">*<\/span><\/label><\/div><div class=\"quform-inner quform-inner-text quform-inner-8_10\"><div class=\"quform-input quform-input-text quform-input-8_10 quform-cf\"><input type=\"text\" id=\"quform_8_10_7a8944\" name=\"quform_8_10\" class=\"quform-field quform-field-text quform-field-8_10\" placeholder=\"15.5.1975\" \/><\/div><\/div><\/div><\/div><\/div><div class=\"quform-element quform-element-column quform-element-8_11\"><\/div><\/div><div class=\"quform-element quform-element-text quform-element-8_17 quform-cf quform-element-required\"><div class=\"quform-spacer\"><div class=\"quform-label quform-label-8_17\"><label class=\"quform-label-text\" for=\"quform_8_17_7a8944\">Adresse<span class=\"quform-required\">*<\/span><\/label><\/div><div class=\"quform-inner quform-inner-text quform-inner-8_17\"><div class=\"quform-input quform-input-text quform-input-8_17 quform-cf\"><input type=\"text\" id=\"quform_8_17_7a8944\" name=\"quform_8_17\" class=\"quform-field quform-field-text quform-field-8_17\" \/><\/div><\/div><\/div><\/div><div class=\"quform-element quform-element-row quform-element-row-8_14 quform-2-columns quform-element-row-size-fixed quform-responsive-columns-phone-landscape\"><div class=\"quform-element quform-element-column quform-element-8_15\"><div class=\"quform-element quform-element-text quform-element-8_18 quform-cf quform-element-required\"><div class=\"quform-spacer\"><div class=\"quform-label quform-label-8_18\"><label class=\"quform-label-text\" for=\"quform_8_18_7a8944\">PLZ<span class=\"quform-required\">*<\/span><\/label><\/div><div class=\"quform-inner quform-inner-text quform-inner-8_18\"><div class=\"quform-input quform-input-text quform-input-8_18 quform-cf\"><input type=\"text\" id=\"quform_8_18_7a8944\" name=\"quform_8_18\" class=\"quform-field quform-field-text quform-field-8_18\" \/><\/div><\/div><\/div><\/div><\/div><div class=\"quform-element quform-element-column quform-element-8_16\"><div class=\"quform-element quform-element-text quform-element-8_19 quform-cf quform-element-required\"><div class=\"quform-spacer\"><div class=\"quform-label quform-label-8_19\"><label class=\"quform-label-text\" for=\"quform_8_19_7a8944\">Ort<span class=\"quform-required\">*<\/span><\/label><\/div><div class=\"quform-inner quform-inner-text quform-inner-8_19\"><div class=\"quform-input quform-input-text quform-input-8_19 quform-cf\"><input type=\"text\" id=\"quform_8_19_7a8944\" name=\"quform_8_19\" class=\"quform-field quform-field-text quform-field-8_19\" \/><\/div><\/div><\/div><\/div><\/div><\/div><div class=\"quform-element quform-element-row quform-element-row-8_20 quform-2-columns quform-element-row-size-fixed quform-responsive-columns-phone-landscape\"><div class=\"quform-element quform-element-column quform-element-8_21\"><div class=\"quform-element quform-element-email quform-element-8_25 quform-cf quform-element-required\"><div class=\"quform-spacer\"><div class=\"quform-label quform-label-8_25\"><label class=\"quform-label-text\" for=\"quform_8_25_7a8944\">E-Mail<span class=\"quform-required\">*<\/span><\/label><\/div><div class=\"quform-inner quform-inner-email quform-inner-8_25\"><div class=\"quform-input quform-input-email quform-input-8_25 quform-cf\"><input type=\"email\" id=\"quform_8_25_7a8944\" name=\"quform_8_25\" class=\"quform-field quform-field-email quform-field-8_25\" \/><\/div><\/div><\/div><\/div><\/div><div class=\"quform-element quform-element-column quform-element-8_23\"><div class=\"quform-element quform-element-text quform-element-8_24 quform-cf quform-element-required\"><div class=\"quform-spacer\"><div class=\"quform-label quform-label-8_24\"><label class=\"quform-label-text\" for=\"quform_8_24_7a8944\">Telefon<span class=\"quform-required\">*<\/span><\/label><\/div><div class=\"quform-inner quform-inner-text quform-inner-8_24\"><div class=\"quform-input quform-input-text quform-input-8_24 quform-cf\"><input type=\"text\" id=\"quform_8_24_7a8944\" name=\"quform_8_24\" class=\"quform-field quform-field-text quform-field-8_24\" \/><\/div><\/div><\/div><\/div><\/div><\/div><div class=\"quform-element quform-element-file quform-element-8_34 quform-cf quform-element-optional\"><div class=\"quform-spacer\"><div class=\"quform-label quform-label-8_34\"><label class=\"quform-label-text\" for=\"quform_8_34_7a8944\">ein Dokument senden<\/label><\/div><div class=\"quform-inner quform-inner-file quform-inner-8_34\"><div class=\"quform-input quform-input-file quform-input-8_34 quform-cf quform-button-size-medium\"><input type=\"file\" id=\"quform_8_34_7a8944\" name=\"quform_8_34[]\" class=\"quform-field quform-field-file quform-field-8_34 quform-field-file-enhanced\" data-config=\"{&quot;id&quot;:34,&quot;identifier&quot;:&quot;8_34&quot;,&quot;name&quot;:&quot;quform_8_34&quot;,&quot;max&quot;:1,&quot;size&quot;:10485760,&quot;allowedExtensions&quot;:[&quot;jpg&quot;,&quot;jpeg&quot;,&quot;png&quot;,&quot;gif&quot;],&quot;notAllowedTypeWithFilename&quot;:&quot;Der Dateityp &#039;%filename%&#039; ist nicht erlaubt&quot;,&quot;tooBigWithFilename&quot;:&quot;File &#039;%filename%&#039; exceeds the maximum allowed file size&quot;,&quot;tooMany&quot;:&quot;You cannot upload more than %max% file(s)&quot;,&quot;buttonType&quot;:&quot;button&quot;,&quot;buttonText&quot;:&quot;Datei ausw\\u00e4hlen...&quot;,&quot;buttonIcon&quot;:&quot;qicon-file_upload&quot;,&quot;buttonIconPosition&quot;:&quot;right&quot;}\" \/><\/div><\/div><\/div><\/div><div class=\"quform-element quform-element-textarea quform-element-8_26 quform-cf quform-element-optional\"><div class=\"quform-spacer\"><div class=\"quform-label quform-label-8_26\"><label class=\"quform-label-text\" for=\"quform_8_26_7a8944\">Nachricht<\/label><\/div><div class=\"quform-inner quform-inner-textarea quform-inner-8_26\"><div class=\"quform-input quform-input-textarea quform-input-8_26 quform-cf\"><textarea id=\"quform_8_26_7a8944\" name=\"quform_8_26\" class=\"quform-field quform-field-textarea quform-field-8_26\"><\/textarea><\/div><\/div><\/div><\/div><div class=\"quform-element quform-element-captcha quform-element-8_27 quform-cf quform-element-required\"><div class=\"quform-spacer\"><div class=\"quform-label quform-label-8_27\"><label class=\"quform-label-text\" for=\"quform_8_27_7a8944\">Bitte geben Sie die Zeichen ein<span class=\"quform-required\">*<\/span><\/label><\/div><div class=\"quform-inner quform-inner-captcha quform-inner-8_27\"><div class=\"quform-input quform-input-captcha quform-input-8_27 quform-cf\"><input type=\"text\" id=\"quform_8_27_7a8944\" name=\"quform_8_27\" class=\"quform-field quform-field-captcha quform-field-8_27\" \/><\/div><div class=\"quform-captcha quform-cf\"><div class=\"quform-captcha-image quform-captcha-image-8_27\"><img loading=\"lazy\" decoding=\"async\" class=\"quform-captcha-image-img\" src=\"data:image\/png;base64,iVBORw0KGgoAAAANSUhEUgAAAOYAAABQBAMAAAD\/1xTgAAAAG1BMVEX\/\/\/8iIiLj4+PHx8d0dHQ9PT2QkJCsrKxZWVkFoK1AAAAACXBIWXMAAA7EAAAOxAGVKw4bAAAEiElEQVRoge2Yz3\/TNhTAXSmJfZxYneVot8A44qYsHDF0Hcd6EMgx4QNJj4RSek26lOXPnvQkPUlWQvqpqQ\/7+F2iOLK+ej\/1lCBopJFGGmmkkUb+V0L6\/af1Euk54\/K2TmpYMJD4c+1IxnpJXcycofxaEzICs65vAFqTS5cc9Yp\/hmLwdy3IkJPGMKLcr92d8zunF5WZbePFRxy\/c\/6EO2I1O6rEzBh7oYbkNg5V0Taqoi7f974GcY\/uStHQBPl+UoHJemqca9dul5Zh3j3g5gyDSPB3MdsW87e7MjPxtrJovtu2KWMPyOA1lK79uzJh4wkMCY62CzfLmfg8\/FSBSRlmZct4dqtMdJh3KjCDJywey1F+CxdhaNMqzOAw0XCTqlsFU5jcwig75bGVNAEdXE1PXt8MR4k7iWKpoj+BKZCoZgfzYeHOCg2pqGJbkOcC8I\/+tofMM3daSwQcOTxKhCuu5TNycMAd1N9Rgkk\/KT25ZOpEKzPH7jyeWV3RPMXfcQVRyKbFD\/opIqYe83c+OE9Fq9CzysEei0+mV1eF57IUN9PTBOxsNtj6cPCZ8C2+g\/h0Cg4Vp\/W\/tupt9iCADmJRWmTOPIJherP54diFzud9USqW4qzufXEmS2buR+bEKrfXzqPRja+oPTsumHU68528k0rSbwodCWbL3zg0Mqy3guYp1pbJpKWfe6evbZVE\/K6NG2HtI1hkItE7TMyq9v5M86R3lKkkW5b3GI24ct2EqnWXmItLbGvbaPIOz5HOpgNyrqMvtNyTsRg+U\/CIIxNYPJIT5npPfOkFOVDv4MHSh+U9NYMW9vpcuRiHkt7yy\/UcthHKwMg0k4POlUNTOyG5Inz68bi8SmB+1+7LlH6hny0SQyUz1RVmgj7mKhfGSXOxJC3tnPw5wk0UuL+M\/QKf1I9ziSHSJHtqnoxEJuPojwkWOwotaKfU8D6zCjuepJx59mNmILMEmU665ahnBqFWtlZhDCoMsXAW3sRUGBkmbR1jAjcE6AdoTsZaTWHVEjO0C5jPDH2mwhTAjFT3LvtoChXq+yeM20dy7RKzZTONbVNls5Z\/9WhLzBKso5mBzDOiL4SSQQr5euTuPDLJZDfDqYq01L9LKkwOO8VcWso8o0u7TPPFe+v1esh8pj5jrYtGqjI1L5+2iJFMHpEEns5VbsvbtipJ5siK3RWMJh1TslMZgA83dMcq8CfCJL+Lg\/eN+NrWuogSqqvMFiZ1C7v2tZj9V\/\/rpgZJMgdLFsdHxnfcdaqskm8znQfmVvLGWYL78L0ciRDWOmNX4dVncsxv8C\/lfeOVFS8P3yblqUFwvj6Zzi76B6XH4oYKLQgE+qLE9NWEINnPZKQI58XXPmuHEHD6avoR3td7VUzsVsx0+Rw8FT99PLso63ArecKMYDjx7mm4Xs0Sf7qc11lNL6pczOcmupCBddSTy\/XpVbW\/AYQQ7HFe4rPtzJ8lX8GnsUHWwAzI4OOp47w9fg2+b6grl13em+QvamWCqf3u615FHg5edb9XecaGw+Gq5n+5G2mkkUYaCf4DMEjHOBwM5esAAAAASUVORK5CYII=\" alt=\"CAPTCHA image\" data-element-id=\"27\" width=\"115\" height=\"40\" \/><\/div><\/div><p class=\"quform-description quform-description-below\">Dies hilft uns, Spam zu vermeiden, danke.<\/p><\/div><\/div><\/div><div class=\"quform-element quform-element-submit quform-element-8_2 quform-cf quform-button-size-medium\"><div class=\"quform-button-submit quform-button-submit-default quform-button-submit-8_2\"><button name=\"quform_submit\" type=\"submit\" class=\"quform-submit\" value=\"submit\"><span class=\"quform-button-text quform-button-submit-text\">Senden<\/span><\/button><\/div><div class=\"quform-loading quform-loading-position-left quform-loading-type-spinner-1\"><div class=\"quform-loading-inner\"><div class=\"quform-loading-spinner\"><div class=\"quform-loading-spinner-inner\"><\/div><\/div><\/div><\/div><\/div><\/div><\/div><\/div><div class=\"quform-upload-progress-wrap\"><div class=\"quform-upload-progress-bar-wrap\"><div class=\"quform-upload-progress-bar\"><\/div><\/div><div class=\"quform-upload-info quform-cf\"><div class=\"quform-upload-filename\"><\/div><\/div><\/div><\/div><\/form><\/div>\n\n\t\t<\/div>\n\t\t\t\t\t<\/div>\n\n\t\n\n\t<div id=\"col-1470845194\" class=\"col medium-3 small-12 large-3\"  >\n\t\t\t\t<div class=\"col-inner\"  >\n\t\t\t\n\t\t\t\n\n\n\t\t<\/div>\n\t\t\t\t\t<\/div>\n\n\t\n\n<\/div>\n\n\t\t<\/div>\n\n\t\t\n<style>\n#section_1773203310 {\n  padding-top: 10px;\n  padding-bottom: 10px;\n}\n<\/style>\n\t<\/section>\n\t\n\n\t<section class=\"section\" id=\"section_1153820893\">\n\t\t<div class=\"section-bg fill\" >\n\t\t\t\t\t\t\t\t\t\n\t\t\t\n\n\t\t<\/div>\n\n\t\t\n\n\t\t<div class=\"section-content relative\">\n\t\t\t\n\n<div class=\"row\"  id=\"row-2065230078\">\n\n\n\t<div id=\"col-1481979523\" class=\"col medium-6 small-12 large-6\"  >\n\t\t\t\t<div class=\"col-inner\"  >\n\t\t\t\n\t\t\t\n\n\t<div class=\"box has-hover   has-hover box-text-bottom\" >\n\n\t\t<div class=\"box-image\" style=\"width:15%;\">\n\t\t\t\t\t\t<div class=\"\" >\n\t\t\t\t<img loading=\"lazy\" decoding=\"async\" width=\"71\" height=\"78\" src=\"https:\/\/la-tuile.ch\/wp-content\/uploads\/2022\/05\/Asset-49.svg\" class=\"attachment- size-\" alt=\"\" \/>\t\t\t\t\t\t\t\t\t\t\t<\/div>\n\t\t\t\t\t<\/div>\n\n\t\t<div class=\"box-text text-center\" >\n\t\t\t<div class=\"box-text-inner\">\n\t\t\t\t\n\n<h4>Adresse<\/h4>\n<p>Caf\u00e9 Le Tunnel<br \/>Grand-Rue 68&nbsp; |&nbsp; 1700 Fribourg<\/p>\n\n\t\t\t<\/div>\n\t\t<\/div>\n\t<\/div>\n\t\n\n\t\t<\/div>\n\t\t\t\t\t<\/div>\n\n\t\n\n\t<div id=\"col-1711862951\" class=\"col medium-6 small-12 large-6\"  >\n\t\t\t\t<div class=\"col-inner\"  >\n\t\t\t\n\t\t\t\n\n\t<div class=\"box has-hover   has-hover box-default box-text-bottom\" >\n\n\t\t<div class=\"box-image\" style=\"width:22%;\">\n\t\t\t\t\t\t<div class=\"\" >\n\t\t\t\t<img loading=\"lazy\" decoding=\"async\" width=\"90\" height=\"67\" src=\"https:\/\/la-tuile.ch\/wp-content\/uploads\/2022\/05\/Asset-48.svg\" class=\"attachment- size-\" alt=\"\" \/>\t\t\t\t\t\t\t\t\t\t\t<\/div>\n\t\t\t\t\t<\/div>\n\n\t\t<div class=\"box-text text-center\" >\n\t\t\t<div class=\"box-text-inner\">\n\t\t\t\t\n\n<p><strong>Itin\u00e9raire <\/strong><\/p>\n<p>depuis la Gare CFF Fribourg<br \/>Prendre le bus TPF Nr 2, 1, 6<br \/>Arr\u00eat: Tilleul &#8211; 2 minutes \u00e0 pied jusqu\u2019\u00e0 la Grand Rue 68<\/p>\n<p>&nbsp;<\/p>\n\n\t\t\t<\/div>\n\t\t<\/div>\n\t<\/div>\n\t\n\n\t\t<\/div>\n\t\t\t\t\t<\/div>\n\n\t\n\n<\/div>\n\n\t\t<\/div>\n\n\t\t\n<style>\n#section_1153820893 {\n  padding-top: 0px;\n  padding-bottom: 0px;\n}\n<\/style>\n\t<\/section>\n\t\n\n","protected":false},"excerpt":{"rendered":"","protected":false},"author":1,"featured_media":0,"parent":8218,"menu_order":13,"comment_status":"closed","ping_status":"closed","template":"page-blank.php","meta":{"_uag_custom_page_level_css":"","footnotes":""},"class_list":["post-8261","page","type-page","status-publish","hentry"],"uagb_featured_image_src":{"full":false,"thumbnail":false,"medium":false,"medium_large":false,"large":false,"1536x1536":false,"2048x2048":false,"woocommerce_thumbnail":false,"woocommerce_single":false,"woocommerce_gallery_thumbnail":false},"uagb_author_info":{"display_name":"LA TUILE","author_link":"https:\/\/la-tuile.ch\/de\/author\/s62schuler\/"},"uagb_comment_info":0,"uagb_excerpt":null,"_links":{"self":[{"href":"https:\/\/la-tuile.ch\/de\/wp-json\/wp\/v2\/pages\/8261","targetHints":{"allow":["GET"]}}],"collection":[{"href":"https:\/\/la-tuile.ch\/de\/wp-json\/wp\/v2\/pages"}],"about":[{"href":"https:\/\/la-tuile.ch\/de\/wp-json\/wp\/v2\/types\/page"}],"author":[{"embeddable":true,"href":"https:\/\/la-tuile.ch\/de\/wp-json\/wp\/v2\/users\/1"}],"replies":[{"embeddable":true,"href":"https:\/\/la-tuile.ch\/de\/wp-json\/wp\/v2\/comments?post=8261"}],"version-history":[{"count":3,"href":"https:\/\/la-tuile.ch\/de\/wp-json\/wp\/v2\/pages\/8261\/revisions"}],"predecessor-version":[{"id":8941,"href":"https:\/\/la-tuile.ch\/de\/wp-json\/wp\/v2\/pages\/8261\/revisions\/8941"}],"up":[{"embeddable":true,"href":"https:\/\/la-tuile.ch\/de\/wp-json\/wp\/v2\/pages\/8218"}],"wp:attachment":[{"href":"https:\/\/la-tuile.ch\/de\/wp-json\/wp\/v2\/media?parent=8261"}],"curies":[{"name":"wp","href":"https:\/\/api.w.org\/{rel}","templated":true}]}}