{"id":8269,"date":"2022-06-03T14:05:49","date_gmt":"2022-06-03T12:05:49","guid":{"rendered":"https:\/\/la-tuile.ch\/ich-bin-interessiert\/centre-daccueil\/"},"modified":"2022-09-25T09:29:32","modified_gmt":"2022-09-25T07:29:32","slug":"empfangszentrum","status":"publish","type":"page","link":"https:\/\/la-tuile.ch\/de\/ich-bin-interessiert\/empfangszentrum\/","title":{"rendered":"Empfangszentrum"},"content":{"rendered":"\n\n\t<section class=\"section\" id=\"section_1572779137\">\n\t\t<div class=\"section-bg fill\" >\n\t\t\t\t\t\t\t\t\t\n\t\t\t\n\n\t\t<\/div>\n\n\t\t\n\n\t\t<div class=\"section-content relative\">\n\t\t\t\n\n<div class=\"row\"  id=\"row-1339873895\">\n\n\n\t<div id=\"col-1678608560\" class=\"col medium-7 small-12 large-8\"  >\n\t\t\t\t<div class=\"col-inner\"  >\n\t\t\t\n\t\t\t\n\n\t<div id=\"gap-428710094\" class=\"gap-element clearfix\" style=\"display:block; height:auto;\">\n\t\t\n<style>\n#gap-428710094 {\n  padding-top: 50px;\n}\n@media (min-width:850px) {\n  #gap-428710094 {\n    padding-top: 30px;\n  }\n}\n<\/style>\n\t<\/div>\n\t\n\n\t<div id=\"text-775695333\" class=\"text\">\n\t\t\n\n<h1>Unterkunft in Notsituationen<\/h1>\n\t\t\n<style>\n#text-775695333 {\n  font-size: 2rem;\n  line-height: 1.45;\n  text-align: left;\n}\n<\/style>\n\t<\/div>\n\t\n<div class=\"is-divider divider clearfix\" style=\"margin-top:0.5em;margin-bottom:0.5em;max-width:100px;background-color:rgb(255, 138, 0);\"><\/div>\n\n\t<div id=\"text-2870636597\" class=\"text\">\n\t\t\n\n<h3>La Tuile betreibt seit 1992 die einzige Notschlafstelle im Kanton Freiburg.<\/h3>\n\n\t\t\n<style>\n#text-2870636597 {\n  text-align: left;\n}\n<\/style>\n\t<\/div>\n\t\n\n\t\t<\/div>\n\t\t\t\t\t<\/div>\n\n\t\n\n<\/div>\n\n\t\t<\/div>\n\n\t\t\n<style>\n#section_1572779137 {\n  padding-top: 10px;\n  padding-bottom: 10px;\n}\n@media (min-width:550px) {\n  #section_1572779137 {\n    padding-top: 0px;\n    padding-bottom: 0px;\n  }\n}\n@media (min-width:850px) {\n  #section_1572779137 {\n    padding-top: 30px;\n    padding-bottom: 30px;\n  }\n}\n<\/style>\n\t<\/section>\n\t\n\n\t<section class=\"section\" id=\"section_341872441\">\n\t\t<div class=\"section-bg fill\" >\n\t\t\t\t\t\t\t\t\t\n\t\t\t\n\n\t\t<\/div>\n\n\t\t\n\n\t\t<div class=\"section-content relative\">\n\t\t\t\n\n<div class=\"row\"  id=\"row-717332201\">\n\n\n\t<div id=\"col-2125623832\" class=\"col medium-12 small-12 large-6\"  >\n\t\t\t\t<div class=\"col-inner text-left\"  >\n\t\t\t\n\t\t\t\n\n\t<div id=\"text-3688778959\" class=\"text\">\n\t\t\n\n<h3>Ein Sozialhotel<\/h3>\n<p>Die Notschlafstelle gew\u00e4hrleistet die Betreuung von Menschen in prek\u00e4ren Wohnsituationen. Sie bietet Unterk\u00fcnfte f\u00fcr die erste Zeit einer Notsituation an:<\/p>\n<ul>\n<li>Ein Bett in einem Zwei-, Drei- oder Vierbettzimmer<\/li>\n<li>Ein gesundes und ausgewogenes Abendessen, von einem Koch zubereitet<\/li>\n<li>Ein Fr\u00fchst\u00fcck vor dem Verlassen der \u00dcbernachtungsst\u00e4tte<\/li>\n<li>Dusche und Waschmaschine<\/li>\n<li>Kleidung zum Wechseln sowie Hygieneartikel<\/li>\n<\/ul>\n\t\t\n<style>\n#text-3688778959 {\n  font-size: 1.2rem;\n}\n<\/style>\n\t<\/div>\n\t\n\n\t\t<\/div>\n\t\t\t\t\n<style>\n#col-2125623832 > .col-inner {\n  padding: 0px 0px 0px 0;\n}\n<\/style>\n\t<\/div>\n\n\t\n\n<\/div>\n\n\t\t<\/div>\n\n\t\t\n<style>\n#section_341872441 {\n  padding-top: 40px;\n  padding-bottom: 40px;\n}\n@media (min-width:850px) {\n  #section_341872441 {\n    padding-top: 5px;\n    padding-bottom: 5px;\n  }\n}\n<\/style>\n\t<\/section>\n\t\n\t<div class=\"img has-hover hide-for-medium x md-x lg-x y md-y lg-y\" id=\"image_1022846003\">\n\t\t\t\t\t\t<div data-animate=\"fadeInLeft\">\t\t<div class=\"img-inner dark\" >\n\t\t\t<img loading=\"lazy\" decoding=\"async\" width=\"1200\" height=\"671\" src=\"https:\/\/la-tuile.ch\/wp-content\/uploads\/2022\/06\/ambiance-maison.jpg\" class=\"attachment-original size-original\" alt=\"\" srcset=\"https:\/\/la-tuile.ch\/wp-content\/uploads\/2022\/06\/ambiance-maison.jpg 1200w, https:\/\/la-tuile.ch\/wp-content\/uploads\/2022\/06\/ambiance-maison-300x168.jpg 300w, https:\/\/la-tuile.ch\/wp-content\/uploads\/2022\/06\/ambiance-maison-1024x573.jpg 1024w, https:\/\/la-tuile.ch\/wp-content\/uploads\/2022\/06\/ambiance-maison-768x429.jpg 768w, https:\/\/la-tuile.ch\/wp-content\/uploads\/2022\/06\/ambiance-maison-600x336.jpg 600w\" sizes=\"auto, (max-width: 1200px) 100vw, 1200px\" \/>\t\t\t\t\t\t\n\t\t\t\t\t<\/div>\n\t\t<\/div>\t\t\t\t\t\t\n<style>\n#image_1022846003 {\n  width: 62%;\n}\n<\/style>\n\t<\/div>\n\t\n\n\t<div class=\"img has-hover show-for-small x md-x lg-x y md-y lg-y\" id=\"image_1581437299\">\n\t\t\t\t\t\t<div data-animate=\"fadeInLeft\">\t\t<div class=\"img-inner dark\" >\n\t\t\t<img loading=\"lazy\" decoding=\"async\" width=\"1200\" height=\"671\" src=\"https:\/\/la-tuile.ch\/wp-content\/uploads\/2022\/06\/ambiance-maison.jpg\" class=\"attachment-original size-original\" alt=\"\" srcset=\"https:\/\/la-tuile.ch\/wp-content\/uploads\/2022\/06\/ambiance-maison.jpg 1200w, https:\/\/la-tuile.ch\/wp-content\/uploads\/2022\/06\/ambiance-maison-300x168.jpg 300w, https:\/\/la-tuile.ch\/wp-content\/uploads\/2022\/06\/ambiance-maison-1024x573.jpg 1024w, https:\/\/la-tuile.ch\/wp-content\/uploads\/2022\/06\/ambiance-maison-768x429.jpg 768w, https:\/\/la-tuile.ch\/wp-content\/uploads\/2022\/06\/ambiance-maison-600x336.jpg 600w\" sizes=\"auto, (max-width: 1200px) 100vw, 1200px\" \/>\t\t\t\t\t\t\n\t\t\t\t\t<\/div>\n\t\t<\/div>\t\t\t\t\t\t\n<style>\n#image_1581437299 {\n  width: 100%;\n}\n<\/style>\n\t<\/div>\n\t\n\n\n\t<section class=\"section\" id=\"section_1203839090\">\n\t\t<div class=\"section-bg fill\" >\n\t\t\t\t\t\t\t\t\t\n\t\t\t\n\n\t\t<\/div>\n\n\t\t\n\n\t\t<div class=\"section-content relative\">\n\t\t\t\n\n\t<div id=\"gap-1129044506\" class=\"gap-element clearfix\" style=\"display:block; height:auto;\">\n\t\t\n<style>\n#gap-1129044506 {\n  padding-top: 30px;\n}\n<\/style>\n\t<\/div>\n\t\n\n<div class=\"row\"  id=\"row-1887058062\">\n\n\n\t<div id=\"col-366170811\" class=\"col medium-12 small-12 large-6\"  >\n\t\t\t\t<div class=\"col-inner\"  >\n\t\t\t\n\t\t\t\n\n<h3>Die Ziele<\/h3>\n<p>Unsere Dienste sind haupts\u00e4chlich auf soziale Notsituationen ausgerichtet, indem wir Nutzer:innen ein Dach \u00fcber dem Kopf bieten. Hinzu kommen Zuh\u00f6ren, Beraten und Informieren. Als wesentlicher Bestandteil des Angebots von La Tuile arbeitet die Notschlafstelle in bestimmten F\u00e4llen und im Einverst\u00e4ndnis mit den Nutzer:innen an der L\u00f6sung der Probleme, die zum Leben auf der Strasse gef\u00fchrt haben. Auch eine Sozialarbeiterin hat ein offenes Ohr f\u00fcr ihre Anliegen und Sorgen. <\/p>\n<p>&nbsp;<\/p>\n<a data-animate=\"fadeInLeft\" href=\"https:\/\/la-tuile.ch\/wp-content\/uploads\/2022\/06\/flyer-beneficiaires.pdf\" target=\"_blank\" class=\"button secondary is-underline\" rel=\"noopener\" >\n\t\t<span>Flyer f\u00fcr Beg\u00fcnstigte<\/span>\n\t<\/a>\n\n\n\n\t\t<\/div>\n\t\t\t\t\t<\/div>\n\n\t\n\n\t<div id=\"col-637291991\" class=\"col medium-12 small-12 large-6\"  data-animate=\"fadeInDown\">\n\t\t\t\t<div class=\"col-inner text-left\"  >\n\t\t\t\n\t\t\t\n\n\t<div id=\"text-623491806\" class=\"text\">\n\t\t\n\n<h2>Unterkunft und Kost, um eine erste Notlage abzuwenden.<\/h2>\n\t\t\n<style>\n#text-623491806 {\n  color: #f07910;\n}\n#text-623491806 > * {\n  color: #f07910;\n}\n<\/style>\n\t<\/div>\n\t\n\n\t\t<\/div>\n\t\t\t\t\n<style>\n#col-637291991 > .col-inner {\n  padding: 0px 0px 0px 0;\n}\n@media (min-width:850px) {\n  #col-637291991 > .col-inner {\n    padding: 23px 30px 17px 6%;\n  }\n}\n<\/style>\n\t<\/div>\n\n\t\n\n<\/div>\n\n\t\t<\/div>\n\n\t\t\n<style>\n#section_1203839090 {\n  padding-top: 40px;\n  padding-bottom: 40px;\n}\n@media (min-width:850px) {\n  #section_1203839090 {\n    padding-top: 5px;\n    padding-bottom: 5px;\n  }\n}\n<\/style>\n\t<\/section>\n\t\n\n\t<section class=\"section\" id=\"section_398368712\">\n\t\t<div class=\"section-bg fill\" >\n\t\t\t\t\t\t\t\t\t\n\t\t\t\n\n\t\t<\/div>\n\n\t\t\n\n\t\t<div class=\"section-content relative\">\n\t\t\t\n\n<div class=\"row row-large\"  id=\"row-869316735\">\n\n\n\t<div id=\"col-263809796\" class=\"col medium-6 small-12 large-6\"  >\n\t\t\t\t<div class=\"col-inner\"  >\n\t\t\t\n\t\t\t\n\n<h3>Kapazit\u00e4ten der Unterkunft<\/h3>\n<p>30 Betten mit einem f\u00fcr Frauen reservierten Stockwerk.<\/p>\n<p>Kosten :<\/p>\n<ul>\n<li>CHF 8.- \u00dcbernachtung mit Abendessen und Fr\u00fchst\u00fcck.<\/li>\n<li>CHF 5.- \u00dcbernachtung allein.<\/li>\n<li>CHF 2.- W\u00e4sche<\/li>\n<\/ul>\n<p>&nbsp;<\/p>\n\n\t\t<\/div>\n\t\t\t\t\t<\/div>\n\n\t\n\n\t<div id=\"col-316825233\" class=\"col medium-6 small-12 large-6\"  data-animate=\"fadeInRight\">\n\t\t\t\t<div class=\"col-inner\"  >\n\t\t\t\n\t\t\t\n\n<p>Sozial\u00e4mter und Beistandschaften k\u00f6nnen finanzielle Garantien ausstellen. Es ist auch m\u00f6glich, die Ankunft von Nutzer:innen anzuk\u00fcndigen.<\/p>\n<p><strong>\u00d6ffnungszeiten<\/strong><br \/>Montag bis Freitag: 19:00 bis 8:45 Uhr<br \/>Am Wochenende: 19:00 bis 9:45 Uhr<\/p>\n<p><strong>Anmeldung<\/strong> zwischen 19:00 und 24:00 Uhr<\/p>\n\n\t\t<\/div>\n\t\t\t\t\n<style>\n#col-316825233 > .col-inner {\n  padding: 0px 0px 0px 10%;\n}\n<\/style>\n\t<\/div>\n\n\t\n\n<\/div>\n\n\t\t<\/div>\n\n\t\t\n<style>\n#section_398368712 {\n  padding-top: 30px;\n  padding-bottom: 30px;\n  margin-bottom: 5px;\n}\n<\/style>\n\t<\/section>\n\t\n\n\t<section class=\"section\" id=\"section_1170336401\">\n\t\t<div class=\"section-bg fill\" >\n\t\t\t\t\t\t\t\t\t\n\t\t\t\n\n\t\t<\/div>\n\n\t\t\n\n\t\t<div class=\"section-content relative\">\n\t\t\t\n\n<div class=\"row row-collapse\"  id=\"row-705168243\">\n\n\n\t<div id=\"col-1504585227\" class=\"col medium-3 small-6 large-3\"  data-animate=\"fadeInLeft\">\n\t\t\t\t<div class=\"col-inner\"  >\n\t\t\t\n\t\t\t\n\n\t<div class=\"box has-hover   has-hover box-default box-text-bottom\" >\n\n\t\t<div class=\"box-image\" style=\"width:30%;\">\n\t\t\t\t\t\t<div class=\"\" >\n\t\t\t\t<img loading=\"lazy\" decoding=\"async\" width=\"71\" height=\"72\" src=\"https:\/\/la-tuile.ch\/wp-content\/uploads\/2022\/05\/Asset-17.svg\" class=\"attachment- size-\" alt=\"\" \/>\t\t\t\t\t\t\t\t\t\t\t<\/div>\n\t\t\t\t\t<\/div>\n\n\t\t<div class=\"box-text text-center\" >\n\t\t\t<div class=\"box-text-inner\">\n\t\t\t\t\n\n\t<div id=\"text-3942249003\" class=\"text\">\n\t\t\n\n<h4>Adresse<\/h4>\n<p>Rte de Marly 25<br>CH-1700 Fribourg<\/p>\n\t\t\n<style>\n#text-3942249003 {\n  font-size: 1rem;\n}\n<\/style>\n\t<\/div>\n\t\n\n\t\t\t<\/div>\n\t\t<\/div>\n\t<\/div>\n\t\n\n\t\t<\/div>\n\t\t\t\t\t<\/div>\n\n\t\n\n\t<div id=\"col-1096679410\" class=\"col medium-3 small-6 large-3\"  data-animate=\"fadeInDown\">\n\t\t\t\t<div class=\"col-inner\"  >\n\t\t\t\n\t\t\t\n\n\t<div class=\"box has-hover   has-hover box-text-bottom\" >\n\n\t\t<div class=\"box-image\" style=\"width:30%;\">\n\t\t\t\t\t\t<div class=\"\" >\n\t\t\t\t<img loading=\"lazy\" decoding=\"async\" width=\"68\" height=\"68\" src=\"https:\/\/la-tuile.ch\/wp-content\/uploads\/2022\/05\/Asset-12.svg\" class=\"attachment- size-\" alt=\"\" \/>\t\t\t\t\t\t\t\t\t\t\t<\/div>\n\t\t\t\t\t<\/div>\n\n\t\t<div class=\"box-text text-center\" >\n\t\t\t<div class=\"box-text-inner\">\n\t\t\t\t\n\n\t<div id=\"text-2478415813\" class=\"text\">\n\t\t\n\n<h4>Telefon<\/h4>\n<p>+41 26 424 43 21<\/p>\n\t\t\n<style>\n#text-2478415813 {\n  font-size: 1rem;\n}\n<\/style>\n\t<\/div>\n\t\n\n\t\t\t<\/div>\n\t\t<\/div>\n\t<\/div>\n\t\n\n\t\t<\/div>\n\t\t\t\t\t<\/div>\n\n\t\n\n\t<div id=\"col-577493637\" class=\"col medium-3 small-6 large-3\"  data-animate=\"fadeInDown\">\n\t\t\t\t<div class=\"col-inner\"  >\n\t\t\t\n\t\t\t\n\n\t<div class=\"box has-hover   has-hover box-default box-text-bottom\" >\n\n\t\t<div class=\"box-image\" style=\"width:31%;\">\n\t\t\t\t\t\t<div class=\"\" >\n\t\t\t\t<img loading=\"lazy\" decoding=\"async\" width=\"71\" height=\"70\" src=\"https:\/\/la-tuile.ch\/wp-content\/uploads\/2022\/05\/Asset-37.svg\" class=\"attachment- size-\" alt=\"\" \/>\t\t\t\t\t\t\t\t\t\t\t<\/div>\n\t\t\t\t\t<\/div>\n\n\t\t<div class=\"box-text text-center\" >\n\t\t\t<div class=\"box-text-inner\">\n\t\t\t\t\n\n\t<div id=\"text-1350959547\" class=\"text\">\n\t\t\n\n<h4>E-mail<\/h4>\n<p><a href=\"mailto:accueil@la-tuile.ch\">accueil@la-tuile.ch<\/a><\/p>\n\t\t\n<style>\n#text-1350959547 {\n  font-size: 1rem;\n}\n<\/style>\n\t<\/div>\n\t\n\n\t\t\t<\/div>\n\t\t<\/div>\n\t<\/div>\n\t\n\n\t\t<\/div>\n\t\t\t\t\t<\/div>\n\n\t\n\n\t<div id=\"col-1634579412\" class=\"col medium-3 small-6 large-3\"  data-animate=\"fadeInRight\">\n\t\t\t\t<div class=\"col-inner\"  >\n\t\t\t\n\t\t\t\n\n\t<div class=\"box has-hover   has-hover box-default box-text-bottom\" >\n\n\t\t<div class=\"box-image\" style=\"width:40%;\">\n\t\t\t\t\t\t<div class=\"\" >\n\t\t\t\t<img loading=\"lazy\" decoding=\"async\" width=\"90\" height=\"67\" src=\"https:\/\/la-tuile.ch\/wp-content\/uploads\/2022\/05\/Asset-48.svg\" class=\"attachment- size-\" alt=\"\" \/>\t\t\t\t\t\t\t\t\t\t\t<\/div>\n\t\t\t\t\t<\/div>\n\n\t\t<div class=\"box-text text-center\" >\n\t\t\t<div class=\"box-text-inner\">\n\t\t\t\t\n\n\t<div id=\"text-3362905701\" class=\"text\">\n\t\t\n\n<h4>Zugang<\/h4>\n<p>Bushaltestelle: Linien 8 und 1.<br>Freiburg Plateau-De-P\u00e9rolles oder 3 Charmettes.<\/p>\n\t\t\n<style>\n#text-3362905701 {\n  font-size: 1rem;\n}\n<\/style>\n\t<\/div>\n\t\n\n\t\t\t<\/div>\n\t\t<\/div>\n\t<\/div>\n\t\n\n\t\t<\/div>\n\t\t\t\t\t<\/div>\n\n\t\n\n<\/div>\n\n\t\t<\/div>\n\n\t\t\n<style>\n#section_1170336401 {\n  padding-top: 77px;\n  padding-bottom: 77px;\n}\n<\/style>\n\t<\/section>\n\t\n\n","protected":false},"excerpt":{"rendered":"","protected":false},"author":1,"featured_media":0,"parent":8218,"menu_order":15,"comment_status":"closed","ping_status":"closed","template":"page-blank.php","meta":{"_uag_custom_page_level_css":"","footnotes":""},"class_list":["post-8269","page","type-page","status-publish","hentry"],"uagb_featured_image_src":{"full":false,"thumbnail":false,"medium":false,"medium_large":false,"large":false,"1536x1536":false,"2048x2048":false,"woocommerce_thumbnail":false,"woocommerce_single":false,"woocommerce_gallery_thumbnail":false},"uagb_author_info":{"display_name":"LA TUILE","author_link":"https:\/\/la-tuile.ch\/de\/author\/s62schuler\/"},"uagb_comment_info":0,"uagb_excerpt":null,"_links":{"self":[{"href":"https:\/\/la-tuile.ch\/de\/wp-json\/wp\/v2\/pages\/8269","targetHints":{"allow":["GET"]}}],"collection":[{"href":"https:\/\/la-tuile.ch\/de\/wp-json\/wp\/v2\/pages"}],"about":[{"href":"https:\/\/la-tuile.ch\/de\/wp-json\/wp\/v2\/types\/page"}],"author":[{"embeddable":true,"href":"https:\/\/la-tuile.ch\/de\/wp-json\/wp\/v2\/users\/1"}],"replies":[{"embeddable":true,"href":"https:\/\/la-tuile.ch\/de\/wp-json\/wp\/v2\/comments?post=8269"}],"version-history":[{"count":0,"href":"https:\/\/la-tuile.ch\/de\/wp-json\/wp\/v2\/pages\/8269\/revisions"}],"up":[{"embeddable":true,"href":"https:\/\/la-tuile.ch\/de\/wp-json\/wp\/v2\/pages\/8218"}],"wp:attachment":[{"href":"https:\/\/la-tuile.ch\/de\/wp-json\/wp\/v2\/media?parent=8269"}],"curies":[{"name":"wp","href":"https:\/\/api.w.org\/{rel}","templated":true}]}}