{"id":8276,"date":"2022-05-17T22:07:36","date_gmt":"2022-05-17T20:07:36","guid":{"rendered":"https:\/\/la-tuile.ch\/ich-bin-interessiert\/infos-contacts\/"},"modified":"2023-02-27T13:46:43","modified_gmt":"2023-02-27T12:46:43","slug":"infos-kontakte","status":"publish","type":"page","link":"https:\/\/la-tuile.ch\/de\/ich-bin-interessiert\/infos-kontakte\/","title":{"rendered":"Infos + Kontakte"},"content":{"rendered":"\n\n\t<section class=\"section\" id=\"section_634920405\">\n\t\t<div class=\"section-bg fill\" >\n\t\t\t\t\t\t\t\t\t\n\t\t\t\n\n\t\t<\/div>\n\n\t\t\n\n\t\t<div class=\"section-content relative\">\n\t\t\t\n\n<div class=\"row\"  id=\"row-1559705040\">\n\n\n\t<div id=\"col-753512439\" class=\"col medium-7 small-12 large-8\"  >\n\t\t\t\t<div class=\"col-inner\"  >\n\t\t\t\n\t\t\t\n\n\t<div id=\"gap-835420964\" class=\"gap-element clearfix\" style=\"display:block; height:auto;\">\n\t\t\n<style>\n#gap-835420964 {\n  padding-top: 50px;\n}\n@media (min-width:850px) {\n  #gap-835420964 {\n    padding-top: 30px;\n  }\n}\n<\/style>\n\t<\/div>\n\t\n\n\t<div id=\"text-1522759067\" class=\"text\">\n\t\t\n\n<main class=\"template-page content  av-content-full alpha units\" role=\"main\">\n<div class=\"post-entry post-entry-type-page post-entry-210\">\n<div class=\"entry-content-wrapper clearfix\">\n<div class=\"hr av-kc6co1sb-e545f7a7ba9778e169cfa96088a23aea hr-invisible  avia-builder-el-0  el_before_av_heading  avia-builder-el-first  \">\n<h2 class=\"av-special-heading-tag \">La Tuile auf einen Blick<\/h2>\n<\/div>\n<\/div>\n<\/div>\n<\/main>\n\t\t\n<style>\n#text-1522759067 {\n  font-size: 2rem;\n  line-height: 1.45;\n  text-align: left;\n}\n<\/style>\n\t<\/div>\n\t\n<div class=\"is-divider divider clearfix\" style=\"margin-top:0.5em;margin-bottom:0.5em;max-width:100px;background-color:rgb(255, 138, 0);\"><\/div>\n\n\t<div id=\"text-2735059498\" class=\"text\">\n\t\t\n\n<h3 class=\"iconbox_content_title  \">Wenn Sie zus\u00e4tzliche Informationen erhalten oder uns Ihre Kommentare zukommen lassen m\u00f6chten, benutzen Sie bitte das Fu\u00dfzeile Formular.<\/h3>\n\t\t\n<style>\n#text-2735059498 {\n  text-align: left;\n}\n<\/style>\n\t<\/div>\n\t\n\n\t\t<\/div>\n\t\t\t\t\t<\/div>\n\n\t\n\n<\/div>\n\n\t\t<\/div>\n\n\t\t\n<style>\n#section_634920405 {\n  padding-top: 10px;\n  padding-bottom: 10px;\n}\n@media (min-width:550px) {\n  #section_634920405 {\n    padding-top: 0px;\n    padding-bottom: 0px;\n  }\n}\n@media (min-width:850px) {\n  #section_634920405 {\n    padding-top: 30px;\n    padding-bottom: 30px;\n  }\n}\n<\/style>\n\t<\/section>\n\t\n\n\t<section class=\"section\" id=\"section_851762604\">\n\t\t<div class=\"section-bg fill\" >\n\t\t\t\t\t\t\t\t\t\n\t\t\t\n\n\t\t<\/div>\n\n\t\t\n\n\t\t<div class=\"section-content relative\">\n\t\t\t\n\n<div class=\"row\"  id=\"row-1608282322\">\n\n\n\t<div id=\"col-769523444\" class=\"col medium-5 small-12 large-5\"  >\n\t\t\t\t<div class=\"col-inner\"  >\n\t\t\t\n\t\t\t\n\n<ul>\n<li><strong>Generel :<\/strong> <a href=\"mailto:info@la-tuile.ch\">info@la-tuile.ch<\/a><\/li>\n<li><strong>Direktion :<\/strong> <a href=\"mailto:direction@la-tuile.ch\">direction@la-tuile.ch<\/a><\/li>\n<li><strong>Administration :<\/strong> <a href=\"mailto:administration@la-tuile.ch\">administration@la-tuile.ch<\/a><\/li>\n<li><strong>Logistik :<\/strong> <a href=\"mailto:logistique@la-tuile.ch\">logistique@la-tuile.ch<\/a><\/li>\n<li><strong>Events :<\/strong> <a href=\"mailto:evenements@la-tuile.ch\">evenements@la-tuile.ch<\/a><\/li>\n<\/ul>\n\n\t\t<\/div>\n\t\t\t\t\t<\/div>\n\n\t\n\n\t<div id=\"col-1995234021\" class=\"col medium-7 small-12 large-7\"  >\n\t\t\t\t<div class=\"col-inner text-left\"  >\n\t\t\t\n\t\t\t\n\n<ul>\n<li><strong>Begleitetes Wohnen :<\/strong> <a href=\"mailto:logements@la-tuile.ch\">logements@la-tuile.ch<\/a><\/li>\n<li><strong>Notschlafstelle :<\/strong> <a href=\"mailto:accueil@la-tuile.ch\">accueil@la-tuile.ch<\/a><\/li>\n<li><strong>Unterkunft<em>24<\/em> :<\/strong> <a href=\"mailto:a24@la-tuile.ch\">a24@la-tuile.ch<\/a><\/li>\n<li><strong>Sozialarbeiter:in :<\/strong> <a href=\"mailto:as@la-tuile.ch\">as@la-tuile.ch<\/a>\n<p><strong><em>&nbsp;<\/em><\/strong><\/p>\n<\/li>\n<\/ul>\n\n\t\t<\/div>\n\t\t\t\t\t<\/div>\n\n\t\n\n<\/div>\n\n\t\t<\/div>\n\n\t\t\n<style>\n#section_851762604 {\n  padding-top: 15px;\n  padding-bottom: 15px;\n}\n<\/style>\n\t<\/section>\n\t\n\n\t<section class=\"section\" id=\"section_449169841\">\n\t\t<div class=\"section-bg fill\" >\n\t\t\t\t\t\t\t\t\t\n\t\t\t\n\n\t\t<\/div>\n\n\t\t\n\n\t\t<div class=\"section-content relative\">\n\t\t\t\n\n<div class=\"row row-collapse align-center\"  id=\"row-280203038\">\n\n\n\t<div id=\"col-946144150\" class=\"col medium-4 small-6 large-4\"  data-animate=\"fadeInUp\">\n\t\t\t\t<div class=\"col-inner\"  >\n\t\t\t\n\t\t\t\n\n\t<div class=\"box has-hover   has-hover box-default box-text-bottom\" >\n\n\t\t<div class=\"box-image\" style=\"width:30%;\">\n\t\t\t\t\t\t<div class=\"\" >\n\t\t\t\t<img loading=\"lazy\" decoding=\"async\" width=\"63\" height=\"70\" src=\"https:\/\/la-tuile.ch\/wp-content\/uploads\/2022\/05\/Asset-52-1.svg\" class=\"attachment-large size-large\" alt=\"\" \/>\t\t\t\t\t\t\t\t\t\t\t<\/div>\n\t\t\t\t\t<\/div>\n\n\t\t<div class=\"box-text text-center\" >\n\t\t\t<div class=\"box-text-inner\">\n\t\t\t\t\n\n\t<div id=\"text-2732603636\" class=\"text\">\n\t\t\n\n<h4>Preise<\/h4>\n<p>CHF 5.- pro Nacht<br>CHF 8.- mit Nachtessen<br>CHF 5.- nur Nachtessen<br>Mit Teilnahme an der Hausarbeit<\/p>\n\t\t\n<style>\n#text-2732603636 {\n  font-size: 1rem;\n  text-align: center;\n}\n<\/style>\n\t<\/div>\n\t\n\n\t\t\t<\/div>\n\t\t<\/div>\n\t<\/div>\n\t\n\n\t\t<\/div>\n\t\t\t\t\t<\/div>\n\n\t\n\n<\/div>\n\t<div id=\"gap-1411495941\" class=\"gap-element clearfix\" style=\"display:block; height:auto;\">\n\t\t\n<style>\n#gap-1411495941 {\n  padding-top: 30px;\n}\n<\/style>\n\t<\/div>\n\t\n\n<div class=\"row row-collapse align-center\"  id=\"row-194965163\">\n\n\n\t<div id=\"col-1887458807\" class=\"col medium-4 small-6 large-4\"  data-animate=\"fadeInLeft\">\n\t\t\t\t<div class=\"col-inner\"  >\n\t\t\t\n\t\t\t\n\n\t<div class=\"box has-hover   has-hover box-default box-text-bottom\" >\n\n\t\t<div class=\"box-image\" style=\"width:22%;\">\n\t\t\t\t\t\t<div class=\"\" >\n\t\t\t\t<img loading=\"lazy\" decoding=\"async\" width=\"71\" height=\"71\" src=\"https:\/\/la-tuile.ch\/wp-content\/uploads\/2022\/05\/Asset-16.svg\" class=\"attachment- size-\" alt=\"\" \/>\t\t\t\t\t\t\t\t\t\t\t<\/div>\n\t\t\t\t\t<\/div>\n\n\t\t<div class=\"box-text text-center\" >\n\t\t\t<div class=\"box-text-inner\">\n\t\t\t\t\n\n\t<div id=\"text-2456202334\" class=\"text\">\n\t\t\n\n<h4>\u00d6ffnungszeite<\/h4>\n<p>Offen von 19h \u00e0 9h<br>Zulassung zwischen 19h et 24h<\/p>\n\t\t\n<style>\n#text-2456202334 {\n  font-size: 1rem;\n}\n<\/style>\n\t<\/div>\n\t\n\n\t\t\t<\/div>\n\t\t<\/div>\n\t<\/div>\n\t\n\n\t\t<\/div>\n\t\t\t\t\t<\/div>\n\n\t\n\n\t<div id=\"col-1066708489\" class=\"col medium-4 small-6 large-4\"  data-animate=\"fadeInRight\">\n\t\t\t\t<div class=\"col-inner\"  >\n\t\t\t\n\t\t\t\n\n\t<div class=\"box has-hover   has-hover box-default box-text-bottom\" >\n\n\t\t<div class=\"box-image\" style=\"width:22%;\">\n\t\t\t\t\t\t<div class=\"\" >\n\t\t\t\t<img loading=\"lazy\" decoding=\"async\" width=\"72\" height=\"66\" src=\"https:\/\/la-tuile.ch\/wp-content\/uploads\/2022\/05\/Asset-79.svg\" class=\"attachment- size-\" alt=\"\" \/>\t\t\t\t\t\t\t\t\t\t\t<\/div>\n\t\t\t\t\t<\/div>\n\n\t\t<div class=\"box-text text-center\" >\n\t\t\t<div class=\"box-text-inner\">\n\t\t\t\t\n\n\t<div id=\"text-311496112\" class=\"text\">\n\t\t\n\n<h4>Kapazit\u00e4t<\/h4>\n<p>30 Betten<\/p>\n<p>Separate Zimmer und sanit\u00e4re Einrichtungen f\u00fcr Frauen<\/p>\n<p>&nbsp;<\/p>\n\t\t\n<style>\n#text-311496112 {\n  font-size: 1rem;\n}\n<\/style>\n\t<\/div>\n\t\n\n\t\t\t<\/div>\n\t\t<\/div>\n\t<\/div>\n\t\n\n\t\t<\/div>\n\t\t\t\t\t<\/div>\n\n\t\n\n<\/div>\n\n\t\t<\/div>\n\n\t\t\n<style>\n#section_449169841 {\n  padding-top: 6px;\n  padding-bottom: 6px;\n}\n<\/style>\n\t<\/section>\n\t\n\n\t<section class=\"section\" id=\"section_1255300213\">\n\t\t<div class=\"section-bg fill\" >\n\t\t\t\t\t\t\t\t\t\n\t\t\t\n\n\t\t<\/div>\n\n\t\t\n\n\t\t<div class=\"section-content relative\">\n\t\t\t\n\n<div class=\"row align-center\"  id=\"row-1809293654\">\n\n\n\t<div id=\"col-1812808176\" class=\"col medium-10 small-12 large-10\"  >\n\t\t\t\t<div class=\"col-inner text-left\"  >\n\t\t\t\n\t\t\t\n\n<h3 class=\"uppercase\">Kontakt aufnehmen<\/h3>\n\t<div id=\"gap-1887877479\" class=\"gap-element clearfix\" style=\"display:block; height:auto;\">\n\t\t\n<style>\n#gap-1887877479 {\n  padding-top: 30px;\n}\n<\/style>\n\t<\/div>\n\t\n\n<div id=\"quform-b9812c\" class=\"quform quform-7 quform-theme-minimal quform-support-page-caching\"><form id=\"quform-form-b9812c\" class=\"quform-form quform-form-7\" action=\"\/de\/wp-json\/wp\/v2\/pages\/8276#quform-b9812c\" method=\"post\" enctype=\"multipart\/form-data\" novalidate=\"novalidate\" data-options=\"{&quot;id&quot;:7,&quot;uniqueId&quot;:&quot;b9812c&quot;,&quot;theme&quot;:&quot;minimal&quot;,&quot;ajax&quot;:true,&quot;logic&quot;:{&quot;logic&quot;:[],&quot;dependents&quot;:[],&quot;elementIds&quot;:[],&quot;dependentElementIds&quot;:[],&quot;animate&quot;:true},&quot;currentPageId&quot;:1,&quot;errorsIcon&quot;:&quot;&quot;,&quot;updateFancybox&quot;:true,&quot;hasPages&quot;:false,&quot;pages&quot;:[1],&quot;pageProgressType&quot;:&quot;numbers&quot;,&quot;tooltipsEnabled&quot;:true,&quot;tooltipClasses&quot;:&quot;qtip-quform-dark qtip-shadow&quot;,&quot;tooltipMy&quot;:&quot;left center&quot;,&quot;tooltipAt&quot;:&quot;right center&quot;,&quot;isRtl&quot;:false,&quot;scrollOffset&quot;:-50,&quot;scrollSpeed&quot;:800}\"><button class=\"quform-default-submit\" name=\"quform_submit\" type=\"submit\" value=\"submit\" aria-hidden=\"true\" tabindex=\"-1\"><\/button><div class=\"quform-form-inner quform-form-inner-7\"><input type=\"hidden\" name=\"quform_form_id\" value=\"7\" \/><input type=\"hidden\" name=\"quform_form_uid\" value=\"b9812c\" \/><input type=\"hidden\" name=\"quform_count\" value=\"1\" \/><input type=\"hidden\" name=\"form_url\" value=\"https:\/\/la-tuile.ch\/de\/wp-json\/wp\/v2\/pages\/8276\" \/><input type=\"hidden\" name=\"referring_url\" value=\"\" \/><input type=\"hidden\" name=\"post_id\" value=\"\" \/><input type=\"hidden\" name=\"post_title\" value=\"\" \/><input type=\"hidden\" name=\"quform_current_page_id\" value=\"1\" \/><input type=\"hidden\" name=\"quform_loaded\" value=\"1776935947|cbfa485e056d2b5d3f9a973d462362ed\" \/><input type=\"hidden\" name=\"quform_csrf_token\" value=\"rBlOBwZTobxgqnZa8tWEtazYVe7ehsdDGxIg5LyP\" \/><div class=\"quform-elements quform-elements-7 quform-cf quform-responsive-elements-phone-landscape\"><div class=\"quform-element quform-element-page quform-page-1 quform-page-7_1 quform-cf quform-group-style-plain quform-first-page quform-last-page quform-current-page\"><div class=\"quform-child-elements\"><div class=\"quform-element quform-element-row quform-element-row-7_3 quform-1-columns quform-element-row-size-fixed quform-responsive-columns-phone-landscape\"><div class=\"quform-element quform-element-column quform-element-7_4\"><div class=\"quform-element quform-element-select quform-element-7_35 quform-cf quform-element-required\"><div class=\"quform-spacer\"><div class=\"quform-label quform-label-7_35\"><label class=\"quform-label-text\" for=\"quform_7_35_b9812c\">Art der Nachricht<span class=\"quform-required\">*<\/span><\/label><\/div><div class=\"quform-inner quform-inner-select quform-inner-7_35\"><div class=\"quform-input quform-input-select quform-input-7_35 quform-cf\"><select id=\"quform_7_35_b9812c\" name=\"quform_7_35\" class=\"quform-field quform-field-select quform-field-7_35\"><option value=\"\" selected=\"selected\">Bitte ausw\u00e4hlen<\/option><option value=\"Information\">Information<\/option><option value=\"Nachricht\">Nachricht<\/option><option value=\"Kommentar\">Kommentar<\/option><\/select><\/div><\/div><\/div><\/div><\/div><\/div><div class=\"quform-element quform-element-row quform-element-row-7_36 quform-1-columns quform-element-row-size-fixed quform-responsive-columns-phone-landscape\"><div class=\"quform-element quform-element-column quform-element-7_37\"><div class=\"quform-element quform-element-textarea quform-element-7_39 quform-cf quform-element-required\"><div class=\"quform-spacer\"><div class=\"quform-label quform-label-7_39\"><label class=\"quform-label-text\" for=\"quform_7_39_b9812c\">Ihre Nachricht<span class=\"quform-required\">*<\/span><\/label><\/div><div class=\"quform-inner quform-inner-textarea quform-inner-7_39\"><div class=\"quform-input quform-input-textarea quform-input-7_39 quform-cf\"><textarea id=\"quform_7_39_b9812c\" name=\"quform_7_39\" class=\"quform-field quform-field-textarea quform-field-7_39\"><\/textarea><\/div><\/div><\/div><\/div><\/div><\/div><div class=\"quform-element quform-element-row quform-element-row-7_40 quform-1-columns quform-element-row-size-fixed quform-responsive-columns-phone-landscape\"><div class=\"quform-element quform-element-column quform-element-7_41\"><div class=\"quform-element quform-element-select quform-element-7_43 quform-cf quform-element-required\"><div class=\"quform-spacer\"><div class=\"quform-label quform-label-7_43\"><label class=\"quform-label-text\" for=\"quform_7_43_b9812c\">Titel<span class=\"quform-required\">*<\/span><\/label><\/div><div class=\"quform-inner quform-inner-select quform-inner-7_43\"><div class=\"quform-input quform-input-select quform-input-7_43 quform-cf\"><select id=\"quform_7_43_b9812c\" name=\"quform_7_43\" class=\"quform-field quform-field-select quform-field-7_43\"><option value=\"\" selected=\"selected\">Bitte ausw\u00e4hlen<\/option><option value=\"Frau\">Frau<\/option><option value=\"Fr\u00e4ulein\">Fr\u00e4ulein<\/option><option value=\"Herr\">Herr<\/option><\/select><\/div><\/div><\/div><\/div><\/div><\/div><div class=\"quform-element quform-element-row quform-element-row-7_30 quform-2-columns quform-element-row-size-fixed quform-responsive-columns-phone-landscape\"><div class=\"quform-element quform-element-column quform-element-7_31\"><div class=\"quform-element quform-element-text quform-element-7_32 quform-cf quform-element-required\"><div class=\"quform-spacer\"><div class=\"quform-label quform-label-7_32\"><label class=\"quform-label-text\" for=\"quform_7_32_b9812c\">Name<span class=\"quform-required\">*<\/span><\/label><\/div><div class=\"quform-inner quform-inner-text quform-inner-7_32\"><div class=\"quform-input quform-input-text quform-input-7_32 quform-cf\"><input type=\"text\" id=\"quform_7_32_b9812c\" name=\"quform_7_32\" class=\"quform-field quform-field-text quform-field-7_32\" \/><\/div><\/div><\/div><\/div><\/div><div class=\"quform-element quform-element-column quform-element-7_33\"><div class=\"quform-element quform-element-text quform-element-7_34 quform-cf quform-element-required\"><div class=\"quform-spacer\"><div class=\"quform-label quform-label-7_34\"><label class=\"quform-label-text\" for=\"quform_7_34_b9812c\">Vorname<span class=\"quform-required\">*<\/span><\/label><\/div><div class=\"quform-inner quform-inner-text quform-inner-7_34\"><div class=\"quform-input quform-input-text quform-input-7_34 quform-cf\"><input type=\"text\" id=\"quform_7_34_b9812c\" name=\"quform_7_34\" class=\"quform-field quform-field-text quform-field-7_34\" \/><\/div><\/div><\/div><\/div><\/div><\/div><div class=\"quform-element quform-element-row quform-element-row-7_44 quform-1-columns quform-element-row-size-fixed quform-responsive-columns-phone-landscape\"><div class=\"quform-element quform-element-column quform-element-7_45\"><div class=\"quform-element quform-element-text quform-element-7_46 quform-cf quform-element-optional\"><div class=\"quform-spacer\"><div class=\"quform-label quform-label-7_46\"><label class=\"quform-label-text\" for=\"quform_7_46_b9812c\">Firma<\/label><\/div><div class=\"quform-inner quform-inner-text quform-inner-7_46\"><div class=\"quform-input quform-input-text quform-input-7_46 quform-cf\"><input type=\"text\" id=\"quform_7_46_b9812c\" name=\"quform_7_46\" class=\"quform-field quform-field-text quform-field-7_46\" \/><\/div><\/div><\/div><\/div><\/div><\/div><div class=\"quform-element quform-element-row quform-element-row-7_20 quform-1-columns quform-element-row-size-fixed quform-responsive-columns-phone-landscape\"><div class=\"quform-element quform-element-column quform-element-7_21\"><div class=\"quform-element quform-element-text quform-element-7_62 quform-cf quform-element-required\"><div class=\"quform-spacer\"><div class=\"quform-label quform-label-7_62\"><label class=\"quform-label-text\" for=\"quform_7_62_b9812c\">Adresse<span class=\"quform-required\">*<\/span><\/label><\/div><div class=\"quform-inner quform-inner-text quform-inner-7_62\"><div class=\"quform-input quform-input-text quform-input-7_62 quform-cf\"><input type=\"text\" id=\"quform_7_62_b9812c\" name=\"quform_7_62\" class=\"quform-field quform-field-text quform-field-7_62\" \/><\/div><\/div><\/div><\/div><\/div><\/div><div class=\"quform-element quform-element-row quform-element-row-7_49 quform-2-columns quform-element-row-size-fixed quform-responsive-columns-phone-landscape\"><div class=\"quform-element quform-element-column quform-element-7_50\"><div class=\"quform-element quform-element-text quform-element-7_63 quform-cf quform-element-optional\"><div class=\"quform-spacer\"><div class=\"quform-label quform-label-7_63\"><label class=\"quform-label-text\" for=\"quform_7_63_b9812c\">PLZ<\/label><\/div><div class=\"quform-inner quform-inner-text quform-inner-7_63\"><div class=\"quform-input quform-input-text quform-input-7_63 quform-cf\"><input type=\"text\" id=\"quform_7_63_b9812c\" name=\"quform_7_63\" class=\"quform-field quform-field-text quform-field-7_63\" \/><\/div><\/div><\/div><\/div><\/div><div class=\"quform-element quform-element-column quform-element-7_52\"><div class=\"quform-element quform-element-text quform-element-7_53 quform-cf quform-element-required\"><div class=\"quform-spacer\"><div class=\"quform-label quform-label-7_53\"><label class=\"quform-label-text\" for=\"quform_7_53_b9812c\">Ort<span class=\"quform-required\">*<\/span><\/label><\/div><div class=\"quform-inner quform-inner-text quform-inner-7_53\"><div class=\"quform-input quform-input-text quform-input-7_53 quform-cf\"><input type=\"text\" id=\"quform_7_53_b9812c\" name=\"quform_7_53\" class=\"quform-field quform-field-text quform-field-7_53\" \/><\/div><\/div><\/div><\/div><\/div><\/div><div class=\"quform-element quform-element-row quform-element-row-7_54 quform-2-columns quform-element-row-size-fixed quform-responsive-columns-phone-landscape\"><div class=\"quform-element quform-element-column quform-element-7_55\"><div class=\"quform-element quform-element-email quform-element-7_56 quform-cf quform-element-required\"><div class=\"quform-spacer\"><div class=\"quform-label quform-label-7_56\"><label class=\"quform-label-text\" for=\"quform_7_56_b9812c\">E-Mail<span class=\"quform-required\">*<\/span><\/label><\/div><div class=\"quform-inner quform-inner-email quform-inner-7_56\"><div class=\"quform-input quform-input-email quform-input-7_56 quform-cf\"><input type=\"email\" id=\"quform_7_56_b9812c\" name=\"quform_7_56\" class=\"quform-field quform-field-email quform-field-7_56\" \/><\/div><\/div><\/div><\/div><\/div><div class=\"quform-element quform-element-column quform-element-7_57\"><div class=\"quform-element quform-element-text quform-element-7_58 quform-cf quform-element-required\"><div class=\"quform-spacer\"><div class=\"quform-label quform-label-7_58\"><label class=\"quform-label-text\" for=\"quform_7_58_b9812c\">Telefon<span class=\"quform-required\">*<\/span><\/label><\/div><div class=\"quform-inner quform-inner-text quform-inner-7_58\"><div class=\"quform-input quform-input-text quform-input-7_58 quform-cf\"><input type=\"text\" id=\"quform_7_58_b9812c\" name=\"quform_7_58\" class=\"quform-field quform-field-text quform-field-7_58\" \/><\/div><\/div><\/div><\/div><\/div><\/div><div class=\"quform-element quform-element-checkbox quform-element-7_59 quform-cf quform-element-optional\"><div class=\"quform-spacer\"><div class=\"quform-inner quform-inner-checkbox quform-inner-7_59\"><div class=\"quform-input quform-input-checkbox quform-input-7_59 quform-cf\"><div class=\"quform-options quform-cf quform-options-block quform-options-simple\"><div class=\"quform-option\"><input type=\"checkbox\" name=\"quform_7_59[]\" id=\"quform_7_59_b9812c_1\" class=\"quform-field quform-field-checkbox quform-field-7_59 quform-field-7_59_1\" value=\"Ich w\u00fcnsche, Dokumentation und regelm\u00e4\u00dfige Informationen \u00fcber den Verein zu erhalten\" \/><label for=\"quform_7_59_b9812c_1\" class=\"quform-option-label quform-option-label-7_59_1\"><span class=\"quform-option-text\">Ich w\u00fcnsche, Dokumentation und regelm\u00e4\u00dfige Informationen \u00fcber den Verein zu erhalten<\/span><\/label><\/div><\/div><\/div><\/div><\/div><\/div><div class=\"quform-element quform-element-html quform-element-7_60 quform-cf\"><div class=\"quform-spacer\">Die erhaltenen privaten Daten werden unter keinen Umst\u00e4nden an Dritte weitergegeben und vertraulich behandelt.<\/div><\/div><div class=\"quform-element quform-element-captcha quform-element-7_61 quform-cf quform-element-required\"><div class=\"quform-spacer\"><div class=\"quform-label quform-label-7_61\"><label class=\"quform-label-text\" for=\"quform_7_61_b9812c\">Bitte geben Sie die folgende Buchstaben ein<span class=\"quform-required\">*<\/span><\/label><\/div><div class=\"quform-inner quform-inner-captcha quform-inner-7_61\"><div class=\"quform-input quform-input-captcha quform-input-7_61 quform-cf\"><input type=\"text\" id=\"quform_7_61_b9812c\" name=\"quform_7_61\" class=\"quform-field quform-field-captcha quform-field-7_61\" \/><\/div><div class=\"quform-captcha quform-cf\"><div class=\"quform-captcha-image quform-captcha-image-7_61\"><img loading=\"lazy\" decoding=\"async\" class=\"quform-captcha-image-img\" src=\"data:image\/png;base64,iVBORw0KGgoAAAANSUhEUgAAAOYAAABQBAMAAAD\/1xTgAAAAG1BMVEX\/\/\/8iIiLj4+PHx8esrKyQkJB0dHRZWVk9PT0J7+2gAAAACXBIWXMAAA7EAAAOxAGVKw4bAAAEL0lEQVRoge1Yy1bbMBA1dh4sUSFxlg60wJI0PLrE0Jx2idsksMQtpCxxHzTLum1O8tnVSGNbkic04TTe1HeRCFuaq3nojoJllShRokSJEiX+Wzi90ei9VyjlGwZovSuQ8oohPhRG+YqlOC2IspJRsmZBnB3O5d687oVAelEIpR0zNvFg9JZzbhbCWeUF68kh97RVCGc9c65aVBWtKVmMGLuWo6P+yxVzJsH1GbsXAwfqaXp77i1q5cq9HS1ef8CJTFDCP8SgjmenYb1YiNiGyVsLc9YVzrbJyc6EKJILtw8MzsbCnI6iP2lsU53oi09zjX04\/MSPmEIaLsVpBVwScBil5XQ0jAXbYY7T6X2KCaXcDpfhdKIWEoF36d4hvM0bOzY5w1QodY5gGc4MfuaxTNEmZladlInzhbGYFGtn\/Giz2uV2nmk74GcI3HLVWeB466Ef6k+Rc6frGUbbj0rbMWNaWdSgnmu5Dhex39tCpX\/mOCu8HlrGKQ00mzoc0bh\/KU8glY3IeAj5hC3Uc6Z85orcJ\/qScZ5aNI7jfFV0ZNpyRi4sqmL8JM26\/9yIZ1Fw7sTsr\/rbKmWDs12LQ31PcU4jPfvO4Cj+ZVGQTn7LxR0Cy1xjmz5w7pveS853lh1pQedetr5QlG9pRiGFeX\/awBkxt5\/bi4hIWztDuapH7PHnE7K29hlxQ3JuMOquvqYjHayl7RA3Qh1b0NuPFKMoXHKXWF1mxYmDWNEi4wwjSp74+s84rIynB\/qbnNpkm2GaQzDbRRe0bNSoFhdz5z05DLW9Y28hbmVY0Lq1OZx1wgBf34zlxc\/WNQcPHCFdfM10dGe8msO5rspp+kyg6WEn\/aE5c2lGUKJ3xj9OdCmaw7nGNnLLUWyEwMVqKKHMtyBzZj4qfRzEWq6xhmxl2\/Kx9qdAoHSmvWmW0LpUfAiwpy1wUnUPNI\/aNKefO+DyHj1meCjWkdMZDWLpey2nCu30xHUW4QyI3ISQsAq2Dx9jKwPeem2JeDfMBe4SnCHRVgJhwgG3vj7nnxtoFzjZdX0SMKNrxSmnr7kwhzMi2mdHJqyqpDW78zyT2TbvCZuJOdWFOZwx0crWsUjwh680v59wRvJbN4KdpqpXF99e98Dq9nguBsrz\/EVVqI3gsaVvWJKHw+8Q7XuCM0xiHajqjQIylF+ZpzZ5HQpQbp3I6AE7h+eJw+r8jhQQkITMdHIbRCHOZKBCNgn7PBlczr555tud3misc8LBdfu9O\/3gIudYfmX1XH3ivwvsrvZXcovXLi0n8Ww2mz7sjG4Hg4HSzsm2sjx2kbLp\/XUq3VaeghNBOVmEkmwrT8Lz0ffbs7\/OegFTqLayQsRwNfSJtrI6VISmRVT7XRmqcOc4eeTXygrgqGJaFKLcIV499kQ\/9ArlhJ9B7mmxlBx24YwlSpQo8e\/wB5jnxcksDhN0AAAAAElFTkSuQmCC\" alt=\"CAPTCHA image\" data-element-id=\"61\" width=\"115\" height=\"40\" \/><\/div><\/div><p class=\"quform-description quform-description-below\">Diese Massnahme dient der Abwehr von Spam.<\/p><\/div><\/div><\/div><div class=\"quform-element quform-element-submit quform-element-7_2 quform-cf quform-button-size-medium\"><div class=\"quform-button-submit quform-button-submit-default quform-button-submit-7_2\"><button name=\"quform_submit\" type=\"submit\" class=\"quform-submit\" value=\"submit\"><span class=\"quform-button-text quform-button-submit-text\">Senden<\/span><\/button><\/div><div class=\"quform-loading quform-loading-position-left quform-loading-type-spinner-1\"><div class=\"quform-loading-inner\"><div class=\"quform-loading-spinner\"><div class=\"quform-loading-spinner-inner\"><\/div><\/div><\/div><\/div><\/div><div class=\"quform-element quform-element-textarea quform-element-7_514574 quform-sr-only quform-cf\" style=\"clip: rect(1px, 1px, 1px, 1px); clip-path: inset(50%); position: absolute !important; height: 1px; width: 1px; overflow: hidden;\"><div class=\"quform-spacer\"><div class=\"quform-label quform-label-7_514574\"><label class=\"quform-label-text\" for=\"quform_7_514574_b9812c\">Website URL<span class=\"quform-required\">*<\/span><\/label><\/div><div class=\"quform-inner quform-inner-7_514574\"><textarea id=\"quform_7_514574_b9812c\" name=\"quform_7_514574\" class=\"quform-field quform-field-textarea quform-field-7_514574\" tabindex=\"-1\" autocomplete=\"new-password\"><\/textarea><\/div><\/div><\/div><\/div><\/div><\/div><\/div><\/form><\/div>\n\n\t\t<\/div>\n\t\t\t\t\t<\/div>\n\n\t\n\n<\/div>\n\n\t\t<\/div>\n\n\t\t\n<style>\n#section_1255300213 {\n  padding-top: 60px;\n  padding-bottom: 60px;\n  min-height: 300px;\n  background-color: rgb(245, 245, 245);\n}\n<\/style>\n\t<\/section>\n\t\n","protected":false},"excerpt":{"rendered":"","protected":false},"author":1,"featured_media":0,"parent":8218,"menu_order":16,"comment_status":"closed","ping_status":"closed","template":"page-blank.php","meta":{"_uag_custom_page_level_css":"","footnotes":""},"class_list":["post-8276","page","type-page","status-publish","hentry"],"uagb_featured_image_src":{"full":false,"thumbnail":false,"medium":false,"medium_large":false,"large":false,"1536x1536":false,"2048x2048":false,"woocommerce_thumbnail":false,"woocommerce_single":false,"woocommerce_gallery_thumbnail":false},"uagb_author_info":{"display_name":"LA TUILE","author_link":"https:\/\/la-tuile.ch\/de\/author\/s62schuler\/"},"uagb_comment_info":0,"uagb_excerpt":null,"_links":{"self":[{"href":"https:\/\/la-tuile.ch\/de\/wp-json\/wp\/v2\/pages\/8276","targetHints":{"allow":["GET"]}}],"collection":[{"href":"https:\/\/la-tuile.ch\/de\/wp-json\/wp\/v2\/pages"}],"about":[{"href":"https:\/\/la-tuile.ch\/de\/wp-json\/wp\/v2\/types\/page"}],"author":[{"embeddable":true,"href":"https:\/\/la-tuile.ch\/de\/wp-json\/wp\/v2\/users\/1"}],"replies":[{"embeddable":true,"href":"https:\/\/la-tuile.ch\/de\/wp-json\/wp\/v2\/comments?post=8276"}],"version-history":[{"count":1,"href":"https:\/\/la-tuile.ch\/de\/wp-json\/wp\/v2\/pages\/8276\/revisions"}],"predecessor-version":[{"id":8991,"href":"https:\/\/la-tuile.ch\/de\/wp-json\/wp\/v2\/pages\/8276\/revisions\/8991"}],"up":[{"embeddable":true,"href":"https:\/\/la-tuile.ch\/de\/wp-json\/wp\/v2\/pages\/8218"}],"wp:attachment":[{"href":"https:\/\/la-tuile.ch\/de\/wp-json\/wp\/v2\/media?parent=8276"}],"curies":[{"name":"wp","href":"https:\/\/api.w.org\/{rel}","templated":true}]}}