{"id":8282,"date":"2022-05-10T21:35:27","date_gmt":"2022-05-10T19:35:27","guid":{"rendered":"https:\/\/la-tuile.ch\/ich-benoetige\/le-tunnel\/"},"modified":"2023-02-27T14:23:26","modified_gmt":"2023-02-27T13:23:26","slug":"le-tunnel","status":"publish","type":"page","link":"https:\/\/la-tuile.ch\/de\/ich-benoetige\/le-tunnel\/","title":{"rendered":"Caf\u00e9 Le Tunnel"},"content":{"rendered":"\n\n\t<section class=\"section\" id=\"section_1935694962\">\n\t\t<div class=\"section-bg fill\" >\n\t\t\t\t\t\t\t\t\t\n\t\t\t\n\n\t\t<\/div>\n\n\t\t\n\n\t\t<div class=\"section-content relative\">\n\t\t\t\n\n<div class=\"row\"  id=\"row-26392349\">\n\n\n\t<div id=\"col-1098002867\" class=\"col medium-7 small-12 large-6\"  >\n\t\t\t\t<div class=\"col-inner\"  >\n\t\t\t\n\t\t\t\n\n\t<div id=\"gap-1454406430\" class=\"gap-element clearfix\" style=\"display:block; height:auto;\">\n\t\t\n<style>\n#gap-1454406430 {\n  padding-top: 50px;\n}\n@media (min-width:850px) {\n  #gap-1454406430 {\n    padding-top: 30px;\n  }\n}\n<\/style>\n\t<\/div>\n\t\n\n\t<div id=\"text-1713244596\" class=\"text\">\n\t\t\n\n<h1>Caf\u00e9 Le Tunnel<\/h1>\n\t\t\n<style>\n#text-1713244596 {\n  font-size: 2rem;\n  line-height: 1.45;\n  text-align: left;\n}\n<\/style>\n\t<\/div>\n\t\n<div class=\"is-divider divider clearfix\" style=\"margin-top:0.5em;margin-bottom:0.5em;max-width:100px;background-color:rgb(255, 138, 0);\"><\/div>\n\n\t<div id=\"text-3811221080\" class=\"text\">\n\t\t\n\n<h3>Ich m\u00f6chte die Einsamkeit durchbrechen, andere Menschen an einem warmen Ort treffen.<\/h3>\n\t\t\n<style>\n#text-3811221080 {\n  text-align: left;\n}\n<\/style>\n\t<\/div>\n\t\n\n\t\t<\/div>\n\t\t\t\t\t<\/div>\n\n\t\n\n<\/div>\n\n\t\t<\/div>\n\n\t\t\n<style>\n#section_1935694962 {\n  padding-top: 10px;\n  padding-bottom: 10px;\n}\n@media (min-width:550px) {\n  #section_1935694962 {\n    padding-top: 0px;\n    padding-bottom: 0px;\n  }\n}\n@media (min-width:850px) {\n  #section_1935694962 {\n    padding-top: 50px;\n    padding-bottom: 50px;\n  }\n}\n<\/style>\n\t<\/section>\n\t\n\n\t<section class=\"section\" id=\"section_752803225\">\n\t\t<div class=\"section-bg fill\" >\n\t\t\t\t\t\t\t\t\t\n\t\t\t\n\n\t\t<\/div>\n\n\t\t\n\n\t\t<div class=\"section-content relative\">\n\t\t\t\n\n\t<div id=\"gap-1935641124\" class=\"gap-element clearfix\" style=\"display:block; height:auto;\">\n\t\t\n<style>\n#gap-1935641124 {\n  padding-top: 30px;\n}\n<\/style>\n\t<\/div>\n\t\n\n<div class=\"row\"  id=\"row-1515405045\">\n\n\n\t<div id=\"col-851207022\" class=\"col medium-12 small-12 large-6\"  data-animate=\"fadeInLeft\">\n\t\t\t\t<div class=\"col-inner\"  >\n\t\t\t\n\t\t\t\n\n\t<div class=\"img has-hover x md-x lg-x y md-y lg-y\" id=\"image_1761531363\">\n\t\t\t\t\t\t<div data-animate=\"fadeInLeft\">\t\t<div class=\"img-inner dark\" >\n\t\t\t<img loading=\"lazy\" decoding=\"async\" width=\"1200\" height=\"777\" src=\"https:\/\/la-tuile.ch\/wp-content\/uploads\/2022\/05\/ambiance03.jpg\" class=\"attachment-original size-original\" alt=\"\" srcset=\"https:\/\/la-tuile.ch\/wp-content\/uploads\/2022\/05\/ambiance03.jpg 1200w, https:\/\/la-tuile.ch\/wp-content\/uploads\/2022\/05\/ambiance03-300x194.jpg 300w, https:\/\/la-tuile.ch\/wp-content\/uploads\/2022\/05\/ambiance03-1024x663.jpg 1024w, https:\/\/la-tuile.ch\/wp-content\/uploads\/2022\/05\/ambiance03-768x497.jpg 768w, https:\/\/la-tuile.ch\/wp-content\/uploads\/2022\/05\/ambiance03-600x389.jpg 600w\" sizes=\"auto, (max-width: 1200px) 100vw, 1200px\" \/>\t\t\t\t\t\t\n\t\t\t\t\t<\/div>\n\t\t<\/div>\t\t\t\t\t\t\n<style>\n#image_1761531363 {\n  width: 100%;\n}\n<\/style>\n\t<\/div>\n\t\n\n\n\t\t<\/div>\n\t\t\t\t\t<\/div>\n\n\t\n\n\t<div id=\"col-1480576040\" class=\"col medium-12 small-12 large-6\"  >\n\t\t\t\t<div class=\"col-inner text-left\"  >\n\t\t\t\n\t\t\t\n\n\t<div id=\"gap-562766481\" class=\"gap-element clearfix\" style=\"display:block; height:auto;\">\n\t\t\n<style>\n#gap-562766481 {\n  padding-top: 10px;\n}\n@media (min-width:850px) {\n  #gap-562766481 {\n    padding-top: 30px;\n  }\n}\n<\/style>\n\t<\/div>\n\t\n\n\t<div id=\"text-3566083661\" class=\"text\">\n\t\t\n\n<p>Ich habe nur geringe finanzielle Mittel.<\/p>\n<p>Im Tunnel kann ich ein Getr\u00e4nk oder eine Mahlzeit zu einem Preis genie\u00dfen, der meinen finanziellen M\u00f6glichkeiten entspricht.<\/p>\n\t\t\n<style>\n#text-3566083661 {\n  font-size: 1.2rem;\n}\n<\/style>\n\t<\/div>\n\t\n\n\t\t<\/div>\n\t\t\t\t\n<style>\n#col-1480576040 > .col-inner {\n  padding: 0px 0px 0px 0;\n}\n<\/style>\n\t<\/div>\n\n\t\n\n<\/div>\n\n\t\t<\/div>\n\n\t\t\n<style>\n#section_752803225 {\n  padding-top: 40px;\n  padding-bottom: 40px;\n}\n@media (min-width:850px) {\n  #section_752803225 {\n    padding-top: 5px;\n    padding-bottom: 5px;\n  }\n}\n<\/style>\n\t<\/section>\n\t\n\n\t<section class=\"section\" id=\"section_40673275\">\n\t\t<div class=\"section-bg fill\" >\n\t\t\t\t\t\t\t\t\t\n\t\t\t\n\n\t\t<\/div>\n\n\t\t\n\n\t\t<div class=\"section-content relative\">\n\t\t\t\n\n<div class=\"row row-large\"  id=\"row-401935225\">\n\n\n\t<div id=\"col-2100123041\" class=\"col medium-6 small-12 large-6\"  >\n\t\t\t\t<div class=\"col-inner\"  >\n\t\t\t\n\t\t\t\n\n<p>Jeden Dienstag ist eine Sozialarbeiterin im Caf\u00e9 anwesend. Ich kann sie um eine Karte der Tunnelier oder um Rat bitten&#8230;<\/p>\n\n\t\t<\/div>\n\t\t\t\t\t<\/div>\n\n\t\n\n\t<div id=\"col-395370148\" class=\"col medium-6 small-12 large-6\"  data-animate=\"bounceInRight\">\n\t\t\t\t<div class=\"col-inner\"  >\n\t\t\t\n\t\t\t\n\n\t<div id=\"text-2955761825\" class=\"text\">\n\t\t\n\n<h2>Es werden Aktivit\u00e4ten und Animationen angeboten und ich kann dort Leute kennenlernen.<\/h2>\n\t\t\n<style>\n#text-2955761825 {\n  color: #f07910;\n}\n#text-2955761825 > * {\n  color: #f07910;\n}\n<\/style>\n\t<\/div>\n\t\n\n\t\t<\/div>\n\t\t\t\t\t<\/div>\n\n\t\n\n<\/div>\n\n\t\t<\/div>\n\n\t\t\n<style>\n#section_40673275 {\n  padding-top: 0px;\n  padding-bottom: 0px;\n  margin-bottom: 5px;\n}\n<\/style>\n\t<\/section>\n\t\n\n\t<section class=\"section\" id=\"section_1771120753\">\n\t\t<div class=\"section-bg fill\" >\n\t\t\t\t\t\t\t\t\t\n\t\t\t\n\n\t\t<\/div>\n\n\t\t\n\n\t\t<div class=\"section-content relative\">\n\t\t\t\n\n\t<div id=\"gap-609799492\" class=\"gap-element clearfix\" style=\"display:block; height:auto;\">\n\t\t\n<style>\n#gap-609799492 {\n  padding-top: 50px;\n}\n@media (min-width:850px) {\n  #gap-609799492 {\n    padding-top: 30px;\n  }\n}\n<\/style>\n\t<\/div>\n\t\n\n<div class=\"row row-collapse align-center\"  id=\"row-1601183890\">\n\n\n\t<div id=\"col-636497452\" class=\"col medium-4 small-6 large-4\"  data-animate=\"fadeInUp\">\n\t\t\t\t<div class=\"col-inner text-center\"  >\n\t\t\t\n\t\t\t\n\n\t<div class=\"box has-hover   has-hover box-default box-text-bottom\" >\n\n\t\t<div class=\"box-image\" style=\"width:30%;\">\n\t\t\t\t\t\t<div class=\"\" >\n\t\t\t\t<img loading=\"lazy\" decoding=\"async\" width=\"74\" height=\"61\" src=\"https:\/\/la-tuile.ch\/wp-content\/uploads\/2022\/05\/Asset-26.svg\" class=\"attachment-large size-large\" alt=\"\" \/>\t\t\t\t\t\t\t\t\t\t\t<\/div>\n\t\t\t\t\t<\/div>\n\n\t\t<div class=\"box-text text-center\" >\n\t\t\t<div class=\"box-text-inner\">\n\t\t\t\t\n\n\t<div id=\"text-3272183693\" class=\"text\">\n\t\t\n\n<p><strong>Mit der mitgliederkarte &#8222;Le Tunnelier&#8220;<br \/><\/strong><\/p>\n<p>habe ich Anspruch auf:<br \/>50% auf das Tagesmen\u00fc<br \/>50% auf ein alkoholfreies Getr\u00e4nk<\/p>\n\t\t\n<style>\n#text-3272183693 {\n  font-size: 1rem;\n}\n<\/style>\n\t<\/div>\n\t\n\n\t\t\t<\/div>\n\t\t<\/div>\n\t<\/div>\n\t\n<a data-animate=\"fadeInUp\" href=\"https:\/\/la-tuile.ch\/je-minteresse\/carte-le-tunnelier\/\" class=\"button secondary is-underline\" >\n\t\t<span><\/span>\n\t<\/a>\n\n\n\n\t\t<\/div>\n\t\t\t\t\t<\/div>\n\n\t\n\n<\/div>\n\t<div id=\"gap-468968019\" class=\"gap-element clearfix\" style=\"display:block; height:auto;\">\n\t\t\n<style>\n#gap-468968019 {\n  padding-top: 50px;\n}\n@media (min-width:850px) {\n  #gap-468968019 {\n    padding-top: 30px;\n  }\n}\n<\/style>\n\t<\/div>\n\t\n\n<div class=\"row row-collapse align-center\"  id=\"row-429914729\">\n\n\n\t<div id=\"col-716368768\" class=\"col medium-4 small-6 large-4\"  data-animate=\"fadeInUp\">\n\t\t\t\t<div class=\"col-inner text-center\"  >\n\t\t\t\n\t\t\t\n\n\t<div class=\"box has-hover   has-hover box-default box-text-bottom\" >\n\n\t\t<div class=\"box-image\" style=\"width:22%;\">\n\t\t\t\t\t\t<div class=\"\" >\n\t\t\t\t<img loading=\"lazy\" decoding=\"async\" width=\"90\" height=\"67\" src=\"https:\/\/la-tuile.ch\/wp-content\/uploads\/2022\/05\/Asset-48.svg\" class=\"attachment- size-\" alt=\"\" \/>\t\t\t\t\t\t\t\t\t\t\t<\/div>\n\t\t\t\t\t<\/div>\n\n\t\t<div class=\"box-text text-center\" >\n\t\t\t<div class=\"box-text-inner\">\n\t\t\t\t\n\n\t<div id=\"text-2752720916\" class=\"text\">\n\t\t\n\n<p><strong>Route<\/strong><\/p>\n<p>Anfahrtsplan vom Bahnhof Freiburg aus:<\/p>\n<p>Bus TPF &#8211; Linien 2, 1 oder 6<\/p>\n<p>Bis Haltestelle Tilleul: 2 Minuten zu Fuss bis zur Grand-Rue 68<\/p>\n\t\t\n<style>\n#text-2752720916 {\n  font-size: 1rem;\n}\n<\/style>\n\t<\/div>\n\t\n\n\t\t\t<\/div>\n\t\t<\/div>\n\t<\/div>\n\t\n\n\t\t<\/div>\n\t\t\t\t\t<\/div>\n\n\t\n\n<\/div>\n\t<div id=\"gap-1655502842\" class=\"gap-element clearfix\" style=\"display:block; height:auto;\">\n\t\t\n<style>\n#gap-1655502842 {\n  padding-top: 50px;\n}\n@media (min-width:850px) {\n  #gap-1655502842 {\n    padding-top: 30px;\n  }\n}\n<\/style>\n\t<\/div>\n\t\n\n<div class=\"row row-collapse align-center\"  id=\"row-2048738920\">\n\n\n\t<div id=\"col-58200371\" class=\"col medium-4 small-6 large-4\"  data-animate=\"fadeInUp\">\n\t\t\t\t<div class=\"col-inner text-center\"  >\n\t\t\t\n\t\t\t\n\n\t<div id=\"text-2532701983\" class=\"text\">\n\t\t\n\n<h4>Adresse<\/h4>\n<p>Caf\u00e9 Le Tunnel<br \/>Grand-Rue 68 | 1700 Freiburg<\/p>\n\t\t\n<style>\n#text-2532701983 {\n  font-size: 1rem;\n}\n<\/style>\n\t<\/div>\n\t\n\t<div id=\"gap-548800762\" class=\"gap-element clearfix\" style=\"display:block; height:auto;\">\n\t\t\n<style>\n#gap-548800762 {\n  padding-top: 50px;\n}\n@media (min-width:850px) {\n  #gap-548800762 {\n    padding-top: 30px;\n  }\n}\n<\/style>\n\t<\/div>\n\t\n\n\n\t\t<\/div>\n\t\t\t\t\t<\/div>\n\n\t\n\n<\/div>\n\n\t\t<\/div>\n\n\t\t\n<style>\n#section_1771120753 {\n  padding-top: 6px;\n  padding-bottom: 6px;\n}\n<\/style>\n\t<\/section>\n\t\n\n","protected":false},"excerpt":{"rendered":"","protected":false},"author":1,"featured_media":0,"parent":8279,"menu_order":0,"comment_status":"closed","ping_status":"closed","template":"page-blank.php","meta":{"_uag_custom_page_level_css":"","footnotes":""},"class_list":["post-8282","page","type-page","status-publish","hentry"],"uagb_featured_image_src":{"full":false,"thumbnail":false,"medium":false,"medium_large":false,"large":false,"1536x1536":false,"2048x2048":false,"woocommerce_thumbnail":false,"woocommerce_single":false,"woocommerce_gallery_thumbnail":false},"uagb_author_info":{"display_name":"LA TUILE","author_link":"https:\/\/la-tuile.ch\/de\/author\/s62schuler\/"},"uagb_comment_info":0,"uagb_excerpt":null,"_links":{"self":[{"href":"https:\/\/la-tuile.ch\/de\/wp-json\/wp\/v2\/pages\/8282","targetHints":{"allow":["GET"]}}],"collection":[{"href":"https:\/\/la-tuile.ch\/de\/wp-json\/wp\/v2\/pages"}],"about":[{"href":"https:\/\/la-tuile.ch\/de\/wp-json\/wp\/v2\/types\/page"}],"author":[{"embeddable":true,"href":"https:\/\/la-tuile.ch\/de\/wp-json\/wp\/v2\/users\/1"}],"replies":[{"embeddable":true,"href":"https:\/\/la-tuile.ch\/de\/wp-json\/wp\/v2\/comments?post=8282"}],"version-history":[{"count":3,"href":"https:\/\/la-tuile.ch\/de\/wp-json\/wp\/v2\/pages\/8282\/revisions"}],"predecessor-version":[{"id":9001,"href":"https:\/\/la-tuile.ch\/de\/wp-json\/wp\/v2\/pages\/8282\/revisions\/9001"}],"up":[{"embeddable":true,"href":"https:\/\/la-tuile.ch\/de\/wp-json\/wp\/v2\/pages\/8279"}],"wp:attachment":[{"href":"https:\/\/la-tuile.ch\/de\/wp-json\/wp\/v2\/media?parent=8282"}],"curies":[{"name":"wp","href":"https:\/\/api.w.org\/{rel}","templated":true}]}}