{"id":9526,"date":"2023-09-26T11:57:45","date_gmt":"2023-09-26T09:57:45","guid":{"rendered":"https:\/\/la-tuile.ch\/?page_id=9526"},"modified":"2023-09-26T12:24:17","modified_gmt":"2023-09-26T10:24:17","slug":"l-echappee-belle","status":"publish","type":"page","link":"https:\/\/la-tuile.ch\/de\/ich-bin-interessiert\/l-echappee-belle\/","title":{"rendered":"L&#8217;Echapp\u00e9e Belle"},"content":{"rendered":"\n\n\t<section class=\"section\" id=\"section_1300583178\">\n\t\t<div class=\"section-bg fill\" >\n\t\t\t\t\t\t\t\t\t\n\t\t\t\n\n\t\t<\/div>\n\n\t\t\n\n\t\t<div class=\"section-content relative\">\n\t\t\t\n\n<div class=\"row\"  id=\"row-1870621974\">\n\n\n\t<div id=\"col-375564855\" class=\"col medium-7 small-12 large-8\"  >\n\t\t\t\t<div class=\"col-inner\"  >\n\t\t\t\n\t\t\t\n\n\t<div id=\"gap-1738136985\" class=\"gap-element clearfix\" style=\"display:block; height:auto;\">\n\t\t\n<style>\n#gap-1738136985 {\n  padding-top: 50px;\n}\n@media (min-width:850px) {\n  #gap-1738136985 {\n    padding-top: 30px;\n  }\n}\n<\/style>\n\t<\/div>\n\t\n\n\t<div id=\"text-3291004282\" class=\"text\">\n\t\t\n\n<h1>L&#8217;Echapp\u00e9e Belle<\/h1>\n\t\t\n<style>\n#text-3291004282 {\n  font-size: 2rem;\n  line-height: 1.45;\n  text-align: left;\n}\n<\/style>\n\t<\/div>\n\t\n<div class=\"is-divider divider clearfix\" style=\"margin-top:0.5em;margin-bottom:0.5em;max-width:100px;background-color:rgb(255, 138, 0);\"><\/div>\n\n\t<div id=\"text-1668059300\" class=\"text\">\n\t\t\n\n<h3>L\u2019Echapp\u00e9e Belle ist ein Verein, welcher von La Tuile und der Freiburger Stiftung f\u00fcr die Jugend \u00a0(FFJ)\u00a0gegr\u00fcndet wurde. Ihr Hauptziel ist die F\u00f6rderung von Projekten, die den Beg\u00fcnstigten Zugeh\u00f6rigkeit und Eingliederung in die Gesellschaft erm\u00f6glichen.<\/h3>\n\t\t\n<style>\n#text-1668059300 {\n  text-align: left;\n}\n<\/style>\n\t<\/div>\n\t\n\n\t\t<\/div>\n\t\t\t\t\t<\/div>\n\n\t\n\n<\/div>\n\n\t\t<\/div>\n\n\t\t\n<style>\n#section_1300583178 {\n  padding-top: 10px;\n  padding-bottom: 10px;\n}\n@media (min-width:550px) {\n  #section_1300583178 {\n    padding-top: 0px;\n    padding-bottom: 0px;\n  }\n}\n@media (min-width:850px) {\n  #section_1300583178 {\n    padding-top: 30px;\n    padding-bottom: 30px;\n  }\n}\n<\/style>\n\t<\/section>\n\t\n\n\t<section class=\"section\" id=\"section_1243142415\">\n\t\t<div class=\"section-bg fill\" >\n\t\t\t\t\t\t\t\t\t\n\t\t\t\n\n\t\t<\/div>\n\n\t\t\n\n\t\t<div class=\"section-content relative\">\n\t\t\t\n\n<div class=\"row\"  id=\"row-58124717\">\n\n\n\t<div id=\"col-1714722307\" class=\"col medium-12 small-12 large-6\"  >\n\t\t\t\t<div class=\"col-inner\"  >\n\t\t\t\n\t\t\t\n\n\t<div id=\"text-1126597116\" class=\"text\">\n\t\t\n\n<h3>Der Wohnwagen<\/h3>\n<p>Der Verein verwaltet einen Wohnwagen der als sozialp\u00e4dagogisches Mittel im Dienst des sozialen Zusammenhalts, der Solidarit\u00e4t und der Integration der Beg\u00fcnstigten steht.<\/p>\n\t\t\n<style>\n#text-1126597116 {\n  font-size: 1.2rem;\n}\n<\/style>\n\t<\/div>\n\t\n\n\t\t<\/div>\n\t\t\t\t\t<\/div>\n\n\t\n\n\t<div id=\"col-261477630\" class=\"col medium-12 small-12 large-6\"  >\n\t\t\t\t<div class=\"col-inner text-left\"  >\n\t\t\t\n\t\t\t\n\n\t<div id=\"gap-1728788927\" class=\"gap-element clearfix\" style=\"display:block; height:auto;\">\n\t\t\n<style>\n#gap-1728788927 {\n  padding-top: 10px;\n}\n@media (min-width:850px) {\n  #gap-1728788927 {\n    padding-top: 30px;\n  }\n}\n<\/style>\n\t<\/div>\n\t\n\n\n\t\t<\/div>\n\t\t\t\t\n<style>\n#col-261477630 > .col-inner {\n  padding: 0px 0px 0px 0;\n}\n@media (min-width:850px) {\n  #col-261477630 > .col-inner {\n    padding: 0px 0px 0px 0%;\n  }\n}\n<\/style>\n\t<\/div>\n\n\t\n\n<\/div>\n\t<div class=\"img has-hover hide-for-medium x md-x lg-x y md-y lg-y\" id=\"image_68120309\">\n\t\t\t\t\t\t<div data-animate=\"fadeInLeft\">\t\t<div class=\"img-inner dark\" >\n\t\t\t<img loading=\"lazy\" decoding=\"async\" width=\"1920\" height=\"1080\" src=\"https:\/\/la-tuile.ch\/wp-content\/uploads\/2023\/08\/Tirabosco_Echappee_Belle.jpg\" class=\"attachment-original size-original\" alt=\"\" srcset=\"https:\/\/la-tuile.ch\/wp-content\/uploads\/2023\/08\/Tirabosco_Echappee_Belle.jpg 1920w, https:\/\/la-tuile.ch\/wp-content\/uploads\/2023\/08\/Tirabosco_Echappee_Belle-300x169.jpg 300w, https:\/\/la-tuile.ch\/wp-content\/uploads\/2023\/08\/Tirabosco_Echappee_Belle-1024x576.jpg 1024w, https:\/\/la-tuile.ch\/wp-content\/uploads\/2023\/08\/Tirabosco_Echappee_Belle-768x432.jpg 768w, https:\/\/la-tuile.ch\/wp-content\/uploads\/2023\/08\/Tirabosco_Echappee_Belle-1536x864.jpg 1536w, https:\/\/la-tuile.ch\/wp-content\/uploads\/2023\/08\/Tirabosco_Echappee_Belle-600x338.jpg 600w\" sizes=\"auto, (max-width: 1920px) 100vw, 1920px\" \/>\t\t\t\t\t\t\n\t\t\t\t\t<\/div>\n\t\t<\/div>\t\t\t\t\t\t\n<style>\n#image_68120309 {\n  width: 50%;\n}\n<\/style>\n\t<\/div>\n\t\n\n\t<div class=\"img has-hover show-for-small x md-x lg-x y md-y lg-y\" id=\"image_951336342\">\n\t\t\t\t\t\t<div data-animate=\"fadeInLeft\">\t\t<div class=\"img-inner dark\" >\n\t\t\t<img loading=\"lazy\" decoding=\"async\" width=\"1200\" height=\"777\" src=\"https:\/\/la-tuile.ch\/wp-content\/uploads\/2022\/05\/ambiance03.jpg\" class=\"attachment-original size-original\" alt=\"\" srcset=\"https:\/\/la-tuile.ch\/wp-content\/uploads\/2022\/05\/ambiance03.jpg 1200w, https:\/\/la-tuile.ch\/wp-content\/uploads\/2022\/05\/ambiance03-300x194.jpg 300w, https:\/\/la-tuile.ch\/wp-content\/uploads\/2022\/05\/ambiance03-1024x663.jpg 1024w, https:\/\/la-tuile.ch\/wp-content\/uploads\/2022\/05\/ambiance03-768x497.jpg 768w, https:\/\/la-tuile.ch\/wp-content\/uploads\/2022\/05\/ambiance03-600x389.jpg 600w\" sizes=\"auto, (max-width: 1200px) 100vw, 1200px\" \/>\t\t\t\t\t\t\n\t\t\t\t\t<\/div>\n\t\t<\/div>\t\t\t\t\t\t\n<style>\n#image_951336342 {\n  width: 100%;\n}\n<\/style>\n\t<\/div>\n\t\n\n\n\t\t<\/div>\n\n\t\t\n<style>\n#section_1243142415 {\n  padding-top: 40px;\n  padding-bottom: 40px;\n}\n@media (min-width:850px) {\n  #section_1243142415 {\n    padding-top: 5px;\n    padding-bottom: 5px;\n  }\n}\n<\/style>\n\t<\/section>\n\t\n\n\t<section class=\"section\" id=\"section_567404945\">\n\t\t<div class=\"section-bg fill\" >\n\t\t\t\t\t\t\t\t\t\n\t\t\t\n\n\t\t<\/div>\n\n\t\t\n\n\t\t<div class=\"section-content relative\">\n\t\t\t\n\n<div class=\"row\"  id=\"row-32192458\">\n\n\n\t<div id=\"col-1931391248\" class=\"col medium-12 small-12 large-6\"  >\n\t\t\t\t<div class=\"col-inner\"  >\n\t\t\t\n\t\t\t\n\n<h3>Ziele<\/h3>\n<p>L\u2019Echapp\u00e9e Belle unterst\u00fctzt \u00abintegrative\u00bb Projekte und Veranstaltungen, welche vom Verein organisiert werden.<\/p>\n<ul>\n<li>Der Wohnwagen symbolisiert die Reise, den Aufbruch und die Entdeckung. Dank neuen Erfahrungen in einem ungew\u00f6hnlichem Raum k\u00f6nnen neue Beziehungen gekn\u00fcpft und Perspektiven er\u00f6ffnet werden!<\/li>\n<li>Ein Ort der Zugeh\u00f6rigkeit, der Gastfreundschaft und der Begegnungen, um Momente des Teilens und der Geselligkeit zu erleben, und um sich von Alltagszw\u00e4ngen zu befreien.<\/li>\n<li>Sie wird aufgestellt im Herzen von soziokulturellen Veranstaltungen, die sich f\u00fcr eine soziale Durchmischung, das Zusammenleben, die Sensibilisierung einsetzen, und Informationen \u00fcber die Problematik der Nutzer und Nutzerinnen \u00fcbermitteln.<\/li>\n<\/ul>\n\n\t\t<\/div>\n\t\t\t\t\t<\/div>\n\n\t\n\n\t<div id=\"col-378843873\" class=\"col medium-6 small-12 large-6\"  data-animate=\"fadeInRight\">\n\t\t\t\t<div class=\"col-inner\"  >\n\t\t\t\n\t\t\t\n\n\t<div id=\"text-3242452174\" class=\"text\">\n\t\t\n\n<h2><strong>Den Beziehungs- und Zugeh\u00f6rigkeitsbed\u00fcrfnisse der Beg\u00fcnstigten gerecht werden<\/strong><\/h2>\n\t\t\n<style>\n#text-3242452174 {\n  color: #f07910;\n}\n#text-3242452174 > * {\n  color: #f07910;\n}\n<\/style>\n\t<\/div>\n\t\n\n\t\t<\/div>\n\t\t\t\t\n<style>\n#col-378843873 > .col-inner {\n  padding: 0px 0px 0px 10%;\n}\n<\/style>\n\t<\/div>\n\n\t\n\n<\/div>\n\n\t\t<\/div>\n\n\t\t\n<style>\n#section_567404945 {\n  padding-top: 40px;\n  padding-bottom: 40px;\n}\n@media (min-width:850px) {\n  #section_567404945 {\n    padding-top: 0px;\n    padding-bottom: 0px;\n  }\n}\n<\/style>\n\t<\/section>\n\t\n\n\t<section class=\"section\" id=\"section_1120538192\">\n\t\t<div class=\"section-bg fill\" >\n\t\t\t\t\t\t\t\t\t\n\t\t\t\n\n\t\t<\/div>\n\n\t\t\n\n\t\t<div class=\"section-content relative\">\n\t\t\t\n\n<div class=\"row row-large\"  id=\"row-683991020\">\n\n\n\t<div id=\"col-1306050558\" class=\"col medium-6 small-12 large-6\"  >\n\t\t\t\t<div class=\"col-inner\"  >\n\t\t\t\n\t\t\t\n\n<h3><strong>Vermietung<\/strong><\/h3>\n<p>Der Wagen ist in erster Linie f\u00fcr Projekte der Freiburger Stiftung f\u00fcr die Jugend und La Tuile gedacht, wird aber auch sozialen oder kulturellen Einrichtungen zur Verf\u00fcgung gestellt, die sich mit Projekten zur F\u00f6rderung der Zugeh\u00f6rigkeit und der Integration besch\u00e4ftigen.<\/p>\n<p>\u00a0<\/p>\n\n\t\t<\/div>\n\t\t\t\t\t<\/div>\n\n\t\n\n\t<div id=\"col-636105805\" class=\"col medium-6 small-12 large-6\"  data-animate=\"fadeInRight\">\n\t\t\t\t<div class=\"col-inner\"  >\n\t\t\t\n\t\t\t\n\n<h3>\u00a0<\/h3>\n<p>M\u00f6chten Sie den Wohnwagen f\u00fcr eine Veranstaltung mieten? Dann k\u00f6nnen Sie online die Verf\u00fcgbarkeit pr\u00fcfen und uns Ihr Projekt vorstellen.<\/p>\n\t<div class=\"box has-hover   has-hover box-text-bottom\" >\n\n\t\t<div class=\"box-image\" style=\"border-radius:15%;width:58%;\">\n\t\t\t<a href=\"http:\/\/www.echappeebelle.ch\/reservation.html\" target=\"_blank\" rel=\"noopener\" >\t\t\t<div class=\"\" >\n\t\t\t\t<img loading=\"lazy\" decoding=\"async\" width=\"680\" height=\"467\" src=\"https:\/\/la-tuile.ch\/wp-content\/uploads\/2023\/08\/logoEchBelle.jpg\" class=\"attachment- size-\" alt=\"\" srcset=\"https:\/\/la-tuile.ch\/wp-content\/uploads\/2023\/08\/logoEchBelle.jpg 680w, https:\/\/la-tuile.ch\/wp-content\/uploads\/2023\/08\/logoEchBelle-300x206.jpg 300w, https:\/\/la-tuile.ch\/wp-content\/uploads\/2023\/08\/logoEchBelle-600x412.jpg 600w\" sizes=\"auto, (max-width: 680px) 100vw, 680px\" \/>\t\t\t\t\t\t\t\t\t\t\t<\/div>\n\t\t\t<\/a>\t\t<\/div>\n\n\t\t<div class=\"box-text show-on-hover hover-bounce text-center\" >\n\t\t\t<div class=\"box-text-inner\">\n\t\t\t\t\n\n<a href=\"http:\/\/www.echappeebelle.ch\/reservation.php\" target=\"_blank\" class=\"button primary\" rel=\"noopener\" style=\"border-radius:4px;\">\n\t\t<span>Infos und Reservierung<\/span>\n\t<i class=\"icon-angle-down\" aria-hidden=\"true\"><\/i><\/a>\n\n\n\n\t\t\t<\/div>\n\t\t<\/div>\n\t<\/div>\n\t\n\n\t\t<\/div>\n\t\t\t\t\n<style>\n#col-636105805 > .col-inner {\n  padding: 0px 0px 0px 10%;\n}\n<\/style>\n\t<\/div>\n\n\t\n\n<\/div>\n\n\t\t<\/div>\n\n\t\t\n<style>\n#section_1120538192 {\n  padding-top: 0px;\n  padding-bottom: 0px;\n  margin-bottom: 5px;\n}\n<\/style>\n\t<\/section>\n\t\n\n\t<section class=\"section\" id=\"section_1621438395\">\n\t\t<div class=\"section-bg fill\" >\n\t\t\t\t\t\t\t\t\t\n\t\t\t\n\n\t\t<\/div>\n\n\t\t\n\n\t\t<div class=\"section-content relative\">\n\t\t\t\n\n\t<div id=\"gap-306900166\" class=\"gap-element clearfix\" style=\"display:block; height:auto;\">\n\t\t\n<style>\n#gap-306900166 {\n  padding-top: 50px;\n}\n@media (min-width:850px) {\n  #gap-306900166 {\n    padding-top: 30px;\n  }\n}\n<\/style>\n\t<\/div>\n\t\n\n\t<div id=\"gap-1593919860\" class=\"gap-element clearfix\" style=\"display:block; height:auto;\">\n\t\t\n<style>\n#gap-1593919860 {\n  padding-top: 50px;\n}\n@media (min-width:850px) {\n  #gap-1593919860 {\n    padding-top: 30px;\n  }\n}\n<\/style>\n\t<\/div>\n\t\n\n\t<div id=\"gap-1697698673\" class=\"gap-element clearfix\" style=\"display:block; height:auto;\">\n\t\t\n<style>\n#gap-1697698673 {\n  padding-top: 50px;\n}\n@media (min-width:850px) {\n  #gap-1697698673 {\n    padding-top: 30px;\n  }\n}\n<\/style>\n\t<\/div>\n\t\n\n<div class=\"row row-collapse align-center\"  id=\"row-869679580\">\n\n\n\t<div id=\"col-1442798953\" class=\"col medium-4 small-6 large-4\"  data-animate=\"fadeInUp\">\n\t\t\t\t<div class=\"col-inner text-center\"  >\n\t\t\t\n\t\t\t\n\n\t<div id=\"gap-2059817732\" class=\"gap-element clearfix\" style=\"display:block; height:auto;\">\n\t\t\n<style>\n#gap-2059817732 {\n  padding-top: 50px;\n}\n@media (min-width:850px) {\n  #gap-2059817732 {\n    padding-top: 30px;\n  }\n}\n<\/style>\n\t<\/div>\n\t\n\n\n\t\t<\/div>\n\t\t\t\t\t<\/div>\n\n\t\n\n<\/div>\n\n\t\t<\/div>\n\n\t\t\n<style>\n#section_1621438395 {\n  padding-top: 6px;\n  padding-bottom: 6px;\n}\n<\/style>\n\t<\/section>\n\t\n\n","protected":false},"excerpt":{"rendered":"","protected":false},"author":2,"featured_media":0,"parent":8218,"menu_order":12,"comment_status":"closed","ping_status":"closed","template":"page-blank.php","meta":{"_uag_custom_page_level_css":"","footnotes":""},"class_list":["post-9526","page","type-page","status-publish","hentry"],"uagb_featured_image_src":{"full":false,"thumbnail":false,"medium":false,"medium_large":false,"large":false,"1536x1536":false,"2048x2048":false,"woocommerce_thumbnail":false,"woocommerce_single":false,"woocommerce_gallery_thumbnail":false},"uagb_author_info":{"display_name":"Tuile","author_link":"https:\/\/la-tuile.ch\/de\/author\/georges\/"},"uagb_comment_info":0,"uagb_excerpt":null,"_links":{"self":[{"href":"https:\/\/la-tuile.ch\/de\/wp-json\/wp\/v2\/pages\/9526","targetHints":{"allow":["GET"]}}],"collection":[{"href":"https:\/\/la-tuile.ch\/de\/wp-json\/wp\/v2\/pages"}],"about":[{"href":"https:\/\/la-tuile.ch\/de\/wp-json\/wp\/v2\/types\/page"}],"author":[{"embeddable":true,"href":"https:\/\/la-tuile.ch\/de\/wp-json\/wp\/v2\/users\/2"}],"replies":[{"embeddable":true,"href":"https:\/\/la-tuile.ch\/de\/wp-json\/wp\/v2\/comments?post=9526"}],"version-history":[{"count":4,"href":"https:\/\/la-tuile.ch\/de\/wp-json\/wp\/v2\/pages\/9526\/revisions"}],"predecessor-version":[{"id":9530,"href":"https:\/\/la-tuile.ch\/de\/wp-json\/wp\/v2\/pages\/9526\/revisions\/9530"}],"up":[{"embeddable":true,"href":"https:\/\/la-tuile.ch\/de\/wp-json\/wp\/v2\/pages\/8218"}],"wp:attachment":[{"href":"https:\/\/la-tuile.ch\/de\/wp-json\/wp\/v2\/media?parent=9526"}],"curies":[{"name":"wp","href":"https:\/\/api.w.org\/{rel}","templated":true}]}}