{"id":8354,"date":"2021-12-02T11:47:07","date_gmt":"2022-09-16T11:54:35","guid":{"rendered":"https:\/\/la-tuile.ch\/product\/kalender-2022-der-schuelerinnen-und-schueler-der-sekundarschule-marly\/"},"modified":"2022-09-16T13:54:39","modified_gmt":"2022-09-16T11:54:39","slug":"kalender-2022-marly","status":"publish","type":"product","link":"https:\/\/la-tuile.ch\/de\/produkt\/kalender-2022-marly\/","title":{"rendered":"Kalender 2022 der Sch\u00fclerinnen und Sch\u00fcler der Sekundarschule Marly"},"content":{"rendered":"<p>Die Bilder (\u00d6l auf Karton), die von einer schr\u00e4gen Note pittoresken Humors gepr\u00e4gt sind, stellen eine Stadt Freiburg in den Mittelpunkt, in der sich Satire mit Traumwelt vermischt. Der Erl\u00f6s aus dem Verkauf dieses Kalenders kommt dem Nachtaufnahmezentrum La Tuile zugute.<\/p>\n","protected":false},"excerpt":{"rendered":"<p>Dieser Kalender wurde von Sch\u00fclerinnen und Sch\u00fclern erstellt und besteht aus 12 Werken des rum\u00e4nischen Malers Florian Doru Crihana.<\/p>\n","protected":false},"featured_media":7610,"template":"","meta":{"_uag_custom_page_level_css":""},"product_brand":[],"product_cat":[178],"product_tag":[],"class_list":{"0":"post-8354","1":"product","2":"type-product","3":"status-publish","4":"has-post-thumbnail","6":"product_cat-zubehor","8":"first","9":"instock","10":"shipping-taxable","11":"purchasable","12":"product-type-simple"},"uagb_featured_image_src":{"full":["https:\/\/la-tuile.ch\/wp-content\/uploads\/2022\/06\/CalendrierCO_Marly.jpg",682,511,false],"thumbnail":["https:\/\/la-tuile.ch\/wp-content\/uploads\/2022\/06\/CalendrierCO_Marly-150x150.jpg",150,150,true],"medium":["https:\/\/la-tuile.ch\/wp-content\/uploads\/2022\/06\/CalendrierCO_Marly-300x225.jpg",300,225,true],"medium_large":["https:\/\/la-tuile.ch\/wp-content\/uploads\/2022\/06\/CalendrierCO_Marly.jpg",682,511,false],"large":["https:\/\/la-tuile.ch\/wp-content\/uploads\/2022\/06\/CalendrierCO_Marly.jpg",682,511,false],"1536x1536":["https:\/\/la-tuile.ch\/wp-content\/uploads\/2022\/06\/CalendrierCO_Marly.jpg",682,511,false],"2048x2048":["https:\/\/la-tuile.ch\/wp-content\/uploads\/2022\/06\/CalendrierCO_Marly.jpg",682,511,false],"woocommerce_thumbnail":["https:\/\/la-tuile.ch\/wp-content\/uploads\/2022\/06\/CalendrierCO_Marly-300x300.jpg",300,300,true],"woocommerce_single":["https:\/\/la-tuile.ch\/wp-content\/uploads\/2022\/06\/CalendrierCO_Marly-600x450.jpg",600,450,true],"woocommerce_gallery_thumbnail":["https:\/\/la-tuile.ch\/wp-content\/uploads\/2022\/06\/CalendrierCO_Marly-100x100.jpg",100,100,true]},"uagb_author_info":{"display_name":"LA TUILE","author_link":"https:\/\/la-tuile.ch\/de\/author\/"},"uagb_comment_info":0,"uagb_excerpt":"Dieser Kalender wurde von Sch\u00fclerinnen und Sch\u00fclern erstellt und besteht aus 12 Werken des rum\u00e4nischen Malers Florian Doru Crihana.","_links":{"self":[{"href":"https:\/\/la-tuile.ch\/de\/wp-json\/wp\/v2\/product\/8354","targetHints":{"allow":["GET"]}}],"collection":[{"href":"https:\/\/la-tuile.ch\/de\/wp-json\/wp\/v2\/product"}],"about":[{"href":"https:\/\/la-tuile.ch\/de\/wp-json\/wp\/v2\/types\/product"}],"wp:featuredmedia":[{"embeddable":true,"href":"https:\/\/la-tuile.ch\/de\/wp-json\/wp\/v2\/media\/7610"}],"wp:attachment":[{"href":"https:\/\/la-tuile.ch\/de\/wp-json\/wp\/v2\/media?parent=8354"}],"wp:term":[{"taxonomy":"product_brand","embeddable":true,"href":"https:\/\/la-tuile.ch\/de\/wp-json\/wp\/v2\/product_brand?post=8354"},{"taxonomy":"product_cat","embeddable":true,"href":"https:\/\/la-tuile.ch\/de\/wp-json\/wp\/v2\/product_cat?post=8354"},{"taxonomy":"product_tag","embeddable":true,"href":"https:\/\/la-tuile.ch\/de\/wp-json\/wp\/v2\/product_tag?post=8354"}],"curies":[{"name":"wp","href":"https:\/\/api.w.org\/{rel}","templated":true}]}}