{"id":8533,"date":"2019-11-20T10:36:29","date_gmt":"2022-10-05T07:43:09","guid":{"rendered":"https:\/\/la-tuile.ch\/product\/baptiste-oberson-la-table-bleue\/"},"modified":"2022-10-05T09:43:09","modified_gmt":"2022-10-05T07:43:09","slug":"baptiste-oberson-buch-la-table-bleue","status":"publish","type":"product","link":"https:\/\/la-tuile.ch\/de\/produkt\/baptiste-oberson-buch-la-table-bleue\/","title":{"rendered":"Baptiste Oberson &#8211; La Table Bleue"},"content":{"rendered":"<p>Baptiste Oberson erz\u00e4hlt mit viel Feingef\u00fchl von all diesen Leben, die aneinander vorbeiziehen, sich kreuzen und sich manchmal in einem Caf\u00e9 begegnen. Der Kaffee ist eine eigenst\u00e4ndige Figur im Buch.<\/p>\n<p>&#8222;Ich komme jeden Donnerstagmorgen mit meiner Schreibmaschine hierher. Auf den Tisch lege ich ein Wort: offen. Ich begr\u00fc\u00dfe das, was die Menschen zu teilen haben. Ich versuche, sichtbar verf\u00fcgbar zu sein, obwohl ich mit dem Schreiben besch\u00e4ftigt bin.<\/p>\n<p>Die Aktivit\u00e4t dient als T\u00fcr\u00f6ffner, die Maschine regt zur Diskussion an :<\/p>\n<p>&#8211; \u00c4h, gibt es das noch? oder<br \/>\n&#8211; Ist das eine Hermes?<br \/>\n&#8211; Ich hatte dieselbe in Gr\u00fcn&#8220;.<\/p>\n<p>Baptiste zeichnet W\u00f6rter, S\u00e4tze und Texte. Seine Schreibpraxis entspricht ihrer Zeichenpraxis. Beides sind Beobachtungen, die in eine Erz\u00e4hlung gesetzt werden.<\/p>\n","protected":false},"excerpt":{"rendered":"<p>Dieses Buch bot sich f\u00fcr einen dritten Band der Reihe &#8222;Das Leben der Menschen&#8220; an. Es handelt sich um eine Sammlung von sehr menschlichen \u00c4u\u00dferungen, die im Laufe der Donnerstage am Tisch des Sozialcaf\u00e9s &#8222;Le Tunnel&#8220; in Freiburg gesammelt wurden.<\/p>\n","protected":false},"featured_media":7011,"template":"","meta":{"_uag_custom_page_level_css":""},"product_brand":[],"product_cat":[179],"product_tag":[],"class_list":{"0":"post-8533","1":"product","2":"type-product","3":"status-publish","4":"has-post-thumbnail","6":"product_cat-bucher","8":"first","9":"instock","10":"shipping-taxable","11":"purchasable","12":"product-type-simple"},"uagb_featured_image_src":{"full":["https:\/\/la-tuile.ch\/wp-content\/uploads\/2022\/06\/TbleBleue.jpg",1465,2297,false],"thumbnail":["https:\/\/la-tuile.ch\/wp-content\/uploads\/2022\/06\/TbleBleue-150x150.jpg",150,150,true],"medium":["https:\/\/la-tuile.ch\/wp-content\/uploads\/2022\/06\/TbleBleue-191x300.jpg",191,300,true],"medium_large":["https:\/\/la-tuile.ch\/wp-content\/uploads\/2022\/06\/TbleBleue-768x1204.jpg",768,1204,true],"large":["https:\/\/la-tuile.ch\/wp-content\/uploads\/2022\/06\/TbleBleue-653x1024.jpg",653,1024,true],"1536x1536":["https:\/\/la-tuile.ch\/wp-content\/uploads\/2022\/06\/TbleBleue-980x1536.jpg",980,1536,true],"2048x2048":["https:\/\/la-tuile.ch\/wp-content\/uploads\/2022\/06\/TbleBleue-1306x2048.jpg",1306,2048,true],"woocommerce_thumbnail":["https:\/\/la-tuile.ch\/wp-content\/uploads\/2022\/06\/TbleBleue-300x300.jpg",300,300,true],"woocommerce_single":["https:\/\/la-tuile.ch\/wp-content\/uploads\/2022\/06\/TbleBleue-600x941.jpg",600,941,true],"woocommerce_gallery_thumbnail":["https:\/\/la-tuile.ch\/wp-content\/uploads\/2022\/06\/TbleBleue-100x100.jpg",100,100,true]},"uagb_author_info":{"display_name":"LA TUILE","author_link":"https:\/\/la-tuile.ch\/de\/author\/"},"uagb_comment_info":0,"uagb_excerpt":"Dieses Buch bot sich f\u00fcr einen dritten Band der Reihe \"Das Leben der Menschen\" an. Es handelt sich um eine Sammlung von sehr menschlichen \u00c4u\u00dferungen, die im Laufe der Donnerstage am Tisch des Sozialcaf\u00e9s \"Le Tunnel\" in Freiburg gesammelt wurden.","_links":{"self":[{"href":"https:\/\/la-tuile.ch\/de\/wp-json\/wp\/v2\/product\/8533","targetHints":{"allow":["GET"]}}],"collection":[{"href":"https:\/\/la-tuile.ch\/de\/wp-json\/wp\/v2\/product"}],"about":[{"href":"https:\/\/la-tuile.ch\/de\/wp-json\/wp\/v2\/types\/product"}],"wp:featuredmedia":[{"embeddable":true,"href":"https:\/\/la-tuile.ch\/de\/wp-json\/wp\/v2\/media\/7011"}],"wp:attachment":[{"href":"https:\/\/la-tuile.ch\/de\/wp-json\/wp\/v2\/media?parent=8533"}],"wp:term":[{"taxonomy":"product_brand","embeddable":true,"href":"https:\/\/la-tuile.ch\/de\/wp-json\/wp\/v2\/product_brand?post=8533"},{"taxonomy":"product_cat","embeddable":true,"href":"https:\/\/la-tuile.ch\/de\/wp-json\/wp\/v2\/product_cat?post=8533"},{"taxonomy":"product_tag","embeddable":true,"href":"https:\/\/la-tuile.ch\/de\/wp-json\/wp\/v2\/product_tag?post=8533"}],"curies":[{"name":"wp","href":"https:\/\/api.w.org\/{rel}","templated":true}]}}