{"id":8537,"date":"2015-09-13T22:37:02","date_gmt":"2022-10-05T07:55:15","guid":{"rendered":"https:\/\/la-tuile.ch\/product\/projekt-begleitendes-wohnen\/"},"modified":"2022-10-05T10:04:19","modified_gmt":"2022-10-05T08:04:19","slug":"projekt-begleitendes-wohnen","status":"publish","type":"product","link":"https:\/\/la-tuile.ch\/de\/produkt\/projekt-begleitendes-wohnen\/","title":{"rendered":"Projekt begleitendes Wohnen"},"content":{"rendered":"<p><strong>2009-2013, von der Eingliederung durch Wohnen zum &#8222;housing first&#8220; :<\/strong><\/p>\n<p>Zwischen dem Beginn dieser Forschungsarbeit \u00fcber die Eingliederung durch Wohnen und ihrer Verbreitung liegen vier Jahre. In dieser Zeitspanne konnten Projekte verwirklicht werden. Er bot auch Gelegenheit &#8230; zur Anglisierung von Konzepten \u00fcber den Zugang zu Wohnraum.<\/p>\n<p>&#8222;La Tuile&#8220;, die Nachtunterkunft im Kanton Freiburg, wei\u00df seit ihrer Gr\u00fcndung im Jahr 1992, dass die Unterbringung in Notsituationen kein Selbstzweck sein darf. Ihr Angebot, das als palliativ gilt, darf sich nicht damit abfinden, nur diese eine Leistungsachse zu erf\u00fcllen.<\/p>\n<p>Diese Forschungsarbeit wurde unternommen, um die Frage zu beantworten, wie die Notaufnahme und ihr peripheres Angebot miteinander verkn\u00fcpft werden k\u00f6nnen.<\/p>\n<p>Seit der Initiierung dieser Arbeit ist die Unterbringung zu einer vollwertigen Abteilung unseres Vereins geworden.<\/p>\n<p>La Tuile hat sich entschieden, diese Ergebnisse in diesem Jahr, das mit dem zehnj\u00e4hrigen Bestehen ihrer \u00dcbergangswohnungen zusammenf\u00e4llt, zu verbreiten. Wir hoffen, einen wichtigen Beitrag zu den in der Westschweiz sehr aktuellen \u00dcberlegungen zum Thema Wohnen zur Wiedereingliederung leisten zu k\u00f6nnen, und zwar zu einem Zeitpunkt, an dem die Dynamik <em>&#8222;housing first&#8220;<\/em> es erm\u00f6glicht, eine grundlegende Arbeit zu diesem Thema zu vereinen.<\/p>\n<p>Diese Forschung leistete einen klaren Beitrag zur Entstehung unseres Angebots, aber auch zum neuen Konzept des Vereins rund um das Thema &#8222;Aufnahme und Unterbringung&#8220;.<\/p>\n<p>Sie erm\u00f6glichte es dem Management, den F\u00fchrungskr\u00e4ften und dem Vorstand, ihre \u00dcberlegungen zu vertiefen, ihre Fragen zu festigen und ihre Gewissheiten zu ersch\u00fcttern. Mit dem Ehrgeiz, Menschen in Schwierigkeiten die M\u00f6glichkeit zu geben, von einem Nutzer der Nachtunterkunft zu einem Mieter und B\u00fcrger zu werden, als treibende Kraft.<\/p>\n<p>Eric Mullener | Direktor<br \/>\nVerein La Tuile \u2013 Auftraggeberin der Forschungsarbeiten und Verantwortliche f\u00fcr die Edition<\/p>\n","protected":false},"excerpt":{"rendered":"<p><strong><em>&#8222;Ein eigenes Zuhause als Grundstein f\u00fcr die soziale Wiedereingliederung&#8220;.<\/em><\/strong><\/p>\n<p>Verein La Tuile | Madeleine Christinaz<\/p>\n<p>107 Seiten<\/p>\n","protected":false},"featured_media":4583,"template":"","meta":{"_uag_custom_page_level_css":""},"product_brand":[],"product_cat":[181],"product_tag":[],"class_list":{"0":"post-8537","1":"product","2":"type-product","3":"status-publish","4":"has-post-thumbnail","6":"product_cat-dokumente","8":"first","9":"instock","10":"shipping-taxable","11":"purchasable","12":"product-type-simple"},"uagb_featured_image_src":{"full":["https:\/\/la-tuile.ch\/wp-content\/uploads\/2022\/06\/projet_logement.jpg",450,450,false],"thumbnail":["https:\/\/la-tuile.ch\/wp-content\/uploads\/2022\/06\/projet_logement-150x150.jpg",150,150,true],"medium":["https:\/\/la-tuile.ch\/wp-content\/uploads\/2022\/06\/projet_logement-300x300.jpg",300,300,true],"medium_large":["https:\/\/la-tuile.ch\/wp-content\/uploads\/2022\/06\/projet_logement.jpg",450,450,false],"large":["https:\/\/la-tuile.ch\/wp-content\/uploads\/2022\/06\/projet_logement.jpg",450,450,false],"1536x1536":["https:\/\/la-tuile.ch\/wp-content\/uploads\/2022\/06\/projet_logement.jpg",450,450,false],"2048x2048":["https:\/\/la-tuile.ch\/wp-content\/uploads\/2022\/06\/projet_logement.jpg",450,450,false],"woocommerce_thumbnail":["https:\/\/la-tuile.ch\/wp-content\/uploads\/2022\/06\/projet_logement-300x300.jpg",300,300,true],"woocommerce_single":["https:\/\/la-tuile.ch\/wp-content\/uploads\/2022\/06\/projet_logement.jpg",450,450,false],"woocommerce_gallery_thumbnail":["https:\/\/la-tuile.ch\/wp-content\/uploads\/2022\/06\/projet_logement-100x100.jpg",100,100,true]},"uagb_author_info":{"display_name":"LA TUILE","author_link":"https:\/\/la-tuile.ch\/de\/author\/"},"uagb_comment_info":0,"uagb_excerpt":"\"Ein eigenes Zuhause als Grundstein f\u00fcr die soziale Wiedereingliederung\". Verein La Tuile | Madeleine Christinaz 107 Seiten","_links":{"self":[{"href":"https:\/\/la-tuile.ch\/de\/wp-json\/wp\/v2\/product\/8537","targetHints":{"allow":["GET"]}}],"collection":[{"href":"https:\/\/la-tuile.ch\/de\/wp-json\/wp\/v2\/product"}],"about":[{"href":"https:\/\/la-tuile.ch\/de\/wp-json\/wp\/v2\/types\/product"}],"wp:featuredmedia":[{"embeddable":true,"href":"https:\/\/la-tuile.ch\/de\/wp-json\/wp\/v2\/media\/4583"}],"wp:attachment":[{"href":"https:\/\/la-tuile.ch\/de\/wp-json\/wp\/v2\/media?parent=8537"}],"wp:term":[{"taxonomy":"product_brand","embeddable":true,"href":"https:\/\/la-tuile.ch\/de\/wp-json\/wp\/v2\/product_brand?post=8537"},{"taxonomy":"product_cat","embeddable":true,"href":"https:\/\/la-tuile.ch\/de\/wp-json\/wp\/v2\/product_cat?post=8537"},{"taxonomy":"product_tag","embeddable":true,"href":"https:\/\/la-tuile.ch\/de\/wp-json\/wp\/v2\/product_tag?post=8537"}],"curies":[{"name":"wp","href":"https:\/\/api.w.org\/{rel}","templated":true}]}}