{"id":8538,"date":"2015-09-13T22:08:09","date_gmt":"2022-10-05T08:10:04","guid":{"rendered":"https:\/\/la-tuile.ch\/product\/freiburg-und-seine-landstreicher\/"},"modified":"2022-10-05T10:10:04","modified_gmt":"2022-10-05T08:10:04","slug":"freiburg-und-seine-landstreicher","status":"publish","type":"product","link":"https:\/\/la-tuile.ch\/de\/produkt\/freiburg-und-seine-landstreicher\/","title":{"rendered":"Freiburg und seine Landstreicher"},"content":{"rendered":"<h3>Freiburg und seine Landstreicher<\/h3>\n<p><strong>Aufnahme und Unterdr\u00fcckung im laufe der Jahrhunderte<\/strong><\/p>\n<p>Seit jeher gab es Landstreicher in Stadt und Land, deren Anwesenheit die kollektive Phantasie reichlich besch\u00e4ftigte.<\/p>\n<p>Das Buch \u201cFribourg et ses vagabonds \u2013 Accueil et r\u00e9pression \u00e0 travers les \u00e2ges\u201d geschrieben vom Journalisten Charly Veuthey, illustriert mit Bildern der Fotografin Martine Wolhauser und mit einem Vorwort von Staatsr\u00e4tin Ruth L\u00fcthi schildert das Leben obdachloser Frauen und M\u00e4nner durch die Jahrhunderte.<\/p>\n<p>Das Buch wurde im Jahr 2002 zum zehnj\u00e4hrigen Jubil\u00e4um von La Tuile in Zusammenarbeit mit dem Verlag <a href=\"http:\/\/www.lasarine.ch\/product.php?id_product=1252\" target=\"_blank\" rel=\"noopener\">La Sarine<\/a> publiziert.<\/p>\n","protected":false},"excerpt":{"rendered":"<p><strong>Aufnahme und Unterdr\u00fcckung im laufe der Jahrhunderte<\/strong><br \/>\n<strong>Text :<\/strong> Charly Veuthey<br \/>\n<strong>Fotos :<\/strong> Martine Wolhauser<br \/>\nFarb-Illustrationen | 160 Seiten<\/p>\n","protected":false},"featured_media":4580,"template":"","meta":{"_uag_custom_page_level_css":""},"product_brand":[],"product_cat":[179],"product_tag":[],"class_list":{"0":"post-8538","1":"product","2":"type-product","3":"status-publish","4":"has-post-thumbnail","6":"product_cat-bucher","8":"first","9":"instock","10":"shipping-taxable","11":"purchasable","12":"product-type-simple"},"uagb_featured_image_src":{"full":["https:\/\/la-tuile.ch\/wp-content\/uploads\/2022\/06\/fri_vagabonds.jpg",450,450,false],"thumbnail":["https:\/\/la-tuile.ch\/wp-content\/uploads\/2022\/06\/fri_vagabonds-150x150.jpg",150,150,true],"medium":["https:\/\/la-tuile.ch\/wp-content\/uploads\/2022\/06\/fri_vagabonds-300x300.jpg",300,300,true],"medium_large":["https:\/\/la-tuile.ch\/wp-content\/uploads\/2022\/06\/fri_vagabonds.jpg",450,450,false],"large":["https:\/\/la-tuile.ch\/wp-content\/uploads\/2022\/06\/fri_vagabonds.jpg",450,450,false],"1536x1536":["https:\/\/la-tuile.ch\/wp-content\/uploads\/2022\/06\/fri_vagabonds.jpg",450,450,false],"2048x2048":["https:\/\/la-tuile.ch\/wp-content\/uploads\/2022\/06\/fri_vagabonds.jpg",450,450,false],"woocommerce_thumbnail":["https:\/\/la-tuile.ch\/wp-content\/uploads\/2022\/06\/fri_vagabonds-300x300.jpg",300,300,true],"woocommerce_single":["https:\/\/la-tuile.ch\/wp-content\/uploads\/2022\/06\/fri_vagabonds.jpg",450,450,false],"woocommerce_gallery_thumbnail":["https:\/\/la-tuile.ch\/wp-content\/uploads\/2022\/06\/fri_vagabonds-100x100.jpg",100,100,true]},"uagb_author_info":{"display_name":"LA TUILE","author_link":"https:\/\/la-tuile.ch\/de\/author\/"},"uagb_comment_info":0,"uagb_excerpt":"Aufnahme und Unterdr\u00fcckung im laufe der Jahrhunderte Text : Charly Veuthey Fotos : Martine Wolhauser Farb-Illustrationen | 160 Seiten","_links":{"self":[{"href":"https:\/\/la-tuile.ch\/de\/wp-json\/wp\/v2\/product\/8538","targetHints":{"allow":["GET"]}}],"collection":[{"href":"https:\/\/la-tuile.ch\/de\/wp-json\/wp\/v2\/product"}],"about":[{"href":"https:\/\/la-tuile.ch\/de\/wp-json\/wp\/v2\/types\/product"}],"wp:featuredmedia":[{"embeddable":true,"href":"https:\/\/la-tuile.ch\/de\/wp-json\/wp\/v2\/media\/4580"}],"wp:attachment":[{"href":"https:\/\/la-tuile.ch\/de\/wp-json\/wp\/v2\/media?parent=8538"}],"wp:term":[{"taxonomy":"product_brand","embeddable":true,"href":"https:\/\/la-tuile.ch\/de\/wp-json\/wp\/v2\/product_brand?post=8538"},{"taxonomy":"product_cat","embeddable":true,"href":"https:\/\/la-tuile.ch\/de\/wp-json\/wp\/v2\/product_cat?post=8538"},{"taxonomy":"product_tag","embeddable":true,"href":"https:\/\/la-tuile.ch\/de\/wp-json\/wp\/v2\/product_tag?post=8538"}],"curies":[{"name":"wp","href":"https:\/\/api.w.org\/{rel}","templated":true}]}}