{"id":8540,"date":"2015-09-13T21:57:23","date_gmt":"2022-10-05T08:39:24","guid":{"rendered":"https:\/\/la-tuile.ch\/product\/die-nacht-des-baeren\/"},"modified":"2022-10-05T10:39:24","modified_gmt":"2022-10-05T08:39:24","slug":"die-nacht-des-baeren","status":"publish","type":"product","link":"https:\/\/la-tuile.ch\/de\/produkt\/die-nacht-des-baeren\/","title":{"rendered":"Die Nacht des B\u00e4ren"},"content":{"rendered":"<p>Im Rahmen ihres 20<sup>j\u00e4hrigen<\/sup> Bestehens hat sich La Tuile mit den Freiburger Filmemachern Sam und Fred Guillaume zusammengetan, um eine originelle Arbeit \u00fcber das Thema der sozialen Ausgrenzung zu realisieren.<\/p>\n<p>Die Nutzer einer Notaufnahme haben nicht die Identit\u00e4t, die ihnen zugeschrieben wird, und der Alltag einer solchen Einrichtung besteht kaum nur aus den Aufgaben eines Gastgebers. Tats\u00e4chlich sind die tats\u00e4chlichen Umrisse der heute im Kanton Freiburg erlebten sozialen Ausgrenzung kaum bekannt.<\/p>\n<p>Unser st\u00e4ndiges Bestreben, an der Aufkl\u00e4rung und Sensibilisierung zu arbeiten, hat uns motiviert, an diesem Abenteuer teilzunehmen, das ein zeitloses und universelles Werk pr\u00e4sentieren will. Parallel zu diesem k\u00fcnstlerischen Beitrag wurde von einem Team von P\u00e4dagogen aus Freiburger Schulen (HEdS &#8211; HEF-TS &#8211; HEP &#8211; ESSG) eine p\u00e4dagogische Arbeit unternommen, damit diese Themen in ihren jeweiligen Schulen behandelt werden konnten.<\/p>\n","protected":false},"excerpt":{"rendered":"<h3>Der Film<\/h3>\n<p>Die DVD ist zum Preis von 10 CHF (ohne Versandkosten) erh\u00e4ltlich, wovon 5 CHF vollst\u00e4ndig an La Tuile gehen. Durch Ihren Kauf einer DVD schenken Sie indirekt einem Nutzer zwei \u00dcbernachtungen in La Tuile. Inhalt: 1 DVD mit Bonusmaterial (Vo franz\u00f6sisch, ST deutsch \/ englisch)<\/p>\n","protected":false},"featured_media":4567,"template":"","meta":{"_uag_custom_page_level_css":""},"product_brand":[],"product_cat":[182],"product_tag":[],"class_list":{"0":"post-8540","1":"product","2":"type-product","3":"status-publish","4":"has-post-thumbnail","6":"product_cat-dvd-de","8":"first","9":"instock","10":"shipping-taxable","11":"purchasable","12":"product-type-simple"},"uagb_featured_image_src":{"full":["https:\/\/la-tuile.ch\/wp-content\/uploads\/2022\/06\/ours01.jpg",450,450,false],"thumbnail":["https:\/\/la-tuile.ch\/wp-content\/uploads\/2022\/06\/ours01-150x150.jpg",150,150,true],"medium":["https:\/\/la-tuile.ch\/wp-content\/uploads\/2022\/06\/ours01-300x300.jpg",300,300,true],"medium_large":["https:\/\/la-tuile.ch\/wp-content\/uploads\/2022\/06\/ours01.jpg",450,450,false],"large":["https:\/\/la-tuile.ch\/wp-content\/uploads\/2022\/06\/ours01.jpg",450,450,false],"1536x1536":["https:\/\/la-tuile.ch\/wp-content\/uploads\/2022\/06\/ours01.jpg",450,450,false],"2048x2048":["https:\/\/la-tuile.ch\/wp-content\/uploads\/2022\/06\/ours01.jpg",450,450,false],"woocommerce_thumbnail":["https:\/\/la-tuile.ch\/wp-content\/uploads\/2022\/06\/ours01-300x300.jpg",300,300,true],"woocommerce_single":["https:\/\/la-tuile.ch\/wp-content\/uploads\/2022\/06\/ours01.jpg",450,450,false],"woocommerce_gallery_thumbnail":["https:\/\/la-tuile.ch\/wp-content\/uploads\/2022\/06\/ours01-100x100.jpg",100,100,true]},"uagb_author_info":{"display_name":"LA TUILE","author_link":"https:\/\/la-tuile.ch\/de\/author\/"},"uagb_comment_info":0,"uagb_excerpt":"Der Film Die DVD ist zum Preis von 10 CHF (ohne Versandkosten) erh\u00e4ltlich, wovon 5 CHF vollst\u00e4ndig an La Tuile gehen. Durch Ihren Kauf einer DVD schenken Sie indirekt einem Nutzer zwei \u00dcbernachtungen in La Tuile. Inhalt: 1 DVD mit Bonusmaterial (Vo franz\u00f6sisch, ST deutsch \/ englisch)","_links":{"self":[{"href":"https:\/\/la-tuile.ch\/de\/wp-json\/wp\/v2\/product\/8540","targetHints":{"allow":["GET"]}}],"collection":[{"href":"https:\/\/la-tuile.ch\/de\/wp-json\/wp\/v2\/product"}],"about":[{"href":"https:\/\/la-tuile.ch\/de\/wp-json\/wp\/v2\/types\/product"}],"wp:featuredmedia":[{"embeddable":true,"href":"https:\/\/la-tuile.ch\/de\/wp-json\/wp\/v2\/media\/4567"}],"wp:attachment":[{"href":"https:\/\/la-tuile.ch\/de\/wp-json\/wp\/v2\/media?parent=8540"}],"wp:term":[{"taxonomy":"product_brand","embeddable":true,"href":"https:\/\/la-tuile.ch\/de\/wp-json\/wp\/v2\/product_brand?post=8540"},{"taxonomy":"product_cat","embeddable":true,"href":"https:\/\/la-tuile.ch\/de\/wp-json\/wp\/v2\/product_cat?post=8540"},{"taxonomy":"product_tag","embeddable":true,"href":"https:\/\/la-tuile.ch\/de\/wp-json\/wp\/v2\/product_tag?post=8540"}],"curies":[{"name":"wp","href":"https:\/\/api.w.org\/{rel}","templated":true}]}}