{"id":8541,"date":"2015-09-13T08:56:08","date_gmt":"2022-10-05T08:42:31","guid":{"rendered":"https:\/\/la-tuile.ch\/product\/suppen-gesichter\/"},"modified":"2022-10-05T10:42:31","modified_gmt":"2022-10-05T08:42:31","slug":"gesichter","status":"publish","type":"product","link":"https:\/\/la-tuile.ch\/de\/produkt\/gesichter\/","title":{"rendered":"Suppen Gesichter"},"content":{"rendered":"<h3>Zehn Jahre Suppen<\/h3>\n<p>Seit neun Jahren richtet La Tuile jeden Winter auf dem Georges-Python-Platz zwei Wochen lang sein Suppenfestival ein.<\/p>\n<p>Freiwillige schm\u00fccken den Musikpavillon auf dem Platz, um ihn mitten im Winter in einen magischen Ort zu verwandeln. Dieses Jahr wird La Tuile zur zehnten Ausgabe der Veranstaltung ein sehr sch\u00f6nes Buch herausgeben.<br \/>\nJeden Abend, w\u00e4hrend dieser zwei Wochen des Teilens, trifft sich ganz Freiburg im Kiosk, um eine Suppe zu essen und menschliche W\u00e4rme zu spenden und zu empfangen. Musiker beleben die Abende. Menschen in Schwierigkeiten treffen Politiker, Jugendliche verbringen eine Zeit mit Rentnern, Familien kommen, um eine gute Zeit mit ihren Kindern zu verbringen&#8230; Das Suppenfestival schafft eine unverzichtbare soziale Verbindung im Herzen der Stadt.<br \/>\nDas Buch schildert dieses au\u00dfergew\u00f6hnliche Abenteuer mit einer F\u00fclle von Zeugenaussagen und Bildern. Er gibt all denjenigen Gesichter, die sich daf\u00fcr einsetzen, dass dieser Moment jedes Jahr unvergesslich wird.<\/p>\n","protected":false},"excerpt":{"rendered":"<p><strong>Eine Geschichte \u00fcber Freundschaft und Rezepte<\/strong><\/p>\n<p>Die ganze Geselligkeit des Suppenfestivals f\u00fcr zu Hause, exklusive Rezepte f\u00fcr Ihre kulinarischen Kreationen.<\/p>\n","protected":false},"featured_media":4560,"template":"","meta":{"_uag_custom_page_level_css":""},"product_brand":[],"product_cat":[179],"product_tag":[],"class_list":{"0":"post-8541","1":"product","2":"type-product","3":"status-publish","4":"has-post-thumbnail","6":"product_cat-bucher","8":"first","9":"instock","10":"shipping-taxable","11":"purchasable","12":"product-type-simple"},"uagb_featured_image_src":{"full":["https:\/\/la-tuile.ch\/wp-content\/uploads\/2022\/06\/visages00.jpg",450,450,false],"thumbnail":["https:\/\/la-tuile.ch\/wp-content\/uploads\/2022\/06\/visages00-150x150.jpg",150,150,true],"medium":["https:\/\/la-tuile.ch\/wp-content\/uploads\/2022\/06\/visages00-300x300.jpg",300,300,true],"medium_large":["https:\/\/la-tuile.ch\/wp-content\/uploads\/2022\/06\/visages00.jpg",450,450,false],"large":["https:\/\/la-tuile.ch\/wp-content\/uploads\/2022\/06\/visages00.jpg",450,450,false],"1536x1536":["https:\/\/la-tuile.ch\/wp-content\/uploads\/2022\/06\/visages00.jpg",450,450,false],"2048x2048":["https:\/\/la-tuile.ch\/wp-content\/uploads\/2022\/06\/visages00.jpg",450,450,false],"woocommerce_thumbnail":["https:\/\/la-tuile.ch\/wp-content\/uploads\/2022\/06\/visages00-300x300.jpg",300,300,true],"woocommerce_single":["https:\/\/la-tuile.ch\/wp-content\/uploads\/2022\/06\/visages00.jpg",450,450,false],"woocommerce_gallery_thumbnail":["https:\/\/la-tuile.ch\/wp-content\/uploads\/2022\/06\/visages00-100x100.jpg",100,100,true]},"uagb_author_info":{"display_name":"LA TUILE","author_link":"https:\/\/la-tuile.ch\/de\/author\/"},"uagb_comment_info":0,"uagb_excerpt":"Eine Geschichte \u00fcber Freundschaft und Rezepte Die ganze Geselligkeit des Suppenfestivals f\u00fcr zu Hause, exklusive Rezepte f\u00fcr Ihre kulinarischen Kreationen.","_links":{"self":[{"href":"https:\/\/la-tuile.ch\/de\/wp-json\/wp\/v2\/product\/8541","targetHints":{"allow":["GET"]}}],"collection":[{"href":"https:\/\/la-tuile.ch\/de\/wp-json\/wp\/v2\/product"}],"about":[{"href":"https:\/\/la-tuile.ch\/de\/wp-json\/wp\/v2\/types\/product"}],"wp:featuredmedia":[{"embeddable":true,"href":"https:\/\/la-tuile.ch\/de\/wp-json\/wp\/v2\/media\/4560"}],"wp:attachment":[{"href":"https:\/\/la-tuile.ch\/de\/wp-json\/wp\/v2\/media?parent=8541"}],"wp:term":[{"taxonomy":"product_brand","embeddable":true,"href":"https:\/\/la-tuile.ch\/de\/wp-json\/wp\/v2\/product_brand?post=8541"},{"taxonomy":"product_cat","embeddable":true,"href":"https:\/\/la-tuile.ch\/de\/wp-json\/wp\/v2\/product_cat?post=8541"},{"taxonomy":"product_tag","embeddable":true,"href":"https:\/\/la-tuile.ch\/de\/wp-json\/wp\/v2\/product_tag?post=8541"}],"curies":[{"name":"wp","href":"https:\/\/api.w.org\/{rel}","templated":true}]}}